{"id":20464,"date":"2017-03-30T10:39:37","date_gmt":"2017-03-30T08:39:37","guid":{"rendered":"http:\/\/www.simplysteelform.com\/?page_id=20464\/"},"modified":"2018-02-12T12:55:03","modified_gmt":"2018-02-12T11:55:03","slug":"20464-2","status":"publish","type":"page","link":"https:\/\/steelform.com\/de\/20464-2\/","title":{"rendered":"KONTAKT"},"content":{"rendered":"\t<div class=\"box has-hover   has-hover box-shadow-2 box-overlay dark box-text-middle\" >\n\n\t\t<div class=\"box-image\" >\n\t\t\t\t\t\t<div class=\"\" >\n\t\t\t\t<img loading=\"lazy\" decoding=\"async\" width=\"2000\" height=\"800\" src=\"https:\/\/steelform.com\/wp-content\/uploads\/2017\/03\/handmade.jpg\" class=\"attachment- size-\" alt=\"\" srcset=\"https:\/\/steelform.com\/wp-content\/uploads\/2017\/03\/handmade.jpg 2000w, https:\/\/steelform.com\/wp-content\/uploads\/2017\/03\/handmade-247x99.jpg 247w, https:\/\/steelform.com\/wp-content\/uploads\/2017\/03\/handmade-510x204.jpg 510w\" sizes=\"(max-width: 2000px) 100vw, 2000px\" \/>\t\t\t\t<div class=\"overlay\" style=\"background-color:1\"><\/div>\t\t\t\t\t\t\t<\/div>\n\t\t\t\t\t<\/div>\n\n\t\t<div class=\"box-text text-center\" >\n\t\t\t<div class=\"box-text-inner\">\n\t\t\t\t\n<h2><span style=\"color: #ed1c24;\">Wie k\u00f6nnen wir Ihnen Helfen?<\/span><\/h2>\n<p><span style=\"color: #000000;\">Am liebsten w\u00fcrden wir nat\u00fcrlich alles mit Ihnen pers\u00f6nlich bei einem Espresso besprechen und alle Fragen in Ruhe beantworten.<\/span><\/p>\n<p><span style=\"color: #000000;\">Leider geht das nicht so leicht\u00a0und deshalb haben wir auf diesen und vielen anderen Seiten eine Reihe von Informationen zusammengestellt, die Ihr Einkaufserlebnis bei uns so einfach wie m\u00f6glich machen sollen.<\/span><\/p>\n\t\t\t<\/div>\n\t\t<\/div>\n\t<\/div>\n\t\n\t<div id=\"gap-695042085\" class=\"gap-element clearfix\" style=\"display:block; height:auto;\">\n\t\t\n<style>\n#gap-695042085 {\n  padding-top: 30px;\n}\n<\/style>\n\t<\/div>\n\t\n<div class=\"row\"  id=\"row-1415789773\">\n\n\t<div id=\"col-226503815\" class=\"col medium-6 large-6\"  >\n\t\t<div class=\"col-inner\"  >\n\t\t\t\n\t\t\t\n<div class=\"container section-title-container\" ><h3 class=\"section-title section-title-bold-center\"><b><\/b><span class=\"section-title-main\" >Ist Ihre Antwort dabei?<\/span><b><\/b><\/h3><\/div>\n<p><span style=\"font-size: 120%;\">Das sind die am h\u00e4ufigsten gestellten Fragen:<\/span><\/p>\n<div class=\"accordion\" rel=\"\">\n<div class=\"accordion-item\"><a href=\"#\" class=\"accordion-title plain\"><button class=\"toggle\"><i class=\"icon-angle-down\"><\/i><\/button><span>Wie hoch sind die Frachtkosten?<\/span><\/a><div class=\"accordion-inner\">\n<p>Die <strong>Lieferung<\/strong> innerhalb des deutschen Sprachraums ist <strong>kostenlos<\/strong>!<\/p>\n<p>\u00a0<\/p>\n<\/div><\/div>\n<div class=\"accordion-item\"><a href=\"#\" class=\"accordion-title plain\"><button class=\"toggle\"><i class=\"icon-angle-down\"><\/i><\/button><span>Welche Zahlungsmethoden bieten Sie an?<\/span><\/a><div class=\"accordion-inner\">\n<p>Bitte bezahlen Sie mit Ihrer Kreditkarte.\u00a0<\/p>\n<p>Sollten Sie wirklich keine besitzen, k\u00f6nnen Sie auch per Vorkasse auf\u00a0unser Bankkonto \u00fcberweisen.<\/p>\n<p>Die Bankverbindung geben wir Ihnen nach Annahme\u00a0Ihrer Bestellung bekannt.<\/p>\n<\/div><\/div>\n<div class=\"accordion-item\"><a href=\"#\" class=\"accordion-title plain\"><button class=\"toggle\"><i class=\"icon-angle-down\"><\/i><\/button><span>Wie sicher sind meine Daten?<\/span><\/a><div class=\"accordion-inner\">\n<p>Die \u00dcbertragung s\u00e4mtlicher Daten zwischen Ihnen und unserer Website erfolgt SSL-verschl\u00fcsselt. Sogar diese Seite wird Ihnen \u00fcber eine sichere Verbindung angezeigt.<\/p>\n<p>Wir werden Ihre\u00a0Daten niemals an Dritte weitergeben, ausgenommen an die Spedition zum Zwecke der Zustellung.<\/p>\n<p>Zahlungsdaten werden von uns nicht gespeichert.<\/p>\n<\/div><\/div>\n<div class=\"accordion-item\"><a href=\"#\" class=\"accordion-title plain\"><button class=\"toggle\"><i class=\"icon-angle-down\"><\/i><\/button><span>Wie lange ist die Lieferzeit?<\/span><\/a><div class=\"accordion-inner\">\n<p>Unsere M\u00f6bel werden f\u00fcr Sie auf Bestellung gefertigt. Das nimmt\u00a0etwa <strong>drei Wochen<\/strong> in Anspruch.\u00a0<\/p>\n<p>Dann wird die Ware einer Spedition zur Auslieferung \u00fcbergeben, was <strong>eine weitere Woche<\/strong> dauert.<\/p>\n<p>Rechnen Sie also mit einem Monat, doch das Warten lohnt sich!<\/p>\n<\/div><\/div>\n<div class=\"accordion-item\"><a href=\"#\" class=\"accordion-title plain\"><button class=\"toggle\"><i class=\"icon-angle-down\"><\/i><\/button><span>Was genau passiert, wenn ich bestelle?<\/span><\/a><div class=\"accordion-inner\">\n<p>Zuerst werden wir pr\u00fcfen, ob wir Ihre Bestellung annehmen k\u00f6nnen. Unterschiedliche Rechtslagen erlauben es uns nicht, jeden Artikel \u00fcberallhin zu liefern. Falls dies der Fall ist, werden wir Sie umgehend informieren.<\/p>\n<p>Anschlie\u00dfend\u00a0werden wir Ihre Kreditkarte mit dem Kaufpreis belasten, oder den Eingang Ihrer \u00dcberweisung abwarten. (Allein deswegen empfiehlt sich die Kartenzahlung!)<\/p>\n<p>Anschlie\u00dfend geben wir den Auftrag an die Fertigung weiter und erwarten die\u00a0Fertigstellung Ihrer M\u00f6bel.\u00a0<\/p>\n<p>Sind diese lieferbereit, werden Sie einer Spedition zur Lieferung an Sie \u00fcbergeben.<\/p>\n<\/div><\/div>\n<div class=\"accordion-item\"><a href=\"#\" class=\"accordion-title plain\"><button class=\"toggle\"><i class=\"icon-angle-down\"><\/i><\/button><span>Ich habe eine Firma, kann ich ohne MwSt. einkaufen?<\/span><\/a><div class=\"accordion-inner\">\n<p>Selbstverst\u00e4ndlich!<\/p>\n<p>Wenn Sie \u00fcber eine g\u00fcltige EU-Umsatzsteueridentifikationsnummer verf\u00fcgen, teilen Sie uns diese bitte mit.<\/p>\n<p>Nach\u00a0erfolgreicher \u00dcberpr\u00fcfung im VIES-System, ziehen wir 19% vom Kaufpreis ab.<\/p>\n<\/div><\/div>\n<\/div>\n\t\t<\/div>\n\t\t\t<\/div>\n\n\t\n\n\t<div id=\"col-602553863\" class=\"col medium-6 large-6\"  >\n\t\t<div class=\"col-inner\"  >\n\t\t\t\n\t\t\t\n<div class=\"container section-title-container\" ><h3 class=\"section-title section-title-bold-center\"><b><\/b><span class=\"section-title-main\" >Schreiben Sie uns<\/span><b><\/b><\/h3><\/div>\n\n<div class=\"wpcf7 no-js\" id=\"wpcf7-f21851-o1\" lang=\"de-DE\" dir=\"ltr\">\n<div class=\"screen-reader-response\"><p role=\"status\" aria-live=\"polite\" aria-atomic=\"true\"><\/p> <ul><\/ul><\/div>\n<form action=\"\/de\/wp-json\/wp\/v2\/pages\/20464#wpcf7-f21851-o1\" method=\"post\" class=\"wpcf7-form init\" aria-label=\"Kontaktformular\" novalidate=\"novalidate\" data-status=\"init\">\n<div style=\"display: none;\">\n<input type=\"hidden\" name=\"_wpcf7\" value=\"21851\" \/>\n<input type=\"hidden\" name=\"_wpcf7_version\" value=\"5.9.8\" \/>\n<input type=\"hidden\" name=\"_wpcf7_locale\" value=\"de_DE\" \/>\n<input type=\"hidden\" name=\"_wpcf7_unit_tag\" value=\"wpcf7-f21851-o1\" \/>\n<input type=\"hidden\" name=\"_wpcf7_container_post\" value=\"0\" \/>\n<input type=\"hidden\" name=\"_wpcf7_posted_data_hash\" value=\"\" \/>\n<\/div>\n<p><label> Name (Pflichtfeld)<br \/>\n<span class=\"wpcf7-form-control-wrap\" data-name=\"your-name\"><input size=\"40\" maxlength=\"400\" class=\"wpcf7-form-control wpcf7-text wpcf7-validates-as-required\" aria-required=\"true\" aria-invalid=\"false\" value=\"\" type=\"text\" name=\"your-name\" \/><\/span> <\/label>\n<\/p>\n<p><label> Email (Pflichtfeld)<br \/>\n<span class=\"wpcf7-form-control-wrap\" data-name=\"your-email\"><input size=\"40\" maxlength=\"400\" class=\"wpcf7-form-control wpcf7-email wpcf7-validates-as-required wpcf7-text wpcf7-validates-as-email\" aria-required=\"true\" aria-invalid=\"false\" value=\"\" type=\"email\" name=\"your-email\" \/><\/span> <\/label>\n<\/p>\n<p><label> Betreff<br \/>\n<span class=\"wpcf7-form-control-wrap\" data-name=\"your-subject\"><input size=\"40\" maxlength=\"400\" class=\"wpcf7-form-control wpcf7-text\" aria-invalid=\"false\" value=\"\" type=\"text\" name=\"your-subject\" \/><\/span> <\/label>\n<\/p>\n<p><label> Ihre Nachricht an uns<br \/>\n<span class=\"wpcf7-form-control-wrap\" data-name=\"your-message\"><textarea cols=\"40\" rows=\"10\" maxlength=\"2000\" class=\"wpcf7-form-control wpcf7-textarea\" aria-invalid=\"false\" name=\"your-message\"><\/textarea><\/span> <\/label>\n<\/p>\n<p><input class=\"wpcf7-form-control wpcf7-submit has-spinner\" type=\"submit\" value=\"Senden\" \/>\n<\/p>\n<p><span class=\"wpcf7-form-control-wrap\" data-name=\"quiz-376\"><label><span class=\"wpcf7-quiz-label\">5 + 5 = ?<\/span> <input size=\"40\" class=\"wpcf7-form-control wpcf7-quiz\" autocomplete=\"off\" aria-required=\"true\" aria-invalid=\"false\" type=\"text\" name=\"quiz-376\" \/><\/label><input type=\"hidden\" name=\"_wpcf7_quiz_answer_quiz-376\" value=\"b023fb01eef92eb0562558fc6b99da11\" \/><\/span>\n<\/p><div class=\"wpcf7-response-output\" aria-hidden=\"true\"><\/div>\n<\/form>\n<\/div>\n\n<div class=\"container section-title-container\" ><h3 class=\"section-title section-title-bold-center\"><b><\/b><span class=\"section-title-main\" >Rufen Sie uns an:<\/span><b><\/b><\/h3><\/div>\n<h3 style=\"text-align: center;\">Hotline:<\/h3>\n<p>Bitte schicken Sie uns ein e-mail mit Ihrer Rufnummer und der Zeit, zu der Sie am besten zu erreichen sind. Wir rufen Sie zur\u00fcck!<\/p>\n<p>Aus Kostengr\u00fcnden k\u00f6nnen wir leider keine Anrufe mehr in vier Sprachen entgegennehmen.<\/p>\n\t\t<\/div>\n\t\t\t<\/div>\n\n\t\n<\/div>\n","protected":false},"excerpt":{"rendered":"","protected":false},"author":2,"featured_media":0,"parent":0,"menu_order":0,"comment_status":"closed","ping_status":"closed","template":"","meta":{"qubely_global_settings":"","qubely_interactions":"","footnotes":""},"class_list":["post-20464","page","type-page","status-publish","hentry"],"yoast_head":"<!-- This site is optimized with the Yoast SEO plugin v23.4 - https:\/\/yoast.com\/wordpress\/plugins\/seo\/ -->\n<title>KONTAKT - steelform | the best reproductions of modern classic desgner furniture<\/title>\n<meta name=\"robots\" content=\"index, follow, max-snippet:-1, max-image-preview:large, max-video-preview:-1\" \/>\n<link rel=\"canonical\" href=\"https:\/\/steelform.com\/de\/20464-2\/\" \/>\n<meta property=\"og:locale\" content=\"de_DE\" \/>\n<meta property=\"og:type\" content=\"article\" \/>\n<meta property=\"og:title\" content=\"KONTAKT - steelform | the best reproductions of modern classic desgner furniture\" \/>\n<meta property=\"og:url\" content=\"https:\/\/steelform.com\/de\/20464-2\/\" \/>\n<meta property=\"og:site_name\" content=\"steelform | the best reproductions of modern classic desgner furniture\" \/>\n<meta property=\"article:modified_time\" content=\"2018-02-12T11:55:03+00:00\" \/>\n<meta property=\"og:image\" content=\"https:\/\/steelform.com\/wp-content\/uploads\/2017\/04\/lounge-ottoman-brown.jpg\" \/>\n\t<meta property=\"og:image:width\" content=\"1500\" \/>\n\t<meta property=\"og:image:height\" content=\"1500\" \/>\n\t<meta property=\"og:image:type\" content=\"image\/jpeg\" \/>\n<meta name=\"twitter:card\" content=\"summary_large_image\" \/>\n<meta name=\"twitter:label1\" content=\"Gesch\u00e4tzte Lesezeit\" \/>\n\t<meta name=\"twitter:data1\" content=\"2\u00a0Minuten\" \/>\n<script type=\"application\/ld+json\" class=\"yoast-schema-graph\">{\"@context\":\"https:\/\/schema.org\",\"@graph\":[{\"@type\":\"WebPage\",\"@id\":\"https:\/\/steelform.com\/de\/20464-2\/\",\"url\":\"https:\/\/steelform.com\/de\/20464-2\/\",\"name\":\"KONTAKT - steelform | the best reproductions of modern classic desgner furniture\",\"isPartOf\":{\"@id\":\"https:\/\/steelform.com\/fr\/#website\"},\"datePublished\":\"2017-03-30T08:39:37+00:00\",\"dateModified\":\"2018-02-12T11:55:03+00:00\",\"breadcrumb\":{\"@id\":\"https:\/\/steelform.com\/de\/20464-2\/#breadcrumb\"},\"inLanguage\":\"de\",\"potentialAction\":[{\"@type\":\"ReadAction\",\"target\":[\"https:\/\/steelform.com\/de\/20464-2\/\"]}]},{\"@type\":\"BreadcrumbList\",\"@id\":\"https:\/\/steelform.com\/de\/20464-2\/#breadcrumb\",\"itemListElement\":[{\"@type\":\"ListItem\",\"position\":1,\"name\":\"Home\",\"item\":\"https:\/\/steelform.com\/de\/\"},{\"@type\":\"ListItem\",\"position\":2,\"name\":\"KONTAKT\"}]},{\"@type\":\"WebSite\",\"@id\":\"https:\/\/steelform.com\/fr\/#website\",\"url\":\"https:\/\/steelform.com\/fr\/\",\"name\":\"steelform | the best reproductions of modern classic desgner furniture\",\"description\":\"true to original premium quality reproduction from Italy.\",\"publisher\":{\"@id\":\"https:\/\/steelform.com\/fr\/#organization\"},\"potentialAction\":[{\"@type\":\"SearchAction\",\"target\":{\"@type\":\"EntryPoint\",\"urlTemplate\":\"https:\/\/steelform.com\/fr\/?s={search_term_string}\"},\"query-input\":{\"@type\":\"PropertyValueSpecification\",\"valueRequired\":true,\"valueName\":\"search_term_string\"}}],\"inLanguage\":\"de\"},{\"@type\":\"Organization\",\"@id\":\"https:\/\/steelform.com\/fr\/#organization\",\"name\":\"steelform.com\",\"url\":\"https:\/\/steelform.com\/fr\/\",\"logo\":{\"@type\":\"ImageObject\",\"inLanguage\":\"de\",\"@id\":\"https:\/\/steelform.com\/fr\/#\/schema\/logo\/image\/\",\"url\":\"https:\/\/steelform.com\/wp-content\/uploads\/revslider\/corbusier-lc21-de\/steelform-logo-large-1.jpg\",\"contentUrl\":\"https:\/\/steelform.com\/wp-content\/uploads\/revslider\/corbusier-lc21-de\/steelform-logo-large-1.jpg\",\"width\":588,\"height\":588,\"caption\":\"steelform.com\"},\"image\":{\"@id\":\"https:\/\/steelform.com\/fr\/#\/schema\/logo\/image\/\"}}]}<\/script>\n<!-- \/ Yoast SEO plugin. -->","yoast_head_json":{"title":"KONTAKT - steelform | the best reproductions of modern classic desgner furniture","robots":{"index":"index","follow":"follow","max-snippet":"max-snippet:-1","max-image-preview":"max-image-preview:large","max-video-preview":"max-video-preview:-1"},"canonical":"https:\/\/steelform.com\/de\/20464-2\/","og_locale":"de_DE","og_type":"article","og_title":"KONTAKT - steelform | the best reproductions of modern classic desgner furniture","og_url":"https:\/\/steelform.com\/de\/20464-2\/","og_site_name":"steelform | the best reproductions of modern classic desgner furniture","article_modified_time":"2018-02-12T11:55:03+00:00","og_image":[{"width":1500,"height":1500,"url":"https:\/\/steelform.com\/wp-content\/uploads\/2017\/04\/lounge-ottoman-brown.jpg","type":"image\/jpeg"}],"twitter_card":"summary_large_image","twitter_misc":{"Gesch\u00e4tzte Lesezeit":"2\u00a0Minuten"},"schema":{"@context":"https:\/\/schema.org","@graph":[{"@type":"WebPage","@id":"https:\/\/steelform.com\/de\/20464-2\/","url":"https:\/\/steelform.com\/de\/20464-2\/","name":"KONTAKT - steelform | the best reproductions of modern classic desgner furniture","isPartOf":{"@id":"https:\/\/steelform.com\/fr\/#website"},"datePublished":"2017-03-30T08:39:37+00:00","dateModified":"2018-02-12T11:55:03+00:00","breadcrumb":{"@id":"https:\/\/steelform.com\/de\/20464-2\/#breadcrumb"},"inLanguage":"de","potentialAction":[{"@type":"ReadAction","target":["https:\/\/steelform.com\/de\/20464-2\/"]}]},{"@type":"BreadcrumbList","@id":"https:\/\/steelform.com\/de\/20464-2\/#breadcrumb","itemListElement":[{"@type":"ListItem","position":1,"name":"Home","item":"https:\/\/steelform.com\/de\/"},{"@type":"ListItem","position":2,"name":"KONTAKT"}]},{"@type":"WebSite","@id":"https:\/\/steelform.com\/fr\/#website","url":"https:\/\/steelform.com\/fr\/","name":"steelform | the best reproductions of modern classic desgner furniture","description":"true to original premium quality reproduction from Italy.","publisher":{"@id":"https:\/\/steelform.com\/fr\/#organization"},"potentialAction":[{"@type":"SearchAction","target":{"@type":"EntryPoint","urlTemplate":"https:\/\/steelform.com\/fr\/?s={search_term_string}"},"query-input":{"@type":"PropertyValueSpecification","valueRequired":true,"valueName":"search_term_string"}}],"inLanguage":"de"},{"@type":"Organization","@id":"https:\/\/steelform.com\/fr\/#organization","name":"steelform.com","url":"https:\/\/steelform.com\/fr\/","logo":{"@type":"ImageObject","inLanguage":"de","@id":"https:\/\/steelform.com\/fr\/#\/schema\/logo\/image\/","url":"https:\/\/steelform.com\/wp-content\/uploads\/revslider\/corbusier-lc21-de\/steelform-logo-large-1.jpg","contentUrl":"https:\/\/steelform.com\/wp-content\/uploads\/revslider\/corbusier-lc21-de\/steelform-logo-large-1.jpg","width":588,"height":588,"caption":"steelform.com"},"image":{"@id":"https:\/\/steelform.com\/fr\/#\/schema\/logo\/image\/"}}]}},"_links":{"self":[{"href":"https:\/\/steelform.com\/de\/wp-json\/wp\/v2\/pages\/20464"}],"collection":[{"href":"https:\/\/steelform.com\/de\/wp-json\/wp\/v2\/pages"}],"about":[{"href":"https:\/\/steelform.com\/de\/wp-json\/wp\/v2\/types\/page"}],"author":[{"embeddable":true,"href":"https:\/\/steelform.com\/de\/wp-json\/wp\/v2\/users\/2"}],"replies":[{"embeddable":true,"href":"https:\/\/steelform.com\/de\/wp-json\/wp\/v2\/comments?post=20464"}],"version-history":[{"count":13,"href":"https:\/\/steelform.com\/de\/wp-json\/wp\/v2\/pages\/20464\/revisions"}],"predecessor-version":[{"id":24279,"href":"https:\/\/steelform.com\/de\/wp-json\/wp\/v2\/pages\/20464\/revisions\/24279"}],"wp:attachment":[{"href":"https:\/\/steelform.com\/de\/wp-json\/wp\/v2\/media?parent=20464"}],"curies":[{"name":"wp","href":"https:\/\/api.w.org\/{rel}","templated":true}]}}