{"id":21234,"date":"2017-04-02T17:30:11","date_gmt":"2017-04-02T15:30:11","guid":{"rendered":"http:\/\/www.simplysteelform.com\/?page_id=21234\/"},"modified":"2017-04-11T10:52:38","modified_gmt":"2017-04-11T08:52:38","slug":"materialien","status":"publish","type":"page","link":"https:\/\/steelform.com\/de\/materialien\/","title":{"rendered":"Materialien"},"content":{"rendered":"  <div id=\"page-header-1109858846\" class=\"page-header-wrapper\">\n  <div class=\"page-title light divided-title\">\n\n    \n    <div class=\"page-title-inner container align-center flex-row medium-flex-wrap\" >\n              <div class=\"title-wrapper is-large flex-col text-left medium-text-center\">\n          <h1 class=\"entry-title mb-0\">\n            Die Materialien          <\/h1>\n        <\/div>\n                    <div class=\"title-content flex-col flex-right text-right medium-text-center\">\n        <div class=\"title-breadcrumbs pb-half pt-half\"><nav class=\"woocommerce-breadcrumb breadcrumbs uppercase\">Startseite<\/nav><\/div>      <\/div>\n    <\/div>\n\n     \n<style>\n#page-header-1109858846 {\n  margin-bottom: 10px;\n}\n<\/style>\n  <\/div>\n  <div class=\"container header-wrapper-divider\"><hr\/><\/div>  <\/div>\n  \n\t<div id=\"gap-585484770\" class=\"gap-element clearfix\" style=\"display:block; height:auto;\">\n\t\t\n<style>\n#gap-585484770 {\n  padding-top: 30px;\n}\n<\/style>\n\t<\/div>\n\t\n<div class=\"row\"  id=\"row-1527385838\">\n\n\t<div id=\"col-55769774\" class=\"col medium-6 small-12 large-6\"  >\n\t\t<div class=\"col-inner\"  >\n\t\t\t\n\t\t\t\n\t<div class=\"img has-hover x md-x lg-x y md-y lg-y\" id=\"image_717313464\">\n\t\t\t\t\t\t\t\t<div class=\"img-inner dark\" >\n\t\t\t<img loading=\"lazy\" decoding=\"async\" width=\"1000\" height=\"800\" src=\"https:\/\/steelform.com\/wp-content\/uploads\/2017\/03\/cold-steel-tube.jpg\" class=\"attachment-large size-large\" alt=\"Steel tube\" srcset=\"https:\/\/steelform.com\/wp-content\/uploads\/2017\/03\/cold-steel-tube.jpg 1000w, https:\/\/steelform.com\/wp-content\/uploads\/2017\/03\/cold-steel-tube-510x408.jpg 510w, https:\/\/steelform.com\/wp-content\/uploads\/2017\/03\/cold-steel-tube-300x240.jpg 300w, https:\/\/steelform.com\/wp-content\/uploads\/2017\/03\/cold-steel-tube-768x614.jpg 768w, https:\/\/steelform.com\/wp-content\/uploads\/2017\/03\/cold-steel-tube-247x198.jpg 247w\" sizes=\"(max-width: 1000px) 100vw, 1000px\" \/>\t\t\t\t\t\t\n\t\t\t\t\t<\/div>\n\t\t\t\t\t\t\t\t\n<style>\n#image_717313464 {\n  width: 100%;\n}\n<\/style>\n\t<\/div>\n\t\n\t\t<\/div>\n\t\t\t<\/div>\n\n\t\n\n\t<div id=\"col-1784267348\" class=\"col medium-6 small-12 large-6\"  >\n\t\t<div class=\"col-inner\" style=\"max-width:520px;\" >\n\t\t\t\n\t\t\t\n<h2>Kalt gezogenes Stahlrohr<\/h2>\n<p>Die Architekten der Bauhauszeit entwarfen M\u00f6bel aus Stahlrohr mit 1 Zoll (2,51cm) Durchmesser, da dieses als Material f\u00fcr Gas-und Wasserleitungen preiswert verf\u00fcgbar war.<\/p>\n<p>Noch heute verwenden wir dieses nahtlos, kalt gezogene Rohr f\u00fcr viele unserer M\u00f6bel. Was wasser-und gasdicht ist, h\u00e4lt auch im Wohnzimmer.<\/p>\n\t\t<\/div>\n\t\t\n<style>\n#col-1784267348 > .col-inner {\n  padding: 5% 5% 5% 5%;\n}\n<\/style>\n\t<\/div>\n\n\t\n\n<style>\n#row-1527385838 > .col > .col-inner {\n  padding: 0px 0px 0px 0px;\n}\n<\/style>\n<\/div>\n\t<div id=\"gap-728287145\" class=\"gap-element clearfix\" style=\"display:block; height:auto;\">\n\t\t\n<style>\n#gap-728287145 {\n  padding-top: 30px;\n}\n<\/style>\n\t<\/div>\n\t\n<h2>Mogelpackung!<\/h2>\n<p>Chinesische Kopien werden aus Edelstahl gefertigt, welcher nach Gewicht bezahlt wird. Durch den Einsatz geringerer Materialst\u00e4rken l\u00e4sst sich sparen, ohne dass dies sichtbar w\u00e4re. M\u00f6bel aus diesem Material wirken\u00a0wacklig, verbiegen sich mit der Zeit und brechen auch zuweilen.<\/p>\n<div class=\"row row-full-width\"  id=\"row-108416431\">\n\n\t<div id=\"col-878719381\" class=\"col medium-6 small-12 large-6\"  >\n\t\t<div class=\"col-inner\" style=\"max-width:520px;\" >\n\t\t\t\n\t\t\t\n<h2>Dreisalz Verchromung<\/h2>\n<p>Nach sorgf\u00e4ltiger Entfettung und Vorbereitung erhalten unsere M\u00f6bel zwei Schichten Nickel und anschlie\u00dfend eine Chromauflage von 30 Mikron. Das ist ziemlich viel und daher auch teuer, doch daf\u00fcr h\u00e4lt es Jahrzehnte. Garantiert!<\/p>\n<p>Gut zu wissen, dass unser Galvanisierbetrieb alle verwendeten Chemikalien in einem geschlossenen System recycelt.<\/p>\n<p>So gelangen garantiert keine giftigen R\u00fcckst\u00e4nde in die Umwelt.<\/p>\n\t\t<\/div>\n\t\t\n<style>\n#col-878719381 > .col-inner {\n  padding: 5% 5% 5% 5%;\n}\n<\/style>\n\t<\/div>\n\n\t\n\n\t<div id=\"col-306090057\" class=\"col medium-6 small-12 large-6\"  >\n\t\t<div class=\"col-inner\"  >\n\t\t\t\n\t\t\t\n\t<div class=\"img has-hover x md-x lg-x y md-y lg-y\" id=\"image_2076798825\">\n\t\t\t\t\t\t\t\t<div class=\"img-inner dark\" >\n\t\t\t<img loading=\"lazy\" decoding=\"async\" width=\"1000\" height=\"800\" src=\"https:\/\/steelform.com\/wp-content\/uploads\/2017\/03\/chrome-plating.jpg\" class=\"attachment-large size-large\" alt=\"Chrome plating\" srcset=\"https:\/\/steelform.com\/wp-content\/uploads\/2017\/03\/chrome-plating.jpg 1000w, https:\/\/steelform.com\/wp-content\/uploads\/2017\/03\/chrome-plating-510x408.jpg 510w, https:\/\/steelform.com\/wp-content\/uploads\/2017\/03\/chrome-plating-300x240.jpg 300w, https:\/\/steelform.com\/wp-content\/uploads\/2017\/03\/chrome-plating-768x614.jpg 768w, https:\/\/steelform.com\/wp-content\/uploads\/2017\/03\/chrome-plating-247x198.jpg 247w\" sizes=\"(max-width: 1000px) 100vw, 1000px\" \/>\t\t\t\t\t\t\n\t\t\t\t\t<\/div>\n\t\t\t\t\t\t\t\t\n<style>\n#image_2076798825 {\n  width: 100%;\n}\n<\/style>\n\t<\/div>\n\t\n\t\t<\/div>\n\t\t\t<\/div>\n\n\t\n<\/div>\n\t<div id=\"gap-1367995855\" class=\"gap-element clearfix\" style=\"display:block; height:auto;\">\n\t\t\n<style>\n#gap-1367995855 {\n  padding-top: 30px;\n}\n<\/style>\n\t<\/div>\n\t\n<h2>Polierter Edelstahl oder verchromter Stahl?<\/h2>\n<p>Aufw\u00e4ndig polierter hochwertiger Edelstahl der G\u00fcteklasse 904L gl\u00e4nzt wie eine Verchromung. Dieses Material ist allerdings wirklich sehr teuer. Die Firma Rolex fertigt Ihre Armbanduhren daraus, f\u00fcr M\u00f6bel kommt es aus Preisgr\u00fcnden nicht in Frage.<\/p>\n<p>Sie werden daher bei Billigangeboten ausschlie\u00dflich mindere Stahlqualit\u00e4ten finden. Diese wirken von Beginn an leicht gelblich wirken und verf\u00e4rben sich im Laufe der Zeit weiter.<\/p>\n\t<div id=\"gap-1544896367\" class=\"gap-element clearfix\" style=\"display:block; height:auto;\">\n\t\t\n<style>\n#gap-1544896367 {\n  padding-top: 30px;\n}\n<\/style>\n\t<\/div>\n\t\n<div class=\"row row-full-width\"  id=\"row-1734625868\">\n\n\t<div id=\"col-1287089680\" class=\"col medium-6 small-12 large-6\"  >\n\t\t<div class=\"col-inner\"  >\n\t\t\t\n\t\t\t\n\t<div class=\"img has-hover x md-x lg-x y md-y lg-y\" id=\"image_2081670719\">\n\t\t\t\t\t\t\t\t<div class=\"img-inner dark\" >\n\t\t\t<img loading=\"lazy\" decoding=\"async\" width=\"1000\" height=\"800\" src=\"https:\/\/steelform.com\/wp-content\/uploads\/2017\/03\/lord-leather.jpg\" class=\"attachment-large size-large\" alt=\"\" srcset=\"https:\/\/steelform.com\/wp-content\/uploads\/2017\/03\/lord-leather.jpg 1000w, https:\/\/steelform.com\/wp-content\/uploads\/2017\/03\/lord-leather-510x408.jpg 510w, https:\/\/steelform.com\/wp-content\/uploads\/2017\/03\/lord-leather-300x240.jpg 300w, https:\/\/steelform.com\/wp-content\/uploads\/2017\/03\/lord-leather-768x614.jpg 768w, https:\/\/steelform.com\/wp-content\/uploads\/2017\/03\/lord-leather-247x198.jpg 247w\" sizes=\"(max-width: 1000px) 100vw, 1000px\" \/>\t\t\t\t\t\t\n\t\t\t\t\t<\/div>\n\t\t\t\t\t\t\t\t\n<style>\n#image_2081670719 {\n  width: 100%;\n}\n<\/style>\n\t<\/div>\n\t\n\t\t<\/div>\n\t\t\t<\/div>\n\n\t\n\n\t<div id=\"col-590113981\" class=\"col medium-6 small-12 large-6\"  >\n\t\t<div class=\"col-inner\" style=\"max-width:520px;\" >\n\t\t\t\n\t\t\t\n<h2>Herrlich weiches\u00a0Anilinleder<\/h2>\n<p>Das von uns verwendete Leder zeichnet sich durch seidenweichen Griff und nat\u00fcrliche Narbung aus.<\/p>\n<p>Es wird von der renommierten Gerberei DANI Leather aus den Rohh\u00e4uten von Rindern europ\u00e4ischer Herkunft gewonnen.<\/p>\n<p>Lord-Lederist mit Chrom gegerbt und wird im Bottich mit Anilinfarben durchgef\u00e4rbt (Fassgerbung). Die St\u00e4rke wird mit 1,3 bis 1,5mm angegeben.<\/p>\n\t\t<\/div>\n\t\t\n<style>\n#col-590113981 > .col-inner {\n  padding: 5% 5% 5% 5%;\n}\n<\/style>\n\t<\/div>\n\n\t\n<\/div>\n\t<div id=\"gap-1390515017\" class=\"gap-element clearfix\" style=\"display:block; height:auto;\">\n\t\t\n<style>\n#gap-1390515017 {\n  padding-top: 30px;\n}\n<\/style>\n\t<\/div>\n\t\n<h2>Leder ist nicht gleich Leder!<\/h2>\n<p>Kaum ein Material l\u00e4\u00dft derart viele M\u00f6glichkeiten, den Verbraucher zu t\u00e4uschen. Durch ausgekl\u00fcgelte Verfahren lassen sich k\u00fcnstliche Oberfl\u00e4chen schaffen, welche Qualit\u00e4t vort\u00e4uschen, mit dem Naturmaterial allerdings herzlich wenig zu tun haben und vor Allem nicht seine angenehmen Eigenschaften aufweisen.<\/p>\n<p>Auch hier verr\u00e4t der scheinbar g\u00fcnstige Preis, dass mit dem Angebot etwas nicht stimmt.<\/p>\n\t<div id=\"gap-1745997757\" class=\"gap-element clearfix\" style=\"display:block; height:auto;\">\n\t\t\n<style>\n#gap-1745997757 {\n  padding-top: 30px;\n}\n<\/style>\n\t<\/div>\n\t\n<div class=\"row row-full-width\"  id=\"row-1293537052\">\n\n\t<div id=\"col-1479716737\" class=\"col medium-6 small-12 large-6\"  >\n\t\t<div class=\"col-inner\" style=\"max-width:520px;\" >\n\t\t\t\n\t\t\t\n<h2>Nur echt ist recht!<\/h2>\n<p>Hochwertige Leder weisen die nat\u00fcrliche Narbung der Rinderhaut auf. Ihre Zeichnung ist unregelm\u00e4\u00dfig und unterschiedlich stark ausgepr\u00e4gt. Gut zu sehen im Bild rechts oben.<\/p>\n<p>Unten sehen Sie zum Vergleich ein stark korrigiertes, billiges Leder. Es kennzeichnet sich durch eine regelm\u00e4\u00dfige, weil k\u00fcnstlich aufgebrachte Narbung.<\/p>\n<p>Die angenehmen Eigenschaften des Naturmaterials hat es dadurch verloren.<\/p>\n\t\t<\/div>\n\t\t\n<style>\n#col-1479716737 > .col-inner {\n  padding: 5% 5% 5% 5%;\n}\n<\/style>\n\t<\/div>\n\n\t\n\n\t<div id=\"col-180891436\" class=\"col medium-6 small-12 large-6\"  >\n\t\t<div class=\"col-inner\"  >\n\t\t\t\n\t\t\t\n\t<div class=\"img has-hover x md-x lg-x y md-y lg-y\" id=\"image_1576669098\">\n\t\t\t\t\t\t\t\t<div class=\"img-inner dark\" >\n\t\t\t<img loading=\"lazy\" decoding=\"async\" width=\"1000\" height=\"804\" src=\"https:\/\/steelform.com\/wp-content\/uploads\/2017\/03\/semi-vs-aniline.jpg\" class=\"attachment-large size-large\" alt=\"Leather comparison\" srcset=\"https:\/\/steelform.com\/wp-content\/uploads\/2017\/03\/semi-vs-aniline.jpg 1000w, https:\/\/steelform.com\/wp-content\/uploads\/2017\/03\/semi-vs-aniline-510x410.jpg 510w, https:\/\/steelform.com\/wp-content\/uploads\/2017\/03\/semi-vs-aniline-300x241.jpg 300w, https:\/\/steelform.com\/wp-content\/uploads\/2017\/03\/semi-vs-aniline-768x617.jpg 768w, https:\/\/steelform.com\/wp-content\/uploads\/2017\/03\/semi-vs-aniline-247x199.jpg 247w\" sizes=\"(max-width: 1000px) 100vw, 1000px\" \/>\t\t\t\t\t\t\n\t\t\t\t\t<\/div>\n\t\t\t\t\t\t\t\t\n<style>\n#image_1576669098 {\n  width: 100%;\n}\n<\/style>\n\t<\/div>\n\t\n\t\t<\/div>\n\t\t\t<\/div>\n\n\t\n<\/div>\n\t<div id=\"gap-362572540\" class=\"gap-element clearfix\" style=\"display:block; height:auto;\">\n\t\t\n<style>\n#gap-362572540 {\n  padding-top: 30px;\n}\n<\/style>\n\t<\/div>\n\t\n<div class=\"row row-full-width\"  id=\"row-1285316864\">\n\n\t<div id=\"col-1336196505\" class=\"col medium-6 small-12 large-6\"  >\n\t\t<div class=\"col-inner\"  >\n\t\t\t\n\t\t\t\n\t<div class=\"img has-hover x md-x lg-x y md-y lg-y\" id=\"image_1328904090\">\n\t\t\t\t\t\t\t\t<div class=\"img-inner dark\" >\n\t\t\t<img loading=\"lazy\" decoding=\"async\" width=\"1000\" height=\"800\" src=\"https:\/\/steelform.com\/wp-content\/uploads\/2017\/03\/micro-view-leather.jpg\" class=\"attachment-large size-large\" alt=\"Microscopic view\" srcset=\"https:\/\/steelform.com\/wp-content\/uploads\/2017\/03\/micro-view-leather.jpg 1000w, https:\/\/steelform.com\/wp-content\/uploads\/2017\/03\/micro-view-leather-510x408.jpg 510w, https:\/\/steelform.com\/wp-content\/uploads\/2017\/03\/micro-view-leather-300x240.jpg 300w, https:\/\/steelform.com\/wp-content\/uploads\/2017\/03\/micro-view-leather-768x614.jpg 768w, https:\/\/steelform.com\/wp-content\/uploads\/2017\/03\/micro-view-leather-247x198.jpg 247w\" sizes=\"(max-width: 1000px) 100vw, 1000px\" \/>\t\t\t\t\t\t\n\t\t\t\t\t<\/div>\n\t\t\t\t\t\t\t\t\n<style>\n#image_1328904090 {\n  width: 100%;\n}\n<\/style>\n\t<\/div>\n\t\n\t\t<\/div>\n\t\t\t<\/div>\n\n\t\n\n\t<div id=\"col-1109367541\" class=\"col medium-6 small-12 large-6\"  >\n\t\t<div class=\"col-inner\" style=\"max-width:520px;\" >\n\t\t\t\n\t\t\t\n<h2>Genau betrachtet<\/h2>\n<p>Bei starker Vergr\u00f6\u00dferung wird der Unterschied noch deutlicher:<\/p>\n<p>Das nat\u00fcrliche genarbte Leder weist noch die Haarkan\u00e4le auf und ist dadurch atmungsaktiv, durchl\u00e4ssig f\u00fcr Luft und Feuchtigkeit.<\/p>\n<p>Beim korrigierten Leder ist die gesamte Oberfl\u00e4che mit einem k\u00fcnstlichen Auftrag zugedeckt. Es f\u00fchlt sich dadurch kalt an und ist beim Sitzen unangenehm wie Kunstleder.<\/p>\n\t\t<\/div>\n\t\t\n<style>\n#col-1109367541 > .col-inner {\n  padding: 5% 5% 5% 5%;\n}\n<\/style>\n\t<\/div>\n\n\t\n<\/div>\n\t<div id=\"gap-1511853157\" class=\"gap-element clearfix\" style=\"display:block; height:auto;\">\n\t\t\n<style>\n#gap-1511853157 {\n  padding-top: 30px;\n}\n<\/style>\n\t<\/div>\n\t\n","protected":false},"excerpt":{"rendered":"<p>Mogelpackung! Chinesische Kopien werden aus Edelstahl gefertigt, welcher nach Gewicht bezahlt wird. Durch den Einsatz geringerer Materialst\u00e4rken l\u00e4sst sich sparen, ohne dass dies sichtbar w\u00e4re. M\u00f6bel aus diesem Material wirken\u00a0wacklig, verbiegen sich mit der Zeit und brechen auch zuweilen. Polierter Edelstahl oder verchromter Stahl? Aufw\u00e4ndig polierter hochwertiger Edelstahl der G\u00fcteklasse 904L gl\u00e4nzt wie eine Verchromung. [&#8230;]\n","protected":false},"author":2,"featured_media":0,"parent":0,"menu_order":0,"comment_status":"closed","ping_status":"closed","template":"","meta":{"qubely_global_settings":"","qubely_interactions":"","footnotes":""},"class_list":["post-21234","page","type-page","status-publish","hentry"],"yoast_head":"<!-- This site is optimized with the Yoast SEO plugin v23.4 - https:\/\/yoast.com\/wordpress\/plugins\/seo\/ -->\n<title>Materialien - steelform | the best reproductions of modern classic desgner furniture<\/title>\n<meta name=\"robots\" content=\"index, follow, max-snippet:-1, max-image-preview:large, max-video-preview:-1\" \/>\n<link rel=\"canonical\" href=\"https:\/\/steelform.com\/de\/materialien\/\" \/>\n<meta property=\"og:locale\" content=\"de_DE\" \/>\n<meta property=\"og:type\" content=\"article\" \/>\n<meta property=\"og:title\" content=\"Materialien - steelform | the best reproductions of modern classic desgner furniture\" \/>\n<meta property=\"og:description\" content=\"Mogelpackung! Chinesische Kopien werden aus Edelstahl gefertigt, welcher nach Gewicht bezahlt wird. Durch den Einsatz geringerer Materialst\u00e4rken l\u00e4sst sich sparen, ohne dass dies sichtbar w\u00e4re. M\u00f6bel aus diesem Material wirken\u00a0wacklig, verbiegen sich mit der Zeit und brechen auch zuweilen. Polierter Edelstahl oder verchromter Stahl? Aufw\u00e4ndig polierter hochwertiger Edelstahl der G\u00fcteklasse 904L gl\u00e4nzt wie eine Verchromung. [...]\" \/>\n<meta property=\"og:url\" content=\"https:\/\/steelform.com\/de\/materialien\/\" \/>\n<meta property=\"og:site_name\" content=\"steelform | the best reproductions of modern classic desgner furniture\" \/>\n<meta property=\"article:modified_time\" content=\"2017-04-11T08:52:38+00:00\" \/>\n<meta property=\"og:image\" content=\"https:\/\/steelform.com\/wp-content\/uploads\/2017\/04\/lounge-ottoman-brown.jpg\" \/>\n\t<meta property=\"og:image:width\" content=\"1500\" \/>\n\t<meta property=\"og:image:height\" content=\"1500\" \/>\n\t<meta property=\"og:image:type\" content=\"image\/jpeg\" \/>\n<meta name=\"twitter:card\" content=\"summary_large_image\" \/>\n<meta name=\"twitter:label1\" content=\"Gesch\u00e4tzte Lesezeit\" \/>\n\t<meta name=\"twitter:data1\" content=\"3\u00a0Minuten\" \/>\n<script type=\"application\/ld+json\" class=\"yoast-schema-graph\">{\"@context\":\"https:\/\/schema.org\",\"@graph\":[{\"@type\":\"WebPage\",\"@id\":\"https:\/\/steelform.com\/de\/materialien\/\",\"url\":\"https:\/\/steelform.com\/de\/materialien\/\",\"name\":\"Materialien - steelform | the best reproductions of modern classic desgner furniture\",\"isPartOf\":{\"@id\":\"https:\/\/steelform.com\/fr\/#website\"},\"datePublished\":\"2017-04-02T15:30:11+00:00\",\"dateModified\":\"2017-04-11T08:52:38+00:00\",\"breadcrumb\":{\"@id\":\"https:\/\/steelform.com\/de\/materialien\/#breadcrumb\"},\"inLanguage\":\"de\",\"potentialAction\":[{\"@type\":\"ReadAction\",\"target\":[\"https:\/\/steelform.com\/de\/materialien\/\"]}]},{\"@type\":\"BreadcrumbList\",\"@id\":\"https:\/\/steelform.com\/de\/materialien\/#breadcrumb\",\"itemListElement\":[{\"@type\":\"ListItem\",\"position\":1,\"name\":\"Home\",\"item\":\"https:\/\/steelform.com\/de\/\"},{\"@type\":\"ListItem\",\"position\":2,\"name\":\"Materialien\"}]},{\"@type\":\"WebSite\",\"@id\":\"https:\/\/steelform.com\/fr\/#website\",\"url\":\"https:\/\/steelform.com\/fr\/\",\"name\":\"steelform | the best reproductions of modern classic desgner furniture\",\"description\":\"true to original premium quality reproduction from Italy.\",\"publisher\":{\"@id\":\"https:\/\/steelform.com\/fr\/#organization\"},\"potentialAction\":[{\"@type\":\"SearchAction\",\"target\":{\"@type\":\"EntryPoint\",\"urlTemplate\":\"https:\/\/steelform.com\/fr\/?s={search_term_string}\"},\"query-input\":{\"@type\":\"PropertyValueSpecification\",\"valueRequired\":true,\"valueName\":\"search_term_string\"}}],\"inLanguage\":\"de\"},{\"@type\":\"Organization\",\"@id\":\"https:\/\/steelform.com\/fr\/#organization\",\"name\":\"steelform.com\",\"url\":\"https:\/\/steelform.com\/fr\/\",\"logo\":{\"@type\":\"ImageObject\",\"inLanguage\":\"de\",\"@id\":\"https:\/\/steelform.com\/fr\/#\/schema\/logo\/image\/\",\"url\":\"https:\/\/steelform.com\/wp-content\/uploads\/revslider\/corbusier-lc21-de\/steelform-logo-large-1.jpg\",\"contentUrl\":\"https:\/\/steelform.com\/wp-content\/uploads\/revslider\/corbusier-lc21-de\/steelform-logo-large-1.jpg\",\"width\":588,\"height\":588,\"caption\":\"steelform.com\"},\"image\":{\"@id\":\"https:\/\/steelform.com\/fr\/#\/schema\/logo\/image\/\"}}]}<\/script>\n<!-- \/ Yoast SEO plugin. -->","yoast_head_json":{"title":"Materialien - steelform | the best reproductions of modern classic desgner furniture","robots":{"index":"index","follow":"follow","max-snippet":"max-snippet:-1","max-image-preview":"max-image-preview:large","max-video-preview":"max-video-preview:-1"},"canonical":"https:\/\/steelform.com\/de\/materialien\/","og_locale":"de_DE","og_type":"article","og_title":"Materialien - steelform | the best reproductions of modern classic desgner furniture","og_description":"Mogelpackung! Chinesische Kopien werden aus Edelstahl gefertigt, welcher nach Gewicht bezahlt wird. Durch den Einsatz geringerer Materialst\u00e4rken l\u00e4sst sich sparen, ohne dass dies sichtbar w\u00e4re. M\u00f6bel aus diesem Material wirken\u00a0wacklig, verbiegen sich mit der Zeit und brechen auch zuweilen. Polierter Edelstahl oder verchromter Stahl? Aufw\u00e4ndig polierter hochwertiger Edelstahl der G\u00fcteklasse 904L gl\u00e4nzt wie eine Verchromung. [...]","og_url":"https:\/\/steelform.com\/de\/materialien\/","og_site_name":"steelform | the best reproductions of modern classic desgner furniture","article_modified_time":"2017-04-11T08:52:38+00:00","og_image":[{"width":1500,"height":1500,"url":"https:\/\/steelform.com\/wp-content\/uploads\/2017\/04\/lounge-ottoman-brown.jpg","type":"image\/jpeg"}],"twitter_card":"summary_large_image","twitter_misc":{"Gesch\u00e4tzte Lesezeit":"3\u00a0Minuten"},"schema":{"@context":"https:\/\/schema.org","@graph":[{"@type":"WebPage","@id":"https:\/\/steelform.com\/de\/materialien\/","url":"https:\/\/steelform.com\/de\/materialien\/","name":"Materialien - steelform | the best reproductions of modern classic desgner furniture","isPartOf":{"@id":"https:\/\/steelform.com\/fr\/#website"},"datePublished":"2017-04-02T15:30:11+00:00","dateModified":"2017-04-11T08:52:38+00:00","breadcrumb":{"@id":"https:\/\/steelform.com\/de\/materialien\/#breadcrumb"},"inLanguage":"de","potentialAction":[{"@type":"ReadAction","target":["https:\/\/steelform.com\/de\/materialien\/"]}]},{"@type":"BreadcrumbList","@id":"https:\/\/steelform.com\/de\/materialien\/#breadcrumb","itemListElement":[{"@type":"ListItem","position":1,"name":"Home","item":"https:\/\/steelform.com\/de\/"},{"@type":"ListItem","position":2,"name":"Materialien"}]},{"@type":"WebSite","@id":"https:\/\/steelform.com\/fr\/#website","url":"https:\/\/steelform.com\/fr\/","name":"steelform | the best reproductions of modern classic desgner furniture","description":"true to original premium quality reproduction from Italy.","publisher":{"@id":"https:\/\/steelform.com\/fr\/#organization"},"potentialAction":[{"@type":"SearchAction","target":{"@type":"EntryPoint","urlTemplate":"https:\/\/steelform.com\/fr\/?s={search_term_string}"},"query-input":{"@type":"PropertyValueSpecification","valueRequired":true,"valueName":"search_term_string"}}],"inLanguage":"de"},{"@type":"Organization","@id":"https:\/\/steelform.com\/fr\/#organization","name":"steelform.com","url":"https:\/\/steelform.com\/fr\/","logo":{"@type":"ImageObject","inLanguage":"de","@id":"https:\/\/steelform.com\/fr\/#\/schema\/logo\/image\/","url":"https:\/\/steelform.com\/wp-content\/uploads\/revslider\/corbusier-lc21-de\/steelform-logo-large-1.jpg","contentUrl":"https:\/\/steelform.com\/wp-content\/uploads\/revslider\/corbusier-lc21-de\/steelform-logo-large-1.jpg","width":588,"height":588,"caption":"steelform.com"},"image":{"@id":"https:\/\/steelform.com\/fr\/#\/schema\/logo\/image\/"}}]}},"_links":{"self":[{"href":"https:\/\/steelform.com\/de\/wp-json\/wp\/v2\/pages\/21234"}],"collection":[{"href":"https:\/\/steelform.com\/de\/wp-json\/wp\/v2\/pages"}],"about":[{"href":"https:\/\/steelform.com\/de\/wp-json\/wp\/v2\/types\/page"}],"author":[{"embeddable":true,"href":"https:\/\/steelform.com\/de\/wp-json\/wp\/v2\/users\/2"}],"replies":[{"embeddable":true,"href":"https:\/\/steelform.com\/de\/wp-json\/wp\/v2\/comments?post=21234"}],"version-history":[{"count":8,"href":"https:\/\/steelform.com\/de\/wp-json\/wp\/v2\/pages\/21234\/revisions"}],"predecessor-version":[{"id":21960,"href":"https:\/\/steelform.com\/de\/wp-json\/wp\/v2\/pages\/21234\/revisions\/21960"}],"wp:attachment":[{"href":"https:\/\/steelform.com\/de\/wp-json\/wp\/v2\/media?parent=21234"}],"curies":[{"name":"wp","href":"https:\/\/api.w.org\/{rel}","templated":true}]}}