{"id":21566,"date":"2017-04-05T18:48:09","date_gmt":"2017-04-05T16:48:09","guid":{"rendered":"http:\/\/www.simplysteelform.com\/?page_id=21566\/"},"modified":"2019-04-09T10:34:40","modified_gmt":"2019-04-09T08:34:40","slug":"impressum","status":"publish","type":"page","link":"https:\/\/steelform.com\/de\/impressum\/","title":{"rendered":"Impressum"},"content":{"rendered":"<p>Adresse:<\/p>\n<p>Bushido Furniture Ltd.<br \/>Via Valcanoro<br \/>50021 Barberino Val d&#8217;Elsa (FI)<br \/>ITALIA<\/p>\n<p>Telefon:<\/p>\n<p>+39 0577 1460007<\/p>\n<p>Verantwortlich:<\/p>\n<p>Philipp Reuter<\/p>\n<h3>Datenschutzerkl\u00e4rung<\/h3>\n<p><strong>Verwendung<\/strong><br \/>Wir verwenden Ihre Bestandsdaten ausschlie\u00dflich zur Abwicklung Ihrer Bestellung. Alle Kundendaten werden unter Beachtung der einschl\u00e4gigen Vorschriften der Datenschutzrichtlinie 95\/46\/EG des Europ\u00e4ischen Parlaments und des Rates vom 24. Oktober 1995 von uns gespeichert und verarbeitet.<\/p>\n<p><strong>Ausk\u00fcnfte<\/strong><br \/>Sie haben jederzeit ein Recht auf kostenlose Auskunft, Berichtigung, L\u00f6schung oder Sperrung Ihrer gespeicherten Daten. Bitte wenden Sie sich an unseren Kundenservice oder senden Sie uns Ihr Verlangen per Post oder Fax. Wegen handels- und steuerrechtlicher Aufbewahrungsfristen von bis zu 10 Jahren kann einem L\u00f6schungsverlangen nicht in jedem Fall entsprochen werden. Gem\u00e4\u00df E-Commerce-Richtlinie 2000\/31\/EG des Europ\u00e4ischen Parlaments und des Rates vom 8.6.2000 tritt in diesen F\u00e4llen an die Stelle der L\u00f6schung die Sperrung der Daten.<\/p>\n<p><strong>Weitergabe an Dritte<\/strong><br \/>Wir geben Ihre personenbezogenen Daten einschlie\u00dflich Ihrer Hausadresse und E-Mail-Adresse nicht an Dritte weiter. Ausgenommen hiervon sind unsere Dienstleistungspartner, die zur Bestellabwicklung die \u00dcbermittlung von Daten ben\u00f6tigen (z.B. das mit der Lieferung beauftragte Versandunternehmen und das mit der Zahlungsabwicklung beauftragte Kreditinstitut). In diesen F\u00e4llen beschr\u00e4nkt sich der Umfang der \u00fcbermittelten Daten jedoch nur auf das erforderliche Minimum.<\/p>\n<p><strong>Sicherheit<\/strong><br \/>Ihre pers\u00f6nlichen Daten werden verschl\u00fcsselt mittels 128 bit SSL Verschl\u00fcsselung, \u00fcber das Internet \u00fcbertragen. Wir setzen technische und organisatorische Sicherheitsma\u00dfnahmen ein, um Ihre durch uns verwalteten Daten gegen zuf\u00e4llige oder vors\u00e4tzliche Manipulationen, Verlust, Zerst\u00f6rung oder gegen den Zugriff unberechtigter Personen zu sch\u00fctzen.<\/p>\n<p><strong>Cookies<\/strong><br \/>In diesem Shop werden in den Cookies Informationen \u00fcber den Inhalt Ihres Warenkorbs gespeichert, die dann bei Ihren n\u00e4chsten Besuchen aufgerufen werden k\u00f6nnen. Die erzeugten Cookies haben eine Verfallszeit von maximal sechs Monaten. Sie k\u00f6nnen in Ihrem Browser Programm dar\u00fcber hinaus die Annahme von Cookies dieser Seite verwalten und gegebenenfalls sperren.<\/p>\n<p><strong>Google Analytics<\/strong><\/p>\n<p>Diese Seite verwendet das Analyseprogramm Google Analytics. Es werden jedoch keine IP Adressen von Besuchern angezeigt oder gespeichert.<\/p>","protected":false},"excerpt":{"rendered":"<p>Adresse: Bushido Furniture Ltd.Via Valcanoro50021 Barberino Val d&#8217;Elsa (FI)ITALIA Telefon: +39 0577 1460007 Verantwortlich: Philipp Reuter Datenschutzerkl\u00e4rung VerwendungWir verwenden Ihre Bestandsdaten ausschlie\u00dflich zur Abwicklung Ihrer Bestellung. Alle Kundendaten werden unter Beachtung der einschl\u00e4gigen Vorschriften der Datenschutzrichtlinie 95\/46\/EG des Europ\u00e4ischen Parlaments und des Rates vom 24. Oktober 1995 von uns gespeichert und verarbeitet. Ausk\u00fcnfteSie haben jederzeit [&#8230;]\n","protected":false},"author":1,"featured_media":0,"parent":0,"menu_order":0,"comment_status":"closed","ping_status":"closed","template":"","meta":{"qubely_global_settings":"","qubely_interactions":"","footnotes":""},"class_list":["post-21566","page","type-page","status-publish","hentry"],"yoast_head":"<!-- This site is optimized with the Yoast SEO plugin v23.4 - https:\/\/yoast.com\/wordpress\/plugins\/seo\/ -->\n<title>Impressum - steelform | the best reproductions of modern classic desgner furniture<\/title>\n<meta name=\"robots\" content=\"index, follow, max-snippet:-1, max-image-preview:large, max-video-preview:-1\" \/>\n<link rel=\"canonical\" href=\"https:\/\/steelform.com\/de\/impressum\/\" \/>\n<meta property=\"og:locale\" content=\"de_DE\" \/>\n<meta property=\"og:type\" content=\"article\" \/>\n<meta property=\"og:title\" content=\"Impressum - steelform | the best reproductions of modern classic desgner furniture\" \/>\n<meta property=\"og:description\" content=\"Adresse: Bushido Furniture Ltd.Via Valcanoro50021 Barberino Val d&#8217;Elsa (FI)ITALIA Telefon: +39 0577 1460007 Verantwortlich: Philipp Reuter Datenschutzerkl\u00e4rung VerwendungWir verwenden Ihre Bestandsdaten ausschlie\u00dflich zur Abwicklung Ihrer Bestellung. Alle Kundendaten werden unter Beachtung der einschl\u00e4gigen Vorschriften der Datenschutzrichtlinie 95\/46\/EG des Europ\u00e4ischen Parlaments und des Rates vom 24. Oktober 1995 von uns gespeichert und verarbeitet. Ausk\u00fcnfteSie haben jederzeit [...]\" \/>\n<meta property=\"og:url\" content=\"https:\/\/steelform.com\/de\/impressum\/\" \/>\n<meta property=\"og:site_name\" content=\"steelform | the best reproductions of modern classic desgner furniture\" \/>\n<meta property=\"article:modified_time\" content=\"2019-04-09T08:34:40+00:00\" \/>\n<meta property=\"og:image\" content=\"https:\/\/steelform.com\/wp-content\/uploads\/2017\/04\/lounge-ottoman-brown.jpg\" \/>\n\t<meta property=\"og:image:width\" content=\"1500\" \/>\n\t<meta property=\"og:image:height\" content=\"1500\" \/>\n\t<meta property=\"og:image:type\" content=\"image\/jpeg\" \/>\n<meta name=\"twitter:card\" content=\"summary_large_image\" \/>\n<meta name=\"twitter:label1\" content=\"Gesch\u00e4tzte Lesezeit\" \/>\n\t<meta name=\"twitter:data1\" content=\"2\u00a0Minuten\" \/>\n<script type=\"application\/ld+json\" class=\"yoast-schema-graph\">{\"@context\":\"https:\/\/schema.org\",\"@graph\":[{\"@type\":\"WebPage\",\"@id\":\"https:\/\/steelform.com\/de\/impressum\/\",\"url\":\"https:\/\/steelform.com\/de\/impressum\/\",\"name\":\"Impressum - steelform | the best reproductions of modern classic desgner furniture\",\"isPartOf\":{\"@id\":\"https:\/\/steelform.com\/fr\/#website\"},\"datePublished\":\"2017-04-05T16:48:09+00:00\",\"dateModified\":\"2019-04-09T08:34:40+00:00\",\"breadcrumb\":{\"@id\":\"https:\/\/steelform.com\/de\/impressum\/#breadcrumb\"},\"inLanguage\":\"de\",\"potentialAction\":[{\"@type\":\"ReadAction\",\"target\":[\"https:\/\/steelform.com\/de\/impressum\/\"]}]},{\"@type\":\"BreadcrumbList\",\"@id\":\"https:\/\/steelform.com\/de\/impressum\/#breadcrumb\",\"itemListElement\":[{\"@type\":\"ListItem\",\"position\":1,\"name\":\"Home\",\"item\":\"https:\/\/steelform.com\/de\/\"},{\"@type\":\"ListItem\",\"position\":2,\"name\":\"Impressum\"}]},{\"@type\":\"WebSite\",\"@id\":\"https:\/\/steelform.com\/fr\/#website\",\"url\":\"https:\/\/steelform.com\/fr\/\",\"name\":\"steelform | the best reproductions of modern classic desgner furniture\",\"description\":\"true to original premium quality reproduction from Italy.\",\"publisher\":{\"@id\":\"https:\/\/steelform.com\/fr\/#organization\"},\"potentialAction\":[{\"@type\":\"SearchAction\",\"target\":{\"@type\":\"EntryPoint\",\"urlTemplate\":\"https:\/\/steelform.com\/fr\/?s={search_term_string}\"},\"query-input\":{\"@type\":\"PropertyValueSpecification\",\"valueRequired\":true,\"valueName\":\"search_term_string\"}}],\"inLanguage\":\"de\"},{\"@type\":\"Organization\",\"@id\":\"https:\/\/steelform.com\/fr\/#organization\",\"name\":\"steelform.com\",\"url\":\"https:\/\/steelform.com\/fr\/\",\"logo\":{\"@type\":\"ImageObject\",\"inLanguage\":\"de\",\"@id\":\"https:\/\/steelform.com\/fr\/#\/schema\/logo\/image\/\",\"url\":\"https:\/\/steelform.com\/wp-content\/uploads\/revslider\/corbusier-lc21-de\/steelform-logo-large-1.jpg\",\"contentUrl\":\"https:\/\/steelform.com\/wp-content\/uploads\/revslider\/corbusier-lc21-de\/steelform-logo-large-1.jpg\",\"width\":588,\"height\":588,\"caption\":\"steelform.com\"},\"image\":{\"@id\":\"https:\/\/steelform.com\/fr\/#\/schema\/logo\/image\/\"}}]}<\/script>\n<!-- \/ Yoast SEO plugin. -->","yoast_head_json":{"title":"Impressum - steelform | the best reproductions of modern classic desgner furniture","robots":{"index":"index","follow":"follow","max-snippet":"max-snippet:-1","max-image-preview":"max-image-preview:large","max-video-preview":"max-video-preview:-1"},"canonical":"https:\/\/steelform.com\/de\/impressum\/","og_locale":"de_DE","og_type":"article","og_title":"Impressum - steelform | the best reproductions of modern classic desgner furniture","og_description":"Adresse: Bushido Furniture Ltd.Via Valcanoro50021 Barberino Val d&#8217;Elsa (FI)ITALIA Telefon: +39 0577 1460007 Verantwortlich: Philipp Reuter Datenschutzerkl\u00e4rung VerwendungWir verwenden Ihre Bestandsdaten ausschlie\u00dflich zur Abwicklung Ihrer Bestellung. Alle Kundendaten werden unter Beachtung der einschl\u00e4gigen Vorschriften der Datenschutzrichtlinie 95\/46\/EG des Europ\u00e4ischen Parlaments und des Rates vom 24. Oktober 1995 von uns gespeichert und verarbeitet. Ausk\u00fcnfteSie haben jederzeit [...]","og_url":"https:\/\/steelform.com\/de\/impressum\/","og_site_name":"steelform | the best reproductions of modern classic desgner furniture","article_modified_time":"2019-04-09T08:34:40+00:00","og_image":[{"width":1500,"height":1500,"url":"https:\/\/steelform.com\/wp-content\/uploads\/2017\/04\/lounge-ottoman-brown.jpg","type":"image\/jpeg"}],"twitter_card":"summary_large_image","twitter_misc":{"Gesch\u00e4tzte Lesezeit":"2\u00a0Minuten"},"schema":{"@context":"https:\/\/schema.org","@graph":[{"@type":"WebPage","@id":"https:\/\/steelform.com\/de\/impressum\/","url":"https:\/\/steelform.com\/de\/impressum\/","name":"Impressum - steelform | the best reproductions of modern classic desgner furniture","isPartOf":{"@id":"https:\/\/steelform.com\/fr\/#website"},"datePublished":"2017-04-05T16:48:09+00:00","dateModified":"2019-04-09T08:34:40+00:00","breadcrumb":{"@id":"https:\/\/steelform.com\/de\/impressum\/#breadcrumb"},"inLanguage":"de","potentialAction":[{"@type":"ReadAction","target":["https:\/\/steelform.com\/de\/impressum\/"]}]},{"@type":"BreadcrumbList","@id":"https:\/\/steelform.com\/de\/impressum\/#breadcrumb","itemListElement":[{"@type":"ListItem","position":1,"name":"Home","item":"https:\/\/steelform.com\/de\/"},{"@type":"ListItem","position":2,"name":"Impressum"}]},{"@type":"WebSite","@id":"https:\/\/steelform.com\/fr\/#website","url":"https:\/\/steelform.com\/fr\/","name":"steelform | the best reproductions of modern classic desgner furniture","description":"true to original premium quality reproduction from Italy.","publisher":{"@id":"https:\/\/steelform.com\/fr\/#organization"},"potentialAction":[{"@type":"SearchAction","target":{"@type":"EntryPoint","urlTemplate":"https:\/\/steelform.com\/fr\/?s={search_term_string}"},"query-input":{"@type":"PropertyValueSpecification","valueRequired":true,"valueName":"search_term_string"}}],"inLanguage":"de"},{"@type":"Organization","@id":"https:\/\/steelform.com\/fr\/#organization","name":"steelform.com","url":"https:\/\/steelform.com\/fr\/","logo":{"@type":"ImageObject","inLanguage":"de","@id":"https:\/\/steelform.com\/fr\/#\/schema\/logo\/image\/","url":"https:\/\/steelform.com\/wp-content\/uploads\/revslider\/corbusier-lc21-de\/steelform-logo-large-1.jpg","contentUrl":"https:\/\/steelform.com\/wp-content\/uploads\/revslider\/corbusier-lc21-de\/steelform-logo-large-1.jpg","width":588,"height":588,"caption":"steelform.com"},"image":{"@id":"https:\/\/steelform.com\/fr\/#\/schema\/logo\/image\/"}}]}},"_links":{"self":[{"href":"https:\/\/steelform.com\/de\/wp-json\/wp\/v2\/pages\/21566"}],"collection":[{"href":"https:\/\/steelform.com\/de\/wp-json\/wp\/v2\/pages"}],"about":[{"href":"https:\/\/steelform.com\/de\/wp-json\/wp\/v2\/types\/page"}],"author":[{"embeddable":true,"href":"https:\/\/steelform.com\/de\/wp-json\/wp\/v2\/users\/1"}],"replies":[{"embeddable":true,"href":"https:\/\/steelform.com\/de\/wp-json\/wp\/v2\/comments?post=21566"}],"version-history":[{"count":7,"href":"https:\/\/steelform.com\/de\/wp-json\/wp\/v2\/pages\/21566\/revisions"}],"predecessor-version":[{"id":25097,"href":"https:\/\/steelform.com\/de\/wp-json\/wp\/v2\/pages\/21566\/revisions\/25097"}],"wp:attachment":[{"href":"https:\/\/steelform.com\/de\/wp-json\/wp\/v2\/media?parent=21566"}],"curies":[{"name":"wp","href":"https:\/\/api.w.org\/{rel}","templated":true}]}}