{"id":21613,"date":"2017-04-06T18:12:36","date_gmt":"2017-04-06T16:12:36","guid":{"rendered":"http:\/\/www.simplysteelform.com\/?page_id=21613\/"},"modified":"2021-08-11T00:35:04","modified_gmt":"2021-08-10T22:35:04","slug":"terms-conditions-of-sale","status":"publish","type":"page","link":"https:\/\/steelform.com\/de\/terms-conditions-of-sale\/","title":{"rendered":"Allgemeine Gesch\u00e4ftsbedingungen"},"content":{"rendered":"  <div id=\"page-header-1676369775\" class=\"page-header-wrapper\">\n  <div class=\"page-title light simple-title\">\n\n    \n    <div class=\"page-title-inner container align-center flex-row medium-flex-wrap\" >\n              <div class=\"title-wrapper flex-col text-left medium-text-center\">\n          <h1 class=\"entry-title mb-0\">\n            Allgemeine Gesch\u00e4ftsbedingungen          <\/h1>\n        <\/div>\n                    <div class=\"title-content flex-col flex-right text-right medium-text-center\">\n        <div class=\"title-breadcrumbs pb-half pt-half\"><nav class=\"woocommerce-breadcrumb breadcrumbs uppercase\">Startseite<\/nav><\/div>      <\/div>\n    <\/div>\n\n       <\/div>\n    <\/div>\n  \n\n\t<div id=\"gap-2011304427\" class=\"gap-element clearfix\" style=\"display:block; height:auto;\">\n\t\t\n<style>\n#gap-2011304427 {\n  padding-top: 30px;\n}\n<\/style>\n\t<\/div>\n\t\n\n<h2 class=\"h3\"><strong>1. Garantie<\/strong><\/h2>\n<p>Wir gew\u00e4hren eine Garantie von zehn Jahren ab Kaufdatum.<\/p>\n<p>Tritt innerhalb dieser Frist ein Mangel auf, der auf Material- oder Fertigungsfehler zur\u00fcckzuf\u00fchren ist, so wird steelform.com einen kostenlosen Austausch des besch\u00e4digten Teils oder des ganzen M\u00f6belst\u00fcckes vornehmen.<\/p>\n<p>F\u00fcr normale Abnutzung durch Gebrauch der Sachen \u00fcbernehmen wir keine Gew\u00e4hrleistung.<\/p>\n<h2 class=\"h3\"><strong>2. R\u00fcckgaberecht<\/strong><\/h2>\n<p>Wir gw\u00e4hren das gesetzlich vorgeschriebene 14-t\u00e4gige R\u00fcckgaberecht, falls Sie mit den gelieferten Gegenst\u00e4nden nicht zufrieden sein sollten.<\/p>\n<p>Zur Aus\u00fcbung des R\u00fccktritts gen\u00fcgt eine Benachrichtigung per e-mail. Wir benennen eine R\u00fccksendeadresse und erstatten nach Erhalt der unbesch\u00e4digten Ware den vollen Kaufpreis.<\/p>\n<p>Bitte beachten Sie auch, dass wir nur R\u00fccksendungen in unbesch\u00e4digter Originalverpackung oder gleichwertiger Verpackung akzeptieren.<\/p>\n<p>Die Kosten der R\u00fccksendung gehen zu Lasten des Bestellers.<\/p>\n<h2 class=\"h3\"><strong>3. Zahlungsarten<\/strong><\/h2>\n<ul class=\"ul\">\n<li>Kreditkarten VISA \/ Mastercard sind der sicherste und bequemste Weg.<\/li>\n<li>Vorauskasse auf unser Konto ab einem Bestellwerten von EUR 5.000, nach Voranmeldung&nbsp;<\/li>\n<li>Bestellwerten \u00fcber EUR 10.000 werden eine 50% Anzahlung bei Auftragserteiliung f\u00e4llig.<\/li>\n<\/ul>\n<h2 class=\"h3\"><strong>4. Transportversicherung<\/strong><\/h2>\n<p>Unsere Waren sind vom Spediteur gegen Besch\u00e4digung, Diebstahl und Verlust versichert.<\/p>\n<h2 class=\"h3\"><strong>5. Transportsch\u00e4den<\/strong><\/h2>\n<div><span lang=\"DE\">Im Fall eines Transportschaden, vermerken Sie bitte rechts auf dem Lieferschein bei sichtbaren Sch\u00e4den der Verpackung oder Ware, oder f\u00fcr den Fall, dass Sie keine Zeit hatten, um den Zustand der Ware zu \u00fcberpr\u00fcfen<strong>&nbsp;&#8222;UNTER VORBEHALT&#8220;<\/strong>&nbsp;bei der Annahme der Lieferung.&nbsp;<\/span><\/div>\n<div>&nbsp;<\/div>\n<div>Transportsch\u00e4den, die erst nach dem \u00d6ffnen des Kartons bemerkt werden, m\u00fcssen innerhalb von 48 Stunden nach Erhalt der Ware bei Steelform angezeigt&nbsp;werden. Sch\u00e4den, die sp\u00e4ter angezeigt&nbsp;werden, k\u00f6nnen nicht akzeptiert werden.<\/div>\n<h2 class=\"h3\"><strong>6. Zollabfertigung, Geb\u00fchren und Steuern<\/strong><\/h2>\n<p>Die gute Nachricht zuerst: <strong>In den meisten europ\u00e4ischen L\u00e4ndern gibt es keine Z\u00f6lle.<\/strong><\/p>\n<p>Unsere Preise enthalten keine \u00f6rtlichen Steuern oder Geb\u00fchren. Diese sind im jeweiligen Land direkt an den liefernden Spediteur zu entrichten.<\/p>\n<h2 class=\"h3\"><strong>7. Frachtkosten<\/strong><\/h2>\n<p><strong>Der Versand ist kostenlos!<\/strong><\/p>\n<p>Ausnahmen: Inseln (auch Mallorca!), Vereinigtes K\u00f6nigreich, Irland. Bitte fragen Sie nach den Zusatzkosten.<\/p>\n<h2 class=\"h3\"><strong>8. Versandbedingungen<\/strong><\/h2>\n<p>Unsere Waren werden frei ab Werk, Poggibonsi, Italien verkauft.<\/p>\n<p>Der Eigentums\u00fcbergang erfolgt mit der \u00dcbergabe der Sachen an den Spedtionsunternehmer.<\/p>\n<p>Bitte beachten Sie, dass Speditionen \u00fcblicherweise nur bis zur ersten verschliessbaren Eingangst\u00fcr liefern. Sollten Sie weitere Hilfe ben\u00f6tigen, lassen Sie es uns bitte wissen, damit wir diese als Sonderleistung bestellen k\u00f6nnen.<\/p>\n<p>In aller Regel jedoch bewirkt ein Trinkgeld f\u00fcr den Fahrer Wunder.<\/p>","protected":false},"excerpt":{"rendered":"<p>1. Garantie Wir gew\u00e4hren eine Garantie von zehn Jahren ab Kaufdatum. Tritt innerhalb dieser Frist ein Mangel auf, der auf Material- oder Fertigungsfehler zur\u00fcckzuf\u00fchren ist, so wird steelform.com einen kostenlosen Austausch des besch\u00e4digten Teils oder des ganzen M\u00f6belst\u00fcckes vornehmen. F\u00fcr normale Abnutzung durch Gebrauch der Sachen \u00fcbernehmen wir keine Gew\u00e4hrleistung. 2. R\u00fcckgaberecht Wir gw\u00e4hren das [&#8230;]\n","protected":false},"author":1,"featured_media":0,"parent":0,"menu_order":0,"comment_status":"closed","ping_status":"closed","template":"","meta":{"qubely_global_settings":"","qubely_interactions":"","footnotes":""},"class_list":["post-21613","page","type-page","status-publish","hentry"],"yoast_head":"<!-- This site is optimized with the Yoast SEO plugin v23.4 - https:\/\/yoast.com\/wordpress\/plugins\/seo\/ -->\n<title>Allgemeine Gesch\u00e4ftsbedingungen - steelform | the best reproductions of modern classic desgner furniture<\/title>\n<meta name=\"robots\" content=\"index, follow, max-snippet:-1, max-image-preview:large, max-video-preview:-1\" \/>\n<link rel=\"canonical\" href=\"https:\/\/steelform.com\/de\/terms-conditions-of-sale\/\" \/>\n<meta property=\"og:locale\" content=\"de_DE\" \/>\n<meta property=\"og:type\" content=\"article\" \/>\n<meta property=\"og:title\" content=\"Allgemeine Gesch\u00e4ftsbedingungen - steelform | the best reproductions of modern classic desgner furniture\" \/>\n<meta property=\"og:description\" content=\"1. Garantie Wir gew\u00e4hren eine Garantie von zehn Jahren ab Kaufdatum. Tritt innerhalb dieser Frist ein Mangel auf, der auf Material- oder Fertigungsfehler zur\u00fcckzuf\u00fchren ist, so wird steelform.com einen kostenlosen Austausch des besch\u00e4digten Teils oder des ganzen M\u00f6belst\u00fcckes vornehmen. F\u00fcr normale Abnutzung durch Gebrauch der Sachen \u00fcbernehmen wir keine Gew\u00e4hrleistung. 2. R\u00fcckgaberecht Wir gw\u00e4hren das [...]\" \/>\n<meta property=\"og:url\" content=\"https:\/\/steelform.com\/de\/terms-conditions-of-sale\/\" \/>\n<meta property=\"og:site_name\" content=\"steelform | the best reproductions of modern classic desgner furniture\" \/>\n<meta property=\"article:modified_time\" content=\"2021-08-10T22:35:04+00:00\" \/>\n<meta property=\"og:image\" content=\"https:\/\/steelform.com\/wp-content\/uploads\/2017\/04\/lounge-ottoman-brown.jpg\" \/>\n\t<meta property=\"og:image:width\" content=\"1500\" \/>\n\t<meta property=\"og:image:height\" content=\"1500\" \/>\n\t<meta property=\"og:image:type\" content=\"image\/jpeg\" \/>\n<meta name=\"twitter:card\" content=\"summary_large_image\" \/>\n<meta name=\"twitter:label1\" content=\"Gesch\u00e4tzte Lesezeit\" \/>\n\t<meta name=\"twitter:data1\" content=\"2\u00a0Minuten\" \/>\n<script type=\"application\/ld+json\" class=\"yoast-schema-graph\">{\"@context\":\"https:\/\/schema.org\",\"@graph\":[{\"@type\":\"WebPage\",\"@id\":\"https:\/\/steelform.com\/de\/terms-conditions-of-sale\/\",\"url\":\"https:\/\/steelform.com\/de\/terms-conditions-of-sale\/\",\"name\":\"Allgemeine Gesch\u00e4ftsbedingungen - steelform | the best reproductions of modern classic desgner furniture\",\"isPartOf\":{\"@id\":\"https:\/\/steelform.com\/fr\/#website\"},\"datePublished\":\"2017-04-06T16:12:36+00:00\",\"dateModified\":\"2021-08-10T22:35:04+00:00\",\"breadcrumb\":{\"@id\":\"https:\/\/steelform.com\/de\/terms-conditions-of-sale\/#breadcrumb\"},\"inLanguage\":\"de\",\"potentialAction\":[{\"@type\":\"ReadAction\",\"target\":[\"https:\/\/steelform.com\/de\/terms-conditions-of-sale\/\"]}]},{\"@type\":\"BreadcrumbList\",\"@id\":\"https:\/\/steelform.com\/de\/terms-conditions-of-sale\/#breadcrumb\",\"itemListElement\":[{\"@type\":\"ListItem\",\"position\":1,\"name\":\"Home\",\"item\":\"https:\/\/steelform.com\/de\/\"},{\"@type\":\"ListItem\",\"position\":2,\"name\":\"Allgemeine Gesch\u00e4ftsbedingungen\"}]},{\"@type\":\"WebSite\",\"@id\":\"https:\/\/steelform.com\/fr\/#website\",\"url\":\"https:\/\/steelform.com\/fr\/\",\"name\":\"steelform | the best reproductions of modern classic desgner furniture\",\"description\":\"true to original premium quality reproduction from Italy.\",\"publisher\":{\"@id\":\"https:\/\/steelform.com\/fr\/#organization\"},\"potentialAction\":[{\"@type\":\"SearchAction\",\"target\":{\"@type\":\"EntryPoint\",\"urlTemplate\":\"https:\/\/steelform.com\/fr\/?s={search_term_string}\"},\"query-input\":{\"@type\":\"PropertyValueSpecification\",\"valueRequired\":true,\"valueName\":\"search_term_string\"}}],\"inLanguage\":\"de\"},{\"@type\":\"Organization\",\"@id\":\"https:\/\/steelform.com\/fr\/#organization\",\"name\":\"steelform.com\",\"url\":\"https:\/\/steelform.com\/fr\/\",\"logo\":{\"@type\":\"ImageObject\",\"inLanguage\":\"de\",\"@id\":\"https:\/\/steelform.com\/fr\/#\/schema\/logo\/image\/\",\"url\":\"https:\/\/steelform.com\/wp-content\/uploads\/revslider\/corbusier-lc21-de\/steelform-logo-large-1.jpg\",\"contentUrl\":\"https:\/\/steelform.com\/wp-content\/uploads\/revslider\/corbusier-lc21-de\/steelform-logo-large-1.jpg\",\"width\":588,\"height\":588,\"caption\":\"steelform.com\"},\"image\":{\"@id\":\"https:\/\/steelform.com\/fr\/#\/schema\/logo\/image\/\"}}]}<\/script>\n<!-- \/ Yoast SEO plugin. -->","yoast_head_json":{"title":"Allgemeine Gesch\u00e4ftsbedingungen - steelform | the best reproductions of modern classic desgner furniture","robots":{"index":"index","follow":"follow","max-snippet":"max-snippet:-1","max-image-preview":"max-image-preview:large","max-video-preview":"max-video-preview:-1"},"canonical":"https:\/\/steelform.com\/de\/terms-conditions-of-sale\/","og_locale":"de_DE","og_type":"article","og_title":"Allgemeine Gesch\u00e4ftsbedingungen - steelform | the best reproductions of modern classic desgner furniture","og_description":"1. Garantie Wir gew\u00e4hren eine Garantie von zehn Jahren ab Kaufdatum. Tritt innerhalb dieser Frist ein Mangel auf, der auf Material- oder Fertigungsfehler zur\u00fcckzuf\u00fchren ist, so wird steelform.com einen kostenlosen Austausch des besch\u00e4digten Teils oder des ganzen M\u00f6belst\u00fcckes vornehmen. F\u00fcr normale Abnutzung durch Gebrauch der Sachen \u00fcbernehmen wir keine Gew\u00e4hrleistung. 2. R\u00fcckgaberecht Wir gw\u00e4hren das [...]","og_url":"https:\/\/steelform.com\/de\/terms-conditions-of-sale\/","og_site_name":"steelform | the best reproductions of modern classic desgner furniture","article_modified_time":"2021-08-10T22:35:04+00:00","og_image":[{"width":1500,"height":1500,"url":"https:\/\/steelform.com\/wp-content\/uploads\/2017\/04\/lounge-ottoman-brown.jpg","type":"image\/jpeg"}],"twitter_card":"summary_large_image","twitter_misc":{"Gesch\u00e4tzte Lesezeit":"2\u00a0Minuten"},"schema":{"@context":"https:\/\/schema.org","@graph":[{"@type":"WebPage","@id":"https:\/\/steelform.com\/de\/terms-conditions-of-sale\/","url":"https:\/\/steelform.com\/de\/terms-conditions-of-sale\/","name":"Allgemeine Gesch\u00e4ftsbedingungen - steelform | the best reproductions of modern classic desgner furniture","isPartOf":{"@id":"https:\/\/steelform.com\/fr\/#website"},"datePublished":"2017-04-06T16:12:36+00:00","dateModified":"2021-08-10T22:35:04+00:00","breadcrumb":{"@id":"https:\/\/steelform.com\/de\/terms-conditions-of-sale\/#breadcrumb"},"inLanguage":"de","potentialAction":[{"@type":"ReadAction","target":["https:\/\/steelform.com\/de\/terms-conditions-of-sale\/"]}]},{"@type":"BreadcrumbList","@id":"https:\/\/steelform.com\/de\/terms-conditions-of-sale\/#breadcrumb","itemListElement":[{"@type":"ListItem","position":1,"name":"Home","item":"https:\/\/steelform.com\/de\/"},{"@type":"ListItem","position":2,"name":"Allgemeine Gesch\u00e4ftsbedingungen"}]},{"@type":"WebSite","@id":"https:\/\/steelform.com\/fr\/#website","url":"https:\/\/steelform.com\/fr\/","name":"steelform | the best reproductions of modern classic desgner furniture","description":"true to original premium quality reproduction from Italy.","publisher":{"@id":"https:\/\/steelform.com\/fr\/#organization"},"potentialAction":[{"@type":"SearchAction","target":{"@type":"EntryPoint","urlTemplate":"https:\/\/steelform.com\/fr\/?s={search_term_string}"},"query-input":{"@type":"PropertyValueSpecification","valueRequired":true,"valueName":"search_term_string"}}],"inLanguage":"de"},{"@type":"Organization","@id":"https:\/\/steelform.com\/fr\/#organization","name":"steelform.com","url":"https:\/\/steelform.com\/fr\/","logo":{"@type":"ImageObject","inLanguage":"de","@id":"https:\/\/steelform.com\/fr\/#\/schema\/logo\/image\/","url":"https:\/\/steelform.com\/wp-content\/uploads\/revslider\/corbusier-lc21-de\/steelform-logo-large-1.jpg","contentUrl":"https:\/\/steelform.com\/wp-content\/uploads\/revslider\/corbusier-lc21-de\/steelform-logo-large-1.jpg","width":588,"height":588,"caption":"steelform.com"},"image":{"@id":"https:\/\/steelform.com\/fr\/#\/schema\/logo\/image\/"}}]}},"_links":{"self":[{"href":"https:\/\/steelform.com\/de\/wp-json\/wp\/v2\/pages\/21613"}],"collection":[{"href":"https:\/\/steelform.com\/de\/wp-json\/wp\/v2\/pages"}],"about":[{"href":"https:\/\/steelform.com\/de\/wp-json\/wp\/v2\/types\/page"}],"author":[{"embeddable":true,"href":"https:\/\/steelform.com\/de\/wp-json\/wp\/v2\/users\/1"}],"replies":[{"embeddable":true,"href":"https:\/\/steelform.com\/de\/wp-json\/wp\/v2\/comments?post=21613"}],"version-history":[{"count":5,"href":"https:\/\/steelform.com\/de\/wp-json\/wp\/v2\/pages\/21613\/revisions"}],"predecessor-version":[{"id":69865,"href":"https:\/\/steelform.com\/de\/wp-json\/wp\/v2\/pages\/21613\/revisions\/69865"}],"wp:attachment":[{"href":"https:\/\/steelform.com\/de\/wp-json\/wp\/v2\/media?parent=21613"}],"curies":[{"name":"wp","href":"https:\/\/api.w.org\/{rel}","templated":true}]}}