{"id":57287,"date":"2020-03-22T11:35:14","date_gmt":"2020-03-22T10:35:14","guid":{"rendered":"https:\/\/steelform.com\/?page_id=57287"},"modified":"2020-04-14T16:19:10","modified_gmt":"2020-04-14T14:19:10","slug":"covid-19-das-leben-geht-weiter","status":"publish","type":"page","link":"https:\/\/steelform.com\/de\/covid-19-das-leben-geht-weiter\/","title":{"rendered":"COVID-19 &#8211; Das Leben geht weiter&#8230;"},"content":{"rendered":"<div class=\"wp-block-qubely-row qubely-section qubely-block-5b15cf\"><div class=\"qubely-row-overlay\"><\/div><div class=\"qubely-container\"><div class=\"qubely-row \"><div class=\"wp-block-qubely-column qubely-column qubely-column-front qubely-block-d149de\"><div class=\"qubely-column-inner\"><h1 class=\"has-text-align-center wp-block-heading\"><strong>Wir m\u00fcssen weiter Pause machen bis zum 3. Mai<\/strong><\/h1>\n\n<p>Liebe Kunden,<\/p>\n\n<p>ich hoffe, es geht Ihnen gut! Bei uns ist auch alles in Ordnung und solange wir durften haben wir ganz normal gearbeitet. <\/p>\n\n<p>Dann kam der Shutdown bis zum 12. April. Am Karfreitag wurde dann, praktisch am Vorabend der \u00d6ffnung, eine Verl\u00e4ngerung des Shutdowns beschlossen bis zum 3. Mai verk\u00fcndet.<\/p>\n\n<div class=\"wp-block-image is-style-default\"><figure class=\"aligncenter size-large is-resized\"><img loading=\"lazy\" decoding=\"async\" src=\"https:\/\/steelform.com\/wp-content\/uploads\/2020\/04\/abstand.jpeg\" alt=\"\" class=\"wp-image-58491\" width=\"1025\" height=\"576\" srcset=\"https:\/\/steelform.com\/wp-content\/uploads\/2020\/04\/abstand.jpeg 1366w, https:\/\/steelform.com\/wp-content\/uploads\/2020\/04\/abstand-300x169.jpeg 300w, https:\/\/steelform.com\/wp-content\/uploads\/2020\/04\/abstand-768x432.jpeg 768w, https:\/\/steelform.com\/wp-content\/uploads\/2020\/04\/abstand-247x139.jpeg 247w, https:\/\/steelform.com\/wp-content\/uploads\/2020\/04\/abstand-510x287.jpeg 510w\" sizes=\"(max-width: 1025px) 100vw, 1025px\" \/><figcaption>Wir h\u00e4tten kein Problem mit dem Abstand &#8211; unsere Hallen sind ger\u00e4umig!<\/figcaption><\/figure><\/div>\n\n<div style=\"height:50px\" aria-hidden=\"true\" class=\"wp-block-spacer\"><\/div>\n\n<h2 class=\"has-text-align-center wp-block-heading\"><strong>Danach geht es ganz normal weiter!<\/strong><\/h2>\n\n<p>Der Irrsinn der Regierenden kann uns zum Gl\u00fcck nichts anhaben. <\/p>\n\n<p>Unsere Manufaktur und die meisten  Zulieferer sind alt eingesessene Familienbetriebe in der l\u00e4ndlichen Toskana. Maschinen und Geb\u00e4ude sind l\u00e4ngst abgezahlt, genug Eigenkapital vorhanden.<\/p>\n\n<p>Uns kann die Krise nichts anhaben, wenn Sie weiterhin unsere M\u00f6bel bestellen und die Auftragslage ist sehr gut. Danke!<\/p>\n\n<h2 class=\"has-text-align-center wp-block-heading\"><strong>Bestellen sie jetzt mit 10% Rabatt!<\/strong><\/h2>\n\n<p>Die regul\u00e4re Lieferzeit wird sich aufgrund der Ma\u00dfnahme um rund einen Monat verl\u00e4ngern. Der Rabatt ist unser kleines Dankesch\u00f6n f\u00fcr Ihre Hilfe und Ihre Geduld. <\/p>\n\n<p>Selbstverst\u00e4ndlich <span style=\"text-decoration: underline;\">belasten wir Ihre Kreditkarte auch erst dann<\/span>, wenn wir wirklich mit der <span style=\"text-decoration: underline;\">Fertigung der bestellten M\u00f6bel beginnen k\u00f6nnen<\/span>.<\/p>\n\n<h2 class=\"has-text-align-center wp-block-heading\"><strong>Hier ist Ihr Rabattcode:<\/strong><\/h2>\n\n<p>Er lautet: COVID-19<\/p>\n\n<h4 class=\"has-text-align-center wp-block-heading\">der Code gilt nur bis zum 3. Mai 2020<\/h4>\n\n<p>Bleiben Sie bitte gesund und lassen Sie sich vor Allem nicht von der kollektiven Hysterie anstecken.<\/p>\n\n<p>Herzlichst, Ihr<\/p>\n\n<p>Philipp Reuter<\/p><\/div><\/div><\/div><\/div><\/div><p><\/p>","protected":false},"excerpt":{"rendered":"","protected":false},"author":1,"featured_media":0,"parent":0,"menu_order":0,"comment_status":"closed","ping_status":"closed","template":"","meta":{"qubely_global_settings":"","qubely_interactions":"","footnotes":""},"class_list":["post-57287","page","type-page","status-publish","hentry"],"yoast_head":"<!-- This site is optimized with the Yoast SEO plugin v23.4 - https:\/\/yoast.com\/wordpress\/plugins\/seo\/ -->\n<title>COVID-19 - Das Leben geht weiter... - steelform | the best reproductions of modern classic desgner furniture<\/title>\n<meta name=\"robots\" content=\"index, follow, max-snippet:-1, max-image-preview:large, max-video-preview:-1\" \/>\n<link rel=\"canonical\" href=\"https:\/\/steelform.com\/de\/covid-19-das-leben-geht-weiter\/\" \/>\n<meta property=\"og:locale\" content=\"de_DE\" \/>\n<meta property=\"og:type\" content=\"article\" \/>\n<meta property=\"og:title\" content=\"COVID-19 - Das Leben geht weiter... - steelform | the best reproductions of modern classic desgner furniture\" \/>\n<meta property=\"og:url\" content=\"https:\/\/steelform.com\/de\/covid-19-das-leben-geht-weiter\/\" \/>\n<meta property=\"og:site_name\" content=\"steelform | the best reproductions of modern classic desgner furniture\" \/>\n<meta property=\"article:modified_time\" content=\"2020-04-14T14:19:10+00:00\" \/>\n<meta property=\"og:image\" content=\"https:\/\/steelform.com\/wp-content\/uploads\/2020\/04\/abstand.jpeg\" \/>\n<meta name=\"twitter:card\" content=\"summary_large_image\" \/>\n<meta name=\"twitter:label1\" content=\"Gesch\u00e4tzte Lesezeit\" \/>\n\t<meta name=\"twitter:data1\" content=\"1\u00a0Minute\" \/>\n<script type=\"application\/ld+json\" class=\"yoast-schema-graph\">{\"@context\":\"https:\/\/schema.org\",\"@graph\":[{\"@type\":\"WebPage\",\"@id\":\"https:\/\/steelform.com\/de\/covid-19-das-leben-geht-weiter\/\",\"url\":\"https:\/\/steelform.com\/de\/covid-19-das-leben-geht-weiter\/\",\"name\":\"COVID-19 - Das Leben geht weiter... - steelform | the best reproductions of modern classic desgner furniture\",\"isPartOf\":{\"@id\":\"https:\/\/steelform.com\/fr\/#website\"},\"primaryImageOfPage\":{\"@id\":\"https:\/\/steelform.com\/de\/covid-19-das-leben-geht-weiter\/#primaryimage\"},\"image\":{\"@id\":\"https:\/\/steelform.com\/de\/covid-19-das-leben-geht-weiter\/#primaryimage\"},\"thumbnailUrl\":\"https:\/\/steelform.com\/wp-content\/uploads\/2020\/04\/abstand.jpeg\",\"datePublished\":\"2020-03-22T10:35:14+00:00\",\"dateModified\":\"2020-04-14T14:19:10+00:00\",\"breadcrumb\":{\"@id\":\"https:\/\/steelform.com\/de\/covid-19-das-leben-geht-weiter\/#breadcrumb\"},\"inLanguage\":\"de\",\"potentialAction\":[{\"@type\":\"ReadAction\",\"target\":[\"https:\/\/steelform.com\/de\/covid-19-das-leben-geht-weiter\/\"]}]},{\"@type\":\"ImageObject\",\"inLanguage\":\"de\",\"@id\":\"https:\/\/steelform.com\/de\/covid-19-das-leben-geht-weiter\/#primaryimage\",\"url\":\"https:\/\/steelform.com\/wp-content\/uploads\/2020\/04\/abstand.jpeg\",\"contentUrl\":\"https:\/\/steelform.com\/wp-content\/uploads\/2020\/04\/abstand.jpeg\"},{\"@type\":\"BreadcrumbList\",\"@id\":\"https:\/\/steelform.com\/de\/covid-19-das-leben-geht-weiter\/#breadcrumb\",\"itemListElement\":[{\"@type\":\"ListItem\",\"position\":1,\"name\":\"Home\",\"item\":\"https:\/\/steelform.com\/de\/\"},{\"@type\":\"ListItem\",\"position\":2,\"name\":\"COVID-19 &#8211; Das Leben geht weiter&#8230;\"}]},{\"@type\":\"WebSite\",\"@id\":\"https:\/\/steelform.com\/fr\/#website\",\"url\":\"https:\/\/steelform.com\/fr\/\",\"name\":\"steelform | the best reproductions of modern classic desgner furniture\",\"description\":\"true to original premium quality reproduction from Italy.\",\"publisher\":{\"@id\":\"https:\/\/steelform.com\/fr\/#organization\"},\"potentialAction\":[{\"@type\":\"SearchAction\",\"target\":{\"@type\":\"EntryPoint\",\"urlTemplate\":\"https:\/\/steelform.com\/fr\/?s={search_term_string}\"},\"query-input\":{\"@type\":\"PropertyValueSpecification\",\"valueRequired\":true,\"valueName\":\"search_term_string\"}}],\"inLanguage\":\"de\"},{\"@type\":\"Organization\",\"@id\":\"https:\/\/steelform.com\/fr\/#organization\",\"name\":\"steelform.com\",\"url\":\"https:\/\/steelform.com\/fr\/\",\"logo\":{\"@type\":\"ImageObject\",\"inLanguage\":\"de\",\"@id\":\"https:\/\/steelform.com\/fr\/#\/schema\/logo\/image\/\",\"url\":\"https:\/\/steelform.com\/wp-content\/uploads\/revslider\/corbusier-lc21-de\/steelform-logo-large-1.jpg\",\"contentUrl\":\"https:\/\/steelform.com\/wp-content\/uploads\/revslider\/corbusier-lc21-de\/steelform-logo-large-1.jpg\",\"width\":588,\"height\":588,\"caption\":\"steelform.com\"},\"image\":{\"@id\":\"https:\/\/steelform.com\/fr\/#\/schema\/logo\/image\/\"}}]}<\/script>\n<!-- \/ Yoast SEO plugin. -->","yoast_head_json":{"title":"COVID-19 - Das Leben geht weiter... - steelform | the best reproductions of modern classic desgner furniture","robots":{"index":"index","follow":"follow","max-snippet":"max-snippet:-1","max-image-preview":"max-image-preview:large","max-video-preview":"max-video-preview:-1"},"canonical":"https:\/\/steelform.com\/de\/covid-19-das-leben-geht-weiter\/","og_locale":"de_DE","og_type":"article","og_title":"COVID-19 - Das Leben geht weiter... - steelform | the best reproductions of modern classic desgner furniture","og_url":"https:\/\/steelform.com\/de\/covid-19-das-leben-geht-weiter\/","og_site_name":"steelform | the best reproductions of modern classic desgner furniture","article_modified_time":"2020-04-14T14:19:10+00:00","og_image":[{"url":"https:\/\/steelform.com\/wp-content\/uploads\/2020\/04\/abstand.jpeg"}],"twitter_card":"summary_large_image","twitter_misc":{"Gesch\u00e4tzte Lesezeit":"1\u00a0Minute"},"schema":{"@context":"https:\/\/schema.org","@graph":[{"@type":"WebPage","@id":"https:\/\/steelform.com\/de\/covid-19-das-leben-geht-weiter\/","url":"https:\/\/steelform.com\/de\/covid-19-das-leben-geht-weiter\/","name":"COVID-19 - Das Leben geht weiter... - steelform | the best reproductions of modern classic desgner furniture","isPartOf":{"@id":"https:\/\/steelform.com\/fr\/#website"},"primaryImageOfPage":{"@id":"https:\/\/steelform.com\/de\/covid-19-das-leben-geht-weiter\/#primaryimage"},"image":{"@id":"https:\/\/steelform.com\/de\/covid-19-das-leben-geht-weiter\/#primaryimage"},"thumbnailUrl":"https:\/\/steelform.com\/wp-content\/uploads\/2020\/04\/abstand.jpeg","datePublished":"2020-03-22T10:35:14+00:00","dateModified":"2020-04-14T14:19:10+00:00","breadcrumb":{"@id":"https:\/\/steelform.com\/de\/covid-19-das-leben-geht-weiter\/#breadcrumb"},"inLanguage":"de","potentialAction":[{"@type":"ReadAction","target":["https:\/\/steelform.com\/de\/covid-19-das-leben-geht-weiter\/"]}]},{"@type":"ImageObject","inLanguage":"de","@id":"https:\/\/steelform.com\/de\/covid-19-das-leben-geht-weiter\/#primaryimage","url":"https:\/\/steelform.com\/wp-content\/uploads\/2020\/04\/abstand.jpeg","contentUrl":"https:\/\/steelform.com\/wp-content\/uploads\/2020\/04\/abstand.jpeg"},{"@type":"BreadcrumbList","@id":"https:\/\/steelform.com\/de\/covid-19-das-leben-geht-weiter\/#breadcrumb","itemListElement":[{"@type":"ListItem","position":1,"name":"Home","item":"https:\/\/steelform.com\/de\/"},{"@type":"ListItem","position":2,"name":"COVID-19 &#8211; Das Leben geht weiter&#8230;"}]},{"@type":"WebSite","@id":"https:\/\/steelform.com\/fr\/#website","url":"https:\/\/steelform.com\/fr\/","name":"steelform | the best reproductions of modern classic desgner furniture","description":"true to original premium quality reproduction from Italy.","publisher":{"@id":"https:\/\/steelform.com\/fr\/#organization"},"potentialAction":[{"@type":"SearchAction","target":{"@type":"EntryPoint","urlTemplate":"https:\/\/steelform.com\/fr\/?s={search_term_string}"},"query-input":{"@type":"PropertyValueSpecification","valueRequired":true,"valueName":"search_term_string"}}],"inLanguage":"de"},{"@type":"Organization","@id":"https:\/\/steelform.com\/fr\/#organization","name":"steelform.com","url":"https:\/\/steelform.com\/fr\/","logo":{"@type":"ImageObject","inLanguage":"de","@id":"https:\/\/steelform.com\/fr\/#\/schema\/logo\/image\/","url":"https:\/\/steelform.com\/wp-content\/uploads\/revslider\/corbusier-lc21-de\/steelform-logo-large-1.jpg","contentUrl":"https:\/\/steelform.com\/wp-content\/uploads\/revslider\/corbusier-lc21-de\/steelform-logo-large-1.jpg","width":588,"height":588,"caption":"steelform.com"},"image":{"@id":"https:\/\/steelform.com\/fr\/#\/schema\/logo\/image\/"}}]}},"_links":{"self":[{"href":"https:\/\/steelform.com\/de\/wp-json\/wp\/v2\/pages\/57287"}],"collection":[{"href":"https:\/\/steelform.com\/de\/wp-json\/wp\/v2\/pages"}],"about":[{"href":"https:\/\/steelform.com\/de\/wp-json\/wp\/v2\/types\/page"}],"author":[{"embeddable":true,"href":"https:\/\/steelform.com\/de\/wp-json\/wp\/v2\/users\/1"}],"replies":[{"embeddable":true,"href":"https:\/\/steelform.com\/de\/wp-json\/wp\/v2\/comments?post=57287"}],"version-history":[{"count":25,"href":"https:\/\/steelform.com\/de\/wp-json\/wp\/v2\/pages\/57287\/revisions"}],"predecessor-version":[{"id":58502,"href":"https:\/\/steelform.com\/de\/wp-json\/wp\/v2\/pages\/57287\/revisions\/58502"}],"wp:attachment":[{"href":"https:\/\/steelform.com\/de\/wp-json\/wp\/v2\/media?parent=57287"}],"curies":[{"name":"wp","href":"https:\/\/api.w.org\/{rel}","templated":true}]}}