{"id":21573,"date":"2017-04-05T19:06:54","date_gmt":"2017-04-05T17:06:54","guid":{"rendered":"http:\/\/www.simplysteelform.com\/?page_id=21573\/"},"modified":"2018-05-07T10:02:39","modified_gmt":"2018-05-07T08:02:39","slug":"menciones-legales","status":"publish","type":"page","link":"https:\/\/steelform.com\/es\/menciones-legales\/","title":{"rendered":"Menciones Legales"},"content":{"rendered":"<p><strong>Direcci\u00f3n<\/strong>:<\/p>\n<p>Bushido Furniture Ltd.<br \/>\nVia Valcanoro<br \/>\n50021 Barberino Val d&#8217;Elsa (FI)<br \/>\nITALIA<\/p>\n<p><strong>Tel\u00e9fono:<\/strong><\/p>\n<p>+39 0577 1460007<\/p>\n<p>(No siempre estamos disponibles en este n\u00famero de tel\u00e9fono, utilice nuestro formulario de contacto por correo electr\u00f3nico para cualquier consulta)<\/p>\n<p><strong>Responsable:<\/strong><\/p>\n<p>Philipp Reuter<\/p>\n<p><strong>Disposiciones de protecci\u00f3n de datos<\/strong><\/p>\n<p>Bushido Furniture\u00a0otorga gran importancia a la protecci\u00f3n de su privacidad y sus datos personales. Por eso, gestionamos siempre nuestra actividad en Internet de acuerdo con la ley de protecci\u00f3n de datos aplicable y conforme a esta declaraci\u00f3n de protecci\u00f3n de datos. Por norma general nuestra p\u00e1gina web puede usarse sin necesidad de aportar datos personales.<\/p>\n<p><strong>Datos personales<\/strong><\/p>\n<p>No recopilamos datos personales en nuestra p\u00e1gina web sin su conformidad expresa y voluntaria. \u00danicamente usted decide si, por ejemplo, desea comunicarnos su direcci\u00f3n de correo electr\u00f3nico o su direcci\u00f3n postal para poder ponernos en contacto con usted, poder tramitar su consulta o concederle acceso a informaci\u00f3n u ofertas especiales. Si nos proporciona datos personales, ser\u00e1n tratados de forma estrictamente confidencial y no se proporcionar\u00e1n a terceros sin su expreso consentimiento. Toda la informaci\u00f3n que obtenemos de usted al usar nuestros servicios de Internet sirve exclusivamente para el procesamiento de informaci\u00f3n de usuarios, as\u00ed como la comunicaci\u00f3n acerca de pedidos, productos y servicios.<\/p>\n<p><strong>Cookies<\/strong><\/p>\n<p>En cuanto usted se pone en contacto con nosotros, recibimos y almacenamos determinada informaci\u00f3n. Entre otros, utilizamos las denominadas cookies. Las cookies son la informaci\u00f3n que se almacena autom\u00e1ticamente en su ordenador, conforme a unas reglas estrictas y con contenidos verificables por usted. Utilizamos las cookies \u00fanicamente para ofrecerle una mayor facilidad de uso de nuestra p\u00e1gina web, por ejemplo, para evitar que tenga que volver a introducir cada vez su contrase\u00f1a o sus preferencias.<\/p>\n<p><strong>Google Analytics<\/strong><\/p>\n<p>Esta p\u00e1gina web utiliza Google Analytics, un servicio de an\u00e1lisis web de Google Inc. (\u201cGoogle\u201d). El proveedor es Google Inc., 1600 Amphitheatre Parkway Mountain View, CA 94043, Estados Unidos. Google Analytics utiliza cookies, es decir, archivos de texto que se almacenan en su ordenador y permiten un an\u00e1lisis del uso de nuestra p\u00e1gina web. Las informaciones generadas por estas cookies sobre el uso de esta p\u00e1gina web (incluida la direcci\u00f3n IP) se env\u00edan a un servidor de Google en los Estados Unidos y se almacenan all\u00ed. Google utilizar\u00e1 estas informaciones para analizar su uso de esta p\u00e1gina web, elaborar informes sobre la actividad de la p\u00e1gina web para los operadores de la p\u00e1gina web, as\u00ed como para prestar otros servicios relacionados con el uso de la p\u00e1gina web y de Internet. Dado el caso, Google tambi\u00e9n transmitir\u00e1 esta informaci\u00f3n a terceros siempre y cuando la ley lo exija o en tanto tales datos sean procesados por terceros por encargo de Google. Google no asociar\u00e1 su direcci\u00f3n IP con otros datos de Google. Puede evitar el almacenamiento de cookies mediante el ajuste adecuado del software de su navegador o no aceptarlas en el banner de aviso; no obstante, le informamos de que, en tal caso, es posible que no pueda usar la plena funcionabilidad de este sitio web. Al utilizar esta p\u00e1gina web, usted se declara conforme con el tratamiento de datos recopilados sobre usted por parte de Google de la forma y con el fin anteriormente descritos.<\/p>\n<p><strong>Seguridad de datos<\/strong><\/p>\n<p>Tomamos esmeradamente las medidas oportunas para proteger sus datos frente a p\u00e9rdida, manipulaci\u00f3n y acceso no autorizado. Estas medidas corresponden al estado de desarrollo tecnol\u00f3gico y cumplen con la normativa legal.<\/p>\n<p><strong>Enlaces a otras p\u00e1ginas web<\/strong><\/p>\n<p>La p\u00e1gina web contiene enlaces a p\u00e1ginas web externas. Dado que estas p\u00e1ginas se encuentran fuera de nuestro \u00e1mbito de influencia no podemos asumir ning\u00fan tipo de responsabilidad por sus contenidos y su pol\u00edtica de protecci\u00f3n de datos.<\/p>\n<p><strong>Archivos log del servidor<\/strong><\/p>\n<p>El proveedor de las p\u00e1ginas recopila y guarda informaci\u00f3n autom\u00e1ticamente en los denominados archivos log del servidor que su navegador nos env\u00eda autom\u00e1ticamente. \u00c9sta informaci\u00f3n es la siguiente:<\/p>\n<p>Tipo y versi\u00f3n del navegador<\/p>\n<ul>\n<li>Sistema operativo utilizado<\/li>\n<li>URL de referencia<\/li>\n<li>Nombre del Host del ordenador del que se accede<\/li>\n<li>Hora de la solicitud del servidor<\/li>\n<\/ul>\n<p>Estos datos no pueden relacionarse con personas concretas y no se vincular\u00e1n con otras fuentes de datos. Nos reservamos el derecho de comprobar estos datos posteriormente cuando existan indicios concretos de un uso ilegal.<\/p>\n<p><strong>Contacto por correo electr\u00f3nico<\/strong><\/p>\n<p>Si nos env\u00eda consultas por correo electr\u00f3nico a trav\u00e9s de nuestra p\u00e1gina web, se guardar\u00e1n sus datos incluyendo los datos de contacto indicados en ellas para procesar la consulta y en caso de que hubiese consultas adicionales. No compartiremos estos datos sin su consentimiento.<\/p>\n<p><strong>Informaci\u00f3n, eliminaci\u00f3n, revocaci\u00f3n<\/strong><\/p>\n<p>En los sitios de la p\u00e1gina web en la que recopilamos datos para un fin determinado, usted tiene la posibilidad de excluir sus datos haciendo clic en una casilla de verificaci\u00f3n o ajustando adecuadamente la configuraci\u00f3n del navegador.<\/p>\n<p>Usted tiene el derecho de ser informado ampliamente en cualquier momento sobre sus datos personales guardados, su origen y destinatario y la finalidad del procesamiento de datos, as\u00ed como el derecho de corregir o borrar estos datos. A tal efecto y en caso de que necesite informaci\u00f3n complementaria sobre el tema de datos personales, no dude en ponerse en contacto con nosotros escribi\u00e9ndonos a la direcci\u00f3n de correo electr\u00f3nico<\/p>\n","protected":false},"excerpt":{"rendered":"<p>Direcci\u00f3n: Bushido Furniture Ltd. Via Valcanoro 50021 Barberino Val d&#8217;Elsa (FI) ITALIA Tel\u00e9fono: +39 0577 1460007 (No siempre estamos disponibles en este n\u00famero de tel\u00e9fono, utilice nuestro formulario de contacto por correo electr\u00f3nico para cualquier consulta) Responsable: Philipp Reuter Disposiciones de protecci\u00f3n de datos Bushido Furniture\u00a0otorga gran importancia a la protecci\u00f3n de su privacidad y [&#8230;]\n","protected":false},"author":1,"featured_media":0,"parent":0,"menu_order":0,"comment_status":"closed","ping_status":"closed","template":"","meta":{"qubely_global_settings":"","qubely_interactions":"","footnotes":""},"class_list":["post-21573","page","type-page","status-publish","hentry"],"yoast_head":"<!-- This site is optimized with the Yoast SEO plugin v23.4 - https:\/\/yoast.com\/wordpress\/plugins\/seo\/ -->\n<title>Menciones Legales - steelform | the best reproductions of modern classic designer furniture<\/title>\n<meta name=\"robots\" content=\"index, follow, max-snippet:-1, max-image-preview:large, max-video-preview:-1\" \/>\n<link rel=\"canonical\" href=\"https:\/\/steelform.com\/es\/menciones-legales\/\" \/>\n<meta property=\"og:locale\" content=\"es_ES\" \/>\n<meta property=\"og:type\" content=\"article\" \/>\n<meta property=\"og:title\" content=\"Menciones Legales - steelform | the best reproductions of modern classic designer furniture\" \/>\n<meta property=\"og:description\" content=\"Direcci\u00f3n: Bushido Furniture Ltd. Via Valcanoro 50021 Barberino Val d&#8217;Elsa (FI) ITALIA Tel\u00e9fono: +39 0577 1460007 (No siempre estamos disponibles en este n\u00famero de tel\u00e9fono, utilice nuestro formulario de contacto por correo electr\u00f3nico para cualquier consulta) Responsable: Philipp Reuter Disposiciones de protecci\u00f3n de datos Bushido Furniture\u00a0otorga gran importancia a la protecci\u00f3n de su privacidad y [...]\" \/>\n<meta property=\"og:url\" content=\"https:\/\/steelform.com\/es\/menciones-legales\/\" \/>\n<meta property=\"og:site_name\" content=\"steelform | the best reproductions of modern classic designer furniture\" \/>\n<meta property=\"article:modified_time\" content=\"2018-05-07T08:02:39+00:00\" \/>\n<meta property=\"og:image\" content=\"https:\/\/steelform.com\/wp-content\/uploads\/2017\/04\/lounge-ottoman-brown.jpg\" \/>\n\t<meta property=\"og:image:width\" content=\"1500\" \/>\n\t<meta property=\"og:image:height\" content=\"1500\" \/>\n\t<meta property=\"og:image:type\" content=\"image\/jpeg\" \/>\n<meta name=\"twitter:card\" content=\"summary_large_image\" \/>\n<meta name=\"twitter:label1\" content=\"Tiempo de lectura\" \/>\n\t<meta name=\"twitter:data1\" content=\"5 minutos\" \/>\n<script type=\"application\/ld+json\" class=\"yoast-schema-graph\">{\"@context\":\"https:\/\/schema.org\",\"@graph\":[{\"@type\":\"WebPage\",\"@id\":\"https:\/\/steelform.com\/es\/menciones-legales\/\",\"url\":\"https:\/\/steelform.com\/es\/menciones-legales\/\",\"name\":\"Menciones Legales - steelform | the best reproductions of modern classic designer furniture\",\"isPartOf\":{\"@id\":\"https:\/\/steelform.com\/fr\/#website\"},\"datePublished\":\"2017-04-05T17:06:54+00:00\",\"dateModified\":\"2018-05-07T08:02:39+00:00\",\"breadcrumb\":{\"@id\":\"https:\/\/steelform.com\/es\/menciones-legales\/#breadcrumb\"},\"inLanguage\":\"es\",\"potentialAction\":[{\"@type\":\"ReadAction\",\"target\":[\"https:\/\/steelform.com\/es\/menciones-legales\/\"]}]},{\"@type\":\"BreadcrumbList\",\"@id\":\"https:\/\/steelform.com\/es\/menciones-legales\/#breadcrumb\",\"itemListElement\":[{\"@type\":\"ListItem\",\"position\":1,\"name\":\"Home\",\"item\":\"https:\/\/steelform.com\/es\/\"},{\"@type\":\"ListItem\",\"position\":2,\"name\":\"Menciones Legales\"}]},{\"@type\":\"WebSite\",\"@id\":\"https:\/\/steelform.com\/fr\/#website\",\"url\":\"https:\/\/steelform.com\/fr\/\",\"name\":\"steelform | the best reproductions of modern classic designer furniture\",\"description\":\"true to original premium quality reproduction from Italy.\",\"publisher\":{\"@id\":\"https:\/\/steelform.com\/fr\/#organization\"},\"potentialAction\":[{\"@type\":\"SearchAction\",\"target\":{\"@type\":\"EntryPoint\",\"urlTemplate\":\"https:\/\/steelform.com\/fr\/?s={search_term_string}\"},\"query-input\":{\"@type\":\"PropertyValueSpecification\",\"valueRequired\":true,\"valueName\":\"search_term_string\"}}],\"inLanguage\":\"es\"},{\"@type\":\"Organization\",\"@id\":\"https:\/\/steelform.com\/fr\/#organization\",\"name\":\"steelform.com\",\"url\":\"https:\/\/steelform.com\/fr\/\",\"logo\":{\"@type\":\"ImageObject\",\"inLanguage\":\"es\",\"@id\":\"https:\/\/steelform.com\/fr\/#\/schema\/logo\/image\/\",\"url\":\"https:\/\/steelform.com\/wp-content\/uploads\/revslider\/corbusier-lc21-de\/steelform-logo-large-1.jpg\",\"contentUrl\":\"https:\/\/steelform.com\/wp-content\/uploads\/revslider\/corbusier-lc21-de\/steelform-logo-large-1.jpg\",\"width\":588,\"height\":588,\"caption\":\"steelform.com\"},\"image\":{\"@id\":\"https:\/\/steelform.com\/fr\/#\/schema\/logo\/image\/\"}}]}<\/script>\n<!-- \/ Yoast SEO plugin. -->","yoast_head_json":{"title":"Menciones Legales - steelform | the best reproductions of modern classic designer furniture","robots":{"index":"index","follow":"follow","max-snippet":"max-snippet:-1","max-image-preview":"max-image-preview:large","max-video-preview":"max-video-preview:-1"},"canonical":"https:\/\/steelform.com\/es\/menciones-legales\/","og_locale":"es_ES","og_type":"article","og_title":"Menciones Legales - steelform | the best reproductions of modern classic designer furniture","og_description":"Direcci\u00f3n: Bushido Furniture Ltd. Via Valcanoro 50021 Barberino Val d&#8217;Elsa (FI) ITALIA Tel\u00e9fono: +39 0577 1460007 (No siempre estamos disponibles en este n\u00famero de tel\u00e9fono, utilice nuestro formulario de contacto por correo electr\u00f3nico para cualquier consulta) Responsable: Philipp Reuter Disposiciones de protecci\u00f3n de datos Bushido Furniture\u00a0otorga gran importancia a la protecci\u00f3n de su privacidad y [...]","og_url":"https:\/\/steelform.com\/es\/menciones-legales\/","og_site_name":"steelform | the best reproductions of modern classic designer furniture","article_modified_time":"2018-05-07T08:02:39+00:00","og_image":[{"width":1500,"height":1500,"url":"https:\/\/steelform.com\/wp-content\/uploads\/2017\/04\/lounge-ottoman-brown.jpg","type":"image\/jpeg"}],"twitter_card":"summary_large_image","twitter_misc":{"Tiempo de lectura":"5 minutos"},"schema":{"@context":"https:\/\/schema.org","@graph":[{"@type":"WebPage","@id":"https:\/\/steelform.com\/es\/menciones-legales\/","url":"https:\/\/steelform.com\/es\/menciones-legales\/","name":"Menciones Legales - steelform | the best reproductions of modern classic designer furniture","isPartOf":{"@id":"https:\/\/steelform.com\/fr\/#website"},"datePublished":"2017-04-05T17:06:54+00:00","dateModified":"2018-05-07T08:02:39+00:00","breadcrumb":{"@id":"https:\/\/steelform.com\/es\/menciones-legales\/#breadcrumb"},"inLanguage":"es","potentialAction":[{"@type":"ReadAction","target":["https:\/\/steelform.com\/es\/menciones-legales\/"]}]},{"@type":"BreadcrumbList","@id":"https:\/\/steelform.com\/es\/menciones-legales\/#breadcrumb","itemListElement":[{"@type":"ListItem","position":1,"name":"Home","item":"https:\/\/steelform.com\/es\/"},{"@type":"ListItem","position":2,"name":"Menciones Legales"}]},{"@type":"WebSite","@id":"https:\/\/steelform.com\/fr\/#website","url":"https:\/\/steelform.com\/fr\/","name":"steelform | the best reproductions of modern classic designer furniture","description":"true to original premium quality reproduction from Italy.","publisher":{"@id":"https:\/\/steelform.com\/fr\/#organization"},"potentialAction":[{"@type":"SearchAction","target":{"@type":"EntryPoint","urlTemplate":"https:\/\/steelform.com\/fr\/?s={search_term_string}"},"query-input":{"@type":"PropertyValueSpecification","valueRequired":true,"valueName":"search_term_string"}}],"inLanguage":"es"},{"@type":"Organization","@id":"https:\/\/steelform.com\/fr\/#organization","name":"steelform.com","url":"https:\/\/steelform.com\/fr\/","logo":{"@type":"ImageObject","inLanguage":"es","@id":"https:\/\/steelform.com\/fr\/#\/schema\/logo\/image\/","url":"https:\/\/steelform.com\/wp-content\/uploads\/revslider\/corbusier-lc21-de\/steelform-logo-large-1.jpg","contentUrl":"https:\/\/steelform.com\/wp-content\/uploads\/revslider\/corbusier-lc21-de\/steelform-logo-large-1.jpg","width":588,"height":588,"caption":"steelform.com"},"image":{"@id":"https:\/\/steelform.com\/fr\/#\/schema\/logo\/image\/"}}]}},"_links":{"self":[{"href":"https:\/\/steelform.com\/es\/wp-json\/wp\/v2\/pages\/21573"}],"collection":[{"href":"https:\/\/steelform.com\/es\/wp-json\/wp\/v2\/pages"}],"about":[{"href":"https:\/\/steelform.com\/es\/wp-json\/wp\/v2\/types\/page"}],"author":[{"embeddable":true,"href":"https:\/\/steelform.com\/es\/wp-json\/wp\/v2\/users\/1"}],"replies":[{"embeddable":true,"href":"https:\/\/steelform.com\/es\/wp-json\/wp\/v2\/comments?post=21573"}],"version-history":[{"count":7,"href":"https:\/\/steelform.com\/es\/wp-json\/wp\/v2\/pages\/21573\/revisions"}],"predecessor-version":[{"id":24462,"href":"https:\/\/steelform.com\/es\/wp-json\/wp\/v2\/pages\/21573\/revisions\/24462"}],"wp:attachment":[{"href":"https:\/\/steelform.com\/es\/wp-json\/wp\/v2\/media?parent=21573"}],"curies":[{"name":"wp","href":"https:\/\/api.w.org\/{rel}","templated":true}]}}