{"id":21601,"date":"2017-04-06T17:42:04","date_gmt":"2017-04-06T15:42:04","guid":{"rendered":"http:\/\/www.simplysteelform.com\/?page_id=21601\/"},"modified":"2017-04-10T08:44:14","modified_gmt":"2017-04-10T06:44:14","slug":"materials","status":"publish","type":"page","link":"https:\/\/steelform.com\/es\/materials\/","title":{"rendered":"Materials"},"content":{"rendered":"  <div id=\"page-header-1685515038\" class=\"page-header-wrapper\">\n  <div class=\"page-title light divided-title\">\n\n    \n    <div class=\"page-title-inner container align-center flex-row medium-flex-wrap\" >\n              <div class=\"title-wrapper is-large flex-col text-left medium-text-center\">\n          <h1 class=\"entry-title mb-0\">\n            Los Materiales          <\/h1>\n        <\/div>\n                    <div class=\"title-content flex-col flex-right text-right medium-text-center\">\n        <div class=\"title-breadcrumbs pb-half pt-half\"><nav class=\"woocommerce-breadcrumb breadcrumbs uppercase\">Inicio<\/nav><\/div>      <\/div>\n    <\/div>\n\n     \n<style>\n#page-header-1685515038 {\n  margin-bottom: 10px;\n}\n<\/style>\n  <\/div>\n  <div class=\"container header-wrapper-divider\"><hr\/><\/div>  <\/div>\n  \n\t<div id=\"gap-154331301\" class=\"gap-element clearfix\" style=\"display:block; height:auto;\">\n\t\t\n<style>\n#gap-154331301 {\n  padding-top: 30px;\n}\n<\/style>\n\t<\/div>\n\t\n<div class=\"row\"  id=\"row-84644530\">\n\n\t<div id=\"col-1218138823\" class=\"col medium-6 small-12 large-6\"  >\n\t\t<div class=\"col-inner\"  >\n\t\t\t\n\t\t\t\n\t<div class=\"img has-hover x md-x lg-x y md-y lg-y\" id=\"image_1085712108\">\n\t\t\t\t\t\t\t\t<div class=\"img-inner dark\" >\n\t\t\t<img loading=\"lazy\" decoding=\"async\" width=\"1000\" height=\"800\" src=\"https:\/\/steelform.com\/wp-content\/uploads\/2017\/03\/cold-steel-tube.jpg\" class=\"attachment-large size-large\" alt=\"Steel tube\" srcset=\"https:\/\/steelform.com\/wp-content\/uploads\/2017\/03\/cold-steel-tube.jpg 1000w, https:\/\/steelform.com\/wp-content\/uploads\/2017\/03\/cold-steel-tube-510x408.jpg 510w, https:\/\/steelform.com\/wp-content\/uploads\/2017\/03\/cold-steel-tube-300x240.jpg 300w, https:\/\/steelform.com\/wp-content\/uploads\/2017\/03\/cold-steel-tube-768x614.jpg 768w, https:\/\/steelform.com\/wp-content\/uploads\/2017\/03\/cold-steel-tube-247x198.jpg 247w\" sizes=\"(max-width: 1000px) 100vw, 1000px\" \/>\t\t\t\t\t\t\n\t\t\t\t\t<\/div>\n\t\t\t\t\t\t\t\t\n<style>\n#image_1085712108 {\n  width: 100%;\n}\n<\/style>\n\t<\/div>\n\t\n\t\t<\/div>\n\t\t\t<\/div>\n\n\t\n\n\t<div id=\"col-1558948947\" class=\"col medium-6 small-12 large-6\"  >\n\t\t<div class=\"col-inner\" style=\"max-width:520px;\" >\n\t\t\t\n\t\t\t\n<h3><strong>Tubo de acero<\/strong><\/h3>\n<p>Los dise\u00f1adores modernistas escogieron un tubo pulido de acero de 1 pulgada de espesor debido a que era un material ampliamente disponible y barato.<\/p>\n<p>Hasta ahora nada supera nuestro buen acero cromado \u00a0cuando se trata de durabilidad y acabado. Para lograr iguales resultados con acero inoxidable se necesitar\u00eda un procesamiento adecuado que costar\u00eda tres veces m\u00e1s.<\/p>\n\t\t<\/div>\n\t\t\n<style>\n#col-1558948947 > .col-inner {\n  padding: 5% 5% 5% 5%;\n}\n<\/style>\n\t<\/div>\n\n\t\n\n<style>\n#row-84644530 > .col > .col-inner {\n  padding: 0px 0px 0px 0px;\n}\n<\/style>\n<\/div>\n\t<div id=\"gap-1351342441\" class=\"gap-element clearfix\" style=\"display:block; height:auto;\">\n\t\t\n<style>\n#gap-1351342441 {\n  padding-top: 30px;\n}\n<\/style>\n\t<\/div>\n\t\n\t<div id=\"gap-1196835633\" class=\"gap-element clearfix\" style=\"display:block; height:auto;\">\n\t\t\n<style>\n#gap-1196835633 {\n  padding-top: 30px;\n}\n<\/style>\n\t<\/div>\n\t\n<h3><strong>\u00a1Tomad precauci\u00f3n!<\/strong><\/h3>\n<p>El acero se paga por peso y el acero inoxidable es caro. Es por eso que los productores asi\u00e1ticos usan tubos de calibre m\u00e1s delgado. El mobiliario no s\u00f3lo es mucho m\u00e1s ligero, sino que puede doblarse o romperse con el tiempo.<\/p>\n<div class=\"row row-full-width\"  id=\"row-707684916\">\n\n\t<div id=\"col-1855838502\" class=\"col medium-6 small-12 large-6\"  >\n\t\t<div class=\"col-inner\" style=\"max-width:520px;\" >\n\t\t\t\n\t\t\t\n<h3><strong>Triple cromado<\/strong><\/h3>\n<p>Este t\u00e9rmino es ampliamente utilizado, pero un poco enga\u00f1oso. Despu\u00e9s de una cuidadosa limpieza y desengrasado, el acero recibe dos recubrimientos de n\u00edquel, antes de ser finalmente cromado hasta un grosor de 30 micras.<\/p>\n<p>Hasta ahora nada supera nuestro buen acero cromado cuando se trata de durabilidad y acabado. Para lograr iguales resultados usando acero inoxidable adecuado con un procesamiento adecuado costar\u00eda tres veces m\u00e1s.<\/p>\n\t\t<\/div>\n\t\t\n<style>\n#col-1855838502 > .col-inner {\n  padding: 5% 5% 5% 5%;\n}\n<\/style>\n\t<\/div>\n\n\t\n\n\t<div id=\"col-1654385863\" class=\"col medium-6 small-12 large-6\"  >\n\t\t<div class=\"col-inner\"  >\n\t\t\t\n\t\t\t\n\t<div class=\"img has-hover x md-x lg-x y md-y lg-y\" id=\"image_450230575\">\n\t\t\t\t\t\t\t\t<div class=\"img-inner dark\" >\n\t\t\t<img loading=\"lazy\" decoding=\"async\" width=\"1000\" height=\"800\" src=\"https:\/\/steelform.com\/wp-content\/uploads\/2017\/03\/chrome-plating.jpg\" class=\"attachment-large size-large\" alt=\"Chrome plating\" srcset=\"https:\/\/steelform.com\/wp-content\/uploads\/2017\/03\/chrome-plating.jpg 1000w, https:\/\/steelform.com\/wp-content\/uploads\/2017\/03\/chrome-plating-510x408.jpg 510w, https:\/\/steelform.com\/wp-content\/uploads\/2017\/03\/chrome-plating-300x240.jpg 300w, https:\/\/steelform.com\/wp-content\/uploads\/2017\/03\/chrome-plating-768x614.jpg 768w, https:\/\/steelform.com\/wp-content\/uploads\/2017\/03\/chrome-plating-247x198.jpg 247w\" sizes=\"(max-width: 1000px) 100vw, 1000px\" \/>\t\t\t\t\t\t\n\t\t\t\t\t<\/div>\n\t\t\t\t\t\t\t\t\n<style>\n#image_450230575 {\n  width: 100%;\n}\n<\/style>\n\t<\/div>\n\t\n\t\t<\/div>\n\t\t\t<\/div>\n\n\t\n<\/div>\n\t<div id=\"gap-648362485\" class=\"gap-element clearfix\" style=\"display:block; height:auto;\">\n\t\t\n<style>\n#gap-648362485 {\n  padding-top: 30px;\n}\n<\/style>\n\t<\/div>\n\t\n\t<div id=\"gap-1621694192\" class=\"gap-element clearfix\" style=\"display:block; height:auto;\">\n\t\t\n<style>\n#gap-1621694192 {\n  padding-top: 30px;\n}\n<\/style>\n\t<\/div>\n\t\n<div class=\"row row-full-width\"  id=\"row-1594141575\">\n\n\t<div id=\"col-1918581708\" class=\"col medium-6 small-12 large-6\"  >\n\t\t<div class=\"col-inner\"  >\n\t\t\t\n\t\t\t\n\t<div class=\"img has-hover x md-x lg-x y md-y lg-y\" id=\"image_1859292206\">\n\t\t\t\t\t\t\t\t<div class=\"img-inner dark\" >\n\t\t\t<img loading=\"lazy\" decoding=\"async\" width=\"1000\" height=\"800\" src=\"https:\/\/steelform.com\/wp-content\/uploads\/2017\/03\/lord-leather.jpg\" class=\"attachment-large size-large\" alt=\"\" srcset=\"https:\/\/steelform.com\/wp-content\/uploads\/2017\/03\/lord-leather.jpg 1000w, https:\/\/steelform.com\/wp-content\/uploads\/2017\/03\/lord-leather-510x408.jpg 510w, https:\/\/steelform.com\/wp-content\/uploads\/2017\/03\/lord-leather-300x240.jpg 300w, https:\/\/steelform.com\/wp-content\/uploads\/2017\/03\/lord-leather-768x614.jpg 768w, https:\/\/steelform.com\/wp-content\/uploads\/2017\/03\/lord-leather-247x198.jpg 247w\" sizes=\"(max-width: 1000px) 100vw, 1000px\" \/>\t\t\t\t\t\t\n\t\t\t\t\t<\/div>\n\t\t\t\t\t\t\t\t\n<style>\n#image_1859292206 {\n  width: 100%;\n}\n<\/style>\n\t<\/div>\n\t\n\t\t<\/div>\n\t\t\t<\/div>\n\n\t\n\n\t<div id=\"col-1827282445\" class=\"col medium-6 small-12 large-6\"  >\n\t\t<div class=\"col-inner\" style=\"max-width:520px;\" >\n\t\t\t\n\t\t\t\n<h3><strong>Cuero de anilina de alta calidad<\/strong><\/h3>\n<p>El cuero que empleamos es procesado por la famosa curtidur\u00eda italiana DANI SpA, que entre otros, proporciona los interiores de cuero de prestigiosos coches deportivos y yates.<\/p>\n<p>Lord es un cuero de grano lleno que da la sensaci\u00f3n de un grano natural. El tacto es delicado.<\/p>\n<p>La calidad de este cuero se vincula principalmente con la materia prima, que comienza seleccionando las mejores pieles europeas para luego ser realzadas por el bronceado y el procesamiento realizado totalmente en Italia.<\/p>\n<p>ESPESOR 1,3-1,5 mm<\/p>\n<p>\u00a0<\/p>\n\t\t<\/div>\n\t\t\n<style>\n#col-1827282445 > .col-inner {\n  padding: 5% 5% 5% 5%;\n}\n<\/style>\n\t<\/div>\n\n\t\n<\/div>\n\t<div id=\"gap-2019047633\" class=\"gap-element clearfix\" style=\"display:block; height:auto;\">\n\t\t\n<style>\n#gap-2019047633 {\n  padding-top: 30px;\n}\n<\/style>\n\t<\/div>\n\t\n<h3><strong>El cuero debe ser un producto natural<\/strong><\/h3>\n<p>Luchar con precios competitivos ha dado lugar a una enorme creatividad en la invenci\u00f3n de diferentes calidades de cuero y mucha confusi\u00f3n en el lado del cliente.<\/p>\n<p>Al final, todo se reduce a lo mismo: s\u00f3lo una peque\u00f1a parte real de una piel bovina se puede utilizar para el procesamiento de cuero natural de muebles. El gr\u00e1fico muestra las diferentes partes de una piel de vaca, donde s\u00f3lo una peque\u00f1a parte que est\u00e1 marcada como \u00abcroupon\u00bb es lo suficientemente buena. El cuello \/ hombro tiene fuertes arrugas horizontales y las partes del vientre son demasiado estrechas.<\/p>\n<p>Por otra parte, s\u00f3lo el croupon de pieles europeas de bovinos es lo suficientemente alto para permitir el corte de grandes piezas como el colch\u00f3n de la LC4 Chaiselongue de la misma. Aparte de ser mucho m\u00e1s peque\u00f1o, las pieles suramericanas muestran demasiadas cicatrices de picaduras de insectos y cercas para ser adecuadas para cueros de alta calidad.<\/p>\n\t<div id=\"gap-612719156\" class=\"gap-element clearfix\" style=\"display:block; height:auto;\">\n\t\t\n<style>\n#gap-612719156 {\n  padding-top: 30px;\n}\n<\/style>\n\t<\/div>\n\t\n<div class=\"row align-middle\"  id=\"row-1793107219\">\n\n\t<div id=\"col-1761942406\" class=\"col medium-6 small-12 large-6\"  >\n\t\t<div class=\"col-inner\" style=\"max-width:520px;\" >\n\t\t\t\n\t\t\t\n<h3><strong>\u00a1El grano natural es el aut\u00e9ntico!<\/strong><\/h3>\n<p>Los cueros de alta calidad est\u00e1n hechos del lado de GRANO SUPERIOR y mostrar\u00e1n la textura crecida naturalmente de la piel, incluyendo las variaciones en grano y peque\u00f1as imperfecciones. Tienen un toque suave y un brillo opaco.<\/p>\n<p>Estas cualidades son ampliamente llamadas: <strong>CUEROS DE ANILINA<\/strong>. S\u00f3lo pueden procesarse a partir de pieles m\u00e1s o menos impecables y por lo tanto son caras.<\/p>\n<p>La imagen de la derecha muestra un cuero de grano natural. Debajo de un cuero semi anilino con su grano m\u00e1s pronunciado y regular.<\/p>\n<p align=\"justify\">\u00a0<\/p>\n\t\t<\/div>\n\t\t\n<style>\n#col-1761942406 > .col-inner {\n  padding: 5% 5% 5% 5%;\n}\n<\/style>\n\t<\/div>\n\n\t\n\n\t<div id=\"col-1401985429\" class=\"col medium-6 small-12 large-6\"  >\n\t\t<div class=\"col-inner\"  >\n\t\t\t\n\t\t\t\n\t<div class=\"img has-hover x md-x lg-x y md-y lg-y\" id=\"image_1978359964\">\n\t\t\t\t\t\t\t\t<div class=\"img-inner dark\" >\n\t\t\t<img loading=\"lazy\" decoding=\"async\" width=\"1000\" height=\"804\" src=\"https:\/\/steelform.com\/wp-content\/uploads\/2017\/03\/semi-vs-aniline.jpg\" class=\"attachment-large size-large\" alt=\"Leather comparison\" srcset=\"https:\/\/steelform.com\/wp-content\/uploads\/2017\/03\/semi-vs-aniline.jpg 1000w, https:\/\/steelform.com\/wp-content\/uploads\/2017\/03\/semi-vs-aniline-510x410.jpg 510w, https:\/\/steelform.com\/wp-content\/uploads\/2017\/03\/semi-vs-aniline-300x241.jpg 300w, https:\/\/steelform.com\/wp-content\/uploads\/2017\/03\/semi-vs-aniline-768x617.jpg 768w, https:\/\/steelform.com\/wp-content\/uploads\/2017\/03\/semi-vs-aniline-247x199.jpg 247w\" sizes=\"(max-width: 1000px) 100vw, 1000px\" \/>\t\t\t\t\t\t\n\t\t\t\t\t<\/div>\n\t\t\t\t\t\t\t\t\n<style>\n#image_1978359964 {\n  width: 100%;\n}\n<\/style>\n\t<\/div>\n\t\n\t\t<\/div>\n\t\t\t<\/div>\n\n\t\n<\/div>\n\t<div id=\"gap-720110853\" class=\"gap-element clearfix\" style=\"display:block; height:auto;\">\n\t\t\n<style>\n#gap-720110853 {\n  padding-top: 30px;\n}\n<\/style>\n\t<\/div>\n\t\n<div class=\"row row-full-width\"  id=\"row-622011929\">\n\n\t<div id=\"col-1574370726\" class=\"col medium-6 small-12 large-6\"  >\n\t\t<div class=\"col-inner\"  >\n\t\t\t\n\t\t\t\n\t<div class=\"img has-hover x md-x lg-x y md-y lg-y\" id=\"image_1790564855\">\n\t\t\t\t\t\t\t\t<div class=\"img-inner dark\" >\n\t\t\t<img loading=\"lazy\" decoding=\"async\" width=\"1000\" height=\"800\" src=\"https:\/\/steelform.com\/wp-content\/uploads\/2017\/03\/micro-view-leather.jpg\" class=\"attachment-large size-large\" alt=\"Microscopic view\" srcset=\"https:\/\/steelform.com\/wp-content\/uploads\/2017\/03\/micro-view-leather.jpg 1000w, https:\/\/steelform.com\/wp-content\/uploads\/2017\/03\/micro-view-leather-510x408.jpg 510w, https:\/\/steelform.com\/wp-content\/uploads\/2017\/03\/micro-view-leather-300x240.jpg 300w, https:\/\/steelform.com\/wp-content\/uploads\/2017\/03\/micro-view-leather-768x614.jpg 768w, https:\/\/steelform.com\/wp-content\/uploads\/2017\/03\/micro-view-leather-247x198.jpg 247w\" sizes=\"(max-width: 1000px) 100vw, 1000px\" \/>\t\t\t\t\t\t\n\t\t\t\t\t<\/div>\n\t\t\t\t\t\t\t\t\n<style>\n#image_1790564855 {\n  width: 100%;\n}\n<\/style>\n\t<\/div>\n\t\n\t\t<\/div>\n\t\t\t<\/div>\n\n\t\n\n\t<div id=\"col-1598490978\" class=\"col medium-6 small-12 large-6\"  >\n\t\t<div class=\"col-inner\" style=\"max-width:520px;\" >\n\t\t\t\n\t\t\t\n<h3><strong>Bajo lupa:<\/strong><\/h3>\n<p>El cuero de anilina en la parte superior est\u00e1 mostrando los poros naturales de la piel, manteniendo as\u00ed su transpiraci\u00f3n\u00a0y toque caliente.<\/p>\n<p>El cuero pigmentado de abajo ha perdido todas sus propiedades naturales y se siente m\u00e1s como pl\u00e1stico.<\/p>\n<p>Esto es lo que los competidores chinos est\u00e1n vendiendo como <strong>CUERO ITALIANO<\/strong>.\u00a0Es un cuero muy fino dividido con un fuerte olor penetrante y un toque desagradable. Ni siquiera nos atrever\u00edamos a llamar a este cuero.<\/p>\n\t\t<\/div>\n\t\t\n<style>\n#col-1598490978 > .col-inner {\n  padding: 5% 5% 5% 5%;\n}\n<\/style>\n\t<\/div>\n\n\t\n<\/div>\n\t<div id=\"gap-1026038046\" class=\"gap-element clearfix\" style=\"display:block; height:auto;\">\n\t\t\n<style>\n#gap-1026038046 {\n  padding-top: 30px;\n}\n<\/style>\n\t<\/div>\n\t\n","protected":false},"excerpt":{"rendered":"<p>\u00a1Tomad precauci\u00f3n! El acero se paga por peso y el acero inoxidable es caro. Es por eso que los productores asi\u00e1ticos usan tubos de calibre m\u00e1s delgado. El mobiliario no s\u00f3lo es mucho m\u00e1s ligero, sino que puede doblarse o romperse con el tiempo. El cuero debe ser un producto natural Luchar con precios competitivos [&#8230;]\n","protected":false},"author":1,"featured_media":0,"parent":0,"menu_order":0,"comment_status":"closed","ping_status":"closed","template":"","meta":{"qubely_global_settings":"","qubely_interactions":"","footnotes":""},"class_list":["post-21601","page","type-page","status-publish","hentry"],"yoast_head":"<!-- This site is optimized with the Yoast SEO plugin v23.4 - https:\/\/yoast.com\/wordpress\/plugins\/seo\/ -->\n<title>Materials - steelform | the best reproductions of modern classic designer furniture<\/title>\n<meta name=\"robots\" content=\"index, follow, max-snippet:-1, max-image-preview:large, max-video-preview:-1\" \/>\n<link rel=\"canonical\" href=\"https:\/\/steelform.com\/es\/materials\/\" \/>\n<meta property=\"og:locale\" content=\"es_ES\" \/>\n<meta property=\"og:type\" content=\"article\" \/>\n<meta property=\"og:title\" content=\"Materials - steelform | the best reproductions of modern classic designer furniture\" \/>\n<meta property=\"og:description\" content=\"\u00a1Tomad precauci\u00f3n! El acero se paga por peso y el acero inoxidable es caro. Es por eso que los productores asi\u00e1ticos usan tubos de calibre m\u00e1s delgado. El mobiliario no s\u00f3lo es mucho m\u00e1s ligero, sino que puede doblarse o romperse con el tiempo. El cuero debe ser un producto natural Luchar con precios competitivos [...]\" \/>\n<meta property=\"og:url\" content=\"https:\/\/steelform.com\/es\/materials\/\" \/>\n<meta property=\"og:site_name\" content=\"steelform | the best reproductions of modern classic designer furniture\" \/>\n<meta property=\"article:modified_time\" content=\"2017-04-10T06:44:14+00:00\" \/>\n<meta property=\"og:image\" content=\"https:\/\/steelform.com\/wp-content\/uploads\/2017\/04\/lounge-ottoman-brown.jpg\" \/>\n\t<meta property=\"og:image:width\" content=\"1500\" \/>\n\t<meta property=\"og:image:height\" content=\"1500\" \/>\n\t<meta property=\"og:image:type\" content=\"image\/jpeg\" \/>\n<meta name=\"twitter:card\" content=\"summary_large_image\" \/>\n<meta name=\"twitter:label1\" content=\"Tiempo de lectura\" \/>\n\t<meta name=\"twitter:data1\" content=\"4 minutos\" \/>\n<script type=\"application\/ld+json\" class=\"yoast-schema-graph\">{\"@context\":\"https:\/\/schema.org\",\"@graph\":[{\"@type\":\"WebPage\",\"@id\":\"https:\/\/steelform.com\/es\/materials\/\",\"url\":\"https:\/\/steelform.com\/es\/materials\/\",\"name\":\"Materials - steelform | the best reproductions of modern classic designer furniture\",\"isPartOf\":{\"@id\":\"https:\/\/steelform.com\/fr\/#website\"},\"datePublished\":\"2017-04-06T15:42:04+00:00\",\"dateModified\":\"2017-04-10T06:44:14+00:00\",\"breadcrumb\":{\"@id\":\"https:\/\/steelform.com\/es\/materials\/#breadcrumb\"},\"inLanguage\":\"es\",\"potentialAction\":[{\"@type\":\"ReadAction\",\"target\":[\"https:\/\/steelform.com\/es\/materials\/\"]}]},{\"@type\":\"BreadcrumbList\",\"@id\":\"https:\/\/steelform.com\/es\/materials\/#breadcrumb\",\"itemListElement\":[{\"@type\":\"ListItem\",\"position\":1,\"name\":\"Home\",\"item\":\"https:\/\/steelform.com\/es\/\"},{\"@type\":\"ListItem\",\"position\":2,\"name\":\"Materials\"}]},{\"@type\":\"WebSite\",\"@id\":\"https:\/\/steelform.com\/fr\/#website\",\"url\":\"https:\/\/steelform.com\/fr\/\",\"name\":\"steelform | the best reproductions of modern classic designer furniture\",\"description\":\"true to original premium quality reproduction from Italy.\",\"publisher\":{\"@id\":\"https:\/\/steelform.com\/fr\/#organization\"},\"potentialAction\":[{\"@type\":\"SearchAction\",\"target\":{\"@type\":\"EntryPoint\",\"urlTemplate\":\"https:\/\/steelform.com\/fr\/?s={search_term_string}\"},\"query-input\":{\"@type\":\"PropertyValueSpecification\",\"valueRequired\":true,\"valueName\":\"search_term_string\"}}],\"inLanguage\":\"es\"},{\"@type\":\"Organization\",\"@id\":\"https:\/\/steelform.com\/fr\/#organization\",\"name\":\"steelform.com\",\"url\":\"https:\/\/steelform.com\/fr\/\",\"logo\":{\"@type\":\"ImageObject\",\"inLanguage\":\"es\",\"@id\":\"https:\/\/steelform.com\/fr\/#\/schema\/logo\/image\/\",\"url\":\"https:\/\/steelform.com\/wp-content\/uploads\/revslider\/corbusier-lc21-de\/steelform-logo-large-1.jpg\",\"contentUrl\":\"https:\/\/steelform.com\/wp-content\/uploads\/revslider\/corbusier-lc21-de\/steelform-logo-large-1.jpg\",\"width\":588,\"height\":588,\"caption\":\"steelform.com\"},\"image\":{\"@id\":\"https:\/\/steelform.com\/fr\/#\/schema\/logo\/image\/\"}}]}<\/script>\n<!-- \/ Yoast SEO plugin. -->","yoast_head_json":{"title":"Materials - steelform | the best reproductions of modern classic designer furniture","robots":{"index":"index","follow":"follow","max-snippet":"max-snippet:-1","max-image-preview":"max-image-preview:large","max-video-preview":"max-video-preview:-1"},"canonical":"https:\/\/steelform.com\/es\/materials\/","og_locale":"es_ES","og_type":"article","og_title":"Materials - steelform | the best reproductions of modern classic designer furniture","og_description":"\u00a1Tomad precauci\u00f3n! El acero se paga por peso y el acero inoxidable es caro. Es por eso que los productores asi\u00e1ticos usan tubos de calibre m\u00e1s delgado. El mobiliario no s\u00f3lo es mucho m\u00e1s ligero, sino que puede doblarse o romperse con el tiempo. El cuero debe ser un producto natural Luchar con precios competitivos [...]","og_url":"https:\/\/steelform.com\/es\/materials\/","og_site_name":"steelform | the best reproductions of modern classic designer furniture","article_modified_time":"2017-04-10T06:44:14+00:00","og_image":[{"width":1500,"height":1500,"url":"https:\/\/steelform.com\/wp-content\/uploads\/2017\/04\/lounge-ottoman-brown.jpg","type":"image\/jpeg"}],"twitter_card":"summary_large_image","twitter_misc":{"Tiempo de lectura":"4 minutos"},"schema":{"@context":"https:\/\/schema.org","@graph":[{"@type":"WebPage","@id":"https:\/\/steelform.com\/es\/materials\/","url":"https:\/\/steelform.com\/es\/materials\/","name":"Materials - steelform | the best reproductions of modern classic designer furniture","isPartOf":{"@id":"https:\/\/steelform.com\/fr\/#website"},"datePublished":"2017-04-06T15:42:04+00:00","dateModified":"2017-04-10T06:44:14+00:00","breadcrumb":{"@id":"https:\/\/steelform.com\/es\/materials\/#breadcrumb"},"inLanguage":"es","potentialAction":[{"@type":"ReadAction","target":["https:\/\/steelform.com\/es\/materials\/"]}]},{"@type":"BreadcrumbList","@id":"https:\/\/steelform.com\/es\/materials\/#breadcrumb","itemListElement":[{"@type":"ListItem","position":1,"name":"Home","item":"https:\/\/steelform.com\/es\/"},{"@type":"ListItem","position":2,"name":"Materials"}]},{"@type":"WebSite","@id":"https:\/\/steelform.com\/fr\/#website","url":"https:\/\/steelform.com\/fr\/","name":"steelform | the best reproductions of modern classic designer furniture","description":"true to original premium quality reproduction from Italy.","publisher":{"@id":"https:\/\/steelform.com\/fr\/#organization"},"potentialAction":[{"@type":"SearchAction","target":{"@type":"EntryPoint","urlTemplate":"https:\/\/steelform.com\/fr\/?s={search_term_string}"},"query-input":{"@type":"PropertyValueSpecification","valueRequired":true,"valueName":"search_term_string"}}],"inLanguage":"es"},{"@type":"Organization","@id":"https:\/\/steelform.com\/fr\/#organization","name":"steelform.com","url":"https:\/\/steelform.com\/fr\/","logo":{"@type":"ImageObject","inLanguage":"es","@id":"https:\/\/steelform.com\/fr\/#\/schema\/logo\/image\/","url":"https:\/\/steelform.com\/wp-content\/uploads\/revslider\/corbusier-lc21-de\/steelform-logo-large-1.jpg","contentUrl":"https:\/\/steelform.com\/wp-content\/uploads\/revslider\/corbusier-lc21-de\/steelform-logo-large-1.jpg","width":588,"height":588,"caption":"steelform.com"},"image":{"@id":"https:\/\/steelform.com\/fr\/#\/schema\/logo\/image\/"}}]}},"_links":{"self":[{"href":"https:\/\/steelform.com\/es\/wp-json\/wp\/v2\/pages\/21601"}],"collection":[{"href":"https:\/\/steelform.com\/es\/wp-json\/wp\/v2\/pages"}],"about":[{"href":"https:\/\/steelform.com\/es\/wp-json\/wp\/v2\/types\/page"}],"author":[{"embeddable":true,"href":"https:\/\/steelform.com\/es\/wp-json\/wp\/v2\/users\/1"}],"replies":[{"embeddable":true,"href":"https:\/\/steelform.com\/es\/wp-json\/wp\/v2\/comments?post=21601"}],"version-history":[{"count":9,"href":"https:\/\/steelform.com\/es\/wp-json\/wp\/v2\/pages\/21601\/revisions"}],"predecessor-version":[{"id":21882,"href":"https:\/\/steelform.com\/es\/wp-json\/wp\/v2\/pages\/21601\/revisions\/21882"}],"wp:attachment":[{"href":"https:\/\/steelform.com\/es\/wp-json\/wp\/v2\/media?parent=21601"}],"curies":[{"name":"wp","href":"https:\/\/api.w.org\/{rel}","templated":true}]}}