{"id":21615,"date":"2017-04-06T18:12:54","date_gmt":"2017-04-06T16:12:54","guid":{"rendered":"http:\/\/www.simplysteelform.com\/?page_id=21615\/"},"modified":"2017-04-06T18:23:05","modified_gmt":"2017-04-06T16:23:05","slug":"terms-conditions-of-sale","status":"publish","type":"page","link":"https:\/\/steelform.com\/es\/terms-conditions-of-sale\/","title":{"rendered":"T\u00e9rminos y Condiciones de Venta"},"content":{"rendered":"  <div id=\"page-header-1072510450\" class=\"page-header-wrapper\">\n  <div class=\"page-title light simple-title\">\n\n    \n    <div class=\"page-title-inner container align-center flex-row medium-flex-wrap\" >\n              <div class=\"title-wrapper flex-col text-left medium-text-center\">\n          <h1 class=\"entry-title mb-0\">\n            T\u00e9rminos y Condiciones de Venta          <\/h1>\n        <\/div>\n                    <div class=\"title-content flex-col flex-right text-right medium-text-center\">\n        <div class=\"title-breadcrumbs pb-half pt-half\"><nav class=\"woocommerce-breadcrumb breadcrumbs uppercase\">Inicio<\/nav><\/div>      <\/div>\n    <\/div>\n\n       <\/div>\n    <\/div>\n  \n\t<div id=\"gap-413981115\" class=\"gap-element clearfix\" style=\"display:block; height:auto;\">\n\t\t\n<style>\n#gap-413981115 {\n  padding-top: 30px;\n}\n<\/style>\n\t<\/div>\n\t\n<h2 class=\"h3\"><strong>1.\u00a0Garantia<\/strong><\/h2>\n<p>Si transcurrido un tiempo apareciera cualquier defecto de fabricaci\u00f3n o material, steelform.com ofrece, para cada pieza del mobiliario adquirido en nuestro sitio web, una garant\u00eda internacional limitada que cubre defectos de fabricaci\u00f3n y material bajo uso normal durante un <strong>per\u00edodo de diez a\u00f1os<\/strong>.<br \/>\nDurante el periodo de garant\u00eda, nos encargaremos de proveerles de las piezas necesarias para la reparaci\u00f3n o sustituci\u00f3n de cada producto que pudiera estar defectuoso.<br \/>\nDefectos resultantes de en nuestra opini\u00f3n, el desgaste normal, abuso, mal uso, accidente, modificaci\u00f3n, negligencia o intento de reparaciones est\u00e1n excluidos de esta garant\u00eda.<\/p>\n<h2 class=\"h3\"><strong>2.\u00a0Pol\u00edtica de devoluci\u00f3n<\/strong><\/h2>\n<p>En caso de que no estar satisfecho con su compra por cualquier raz\u00f3n, por favor contacte con nosotros de forma escrita por e-mail dentro de los quince d\u00edas siguientes a la recepci\u00f3n.<br \/>\nNosotros le proveeremos de una direcci\u00f3n donde tiene que enviar el producto devuelto. El precio total ser\u00e1 reembolsado s\u00f3lo cuando el producto sea recibido en nuestro Centro de Devoluciones. No se le aplicar\u00e1 ning\u00fan cargo por la devoluci\u00f3n.<br \/>\nNo obstante no se acepta la devoluci\u00f3n de los productos hechos por encargo especial.<\/p>\n<p>NOTA: S\u00f3lo se efectuar\u00e1 el reembolso de aquellos productos que sean devueltos sin da\u00f1os en su embalaje original (o equivalente).<\/p>\n<h2 class=\"h3\"><strong>3.\u00a0Formas\u00a0de pago<\/strong><\/h2>\n<ul class=\"ul\">\n<li>Aceptamos Visa \/ Mastercard y se procesar\u00e1 su pedido\u00a0una vez hayamos recibido la informaci\u00f3n de la tarjeta de cr\u00e9dito.<\/li>\n<li>Todo\u00a0pedido\u00a0se puede pagar por transferencia bancaria antes de su env\u00edo.<\/li>\n<li>Los pedidos con un valor superior a 10.000 euros s\u00f3lo se procesar\u00e1n una vez recibido el pago inicial del 50%.<\/li>\n<\/ul>\n<p>For any questions and \/ or suggestions please contact our helpful staff.<\/p>\n<h2 class=\"h3\"><strong>4.\u00a0Seguro de env\u00edo<\/strong><\/h2>\n<p>Toda nuestra mercanc\u00eda esta totalmente asegurada contra da\u00f1os, robo y p\u00e9rdida.<\/p>\n<h2 class=\"h3\"><strong>5.\u00a0Da\u00f1os durante el transporte<\/strong><\/h2>\n<div><strong>En el caso de posibles\u00a0da\u00f1os\u00a0externamente de un env\u00edo, en el Albarr\u00e1n de entrega o en el recibo del transportista\u00a0debe ser registrada por escrito!\u00a0<\/strong>En caso de da\u00f1o el\u00a0recibo debe ser enviado a Steelform.<\/div>\n<div><\/div>\n<div>Los da\u00f1os de transporte que s\u00f3lo se notan despu\u00e9s de abrir la caja, debe ser enviado dentro de las 48 horas a Steelform. Da\u00f1os y perjuicios, que se presenten posteriormente no pueden ser aceptadas.<\/div>\n<p>Si al abrir la mercanc\u00eda \u00e9sta se encuentra da\u00f1ada, comun\u00edquese con el transportista para que la recoja y nos la reenv\u00ede. Estaremos encantados de reemplazar el producto y enviarlo nuevamente lo antes posible.<\/p>\n<h2 class=\"h3\"><strong>6.\u00a0Aduanas, tasas e impuestos<\/strong><\/h2>\n<p>En Europa no existen!<\/p>\n<p>Para entregas fuera de Europa\u00a0los derechos de aduana y tasas de importaci\u00f3n, no est\u00e1n incluidas en nuestros precios y se deberan pagar a los respectivos transportistas.<\/p>\n<h2 class=\"h3\"><strong>7.\u00a0Gastos de env\u00edo<\/strong><\/h2>\n<p>El envio en Europa continental esta\u00a0gratuito.<\/p>\n<p>No incluido estan las Islas Canarias y los Baleares<\/p>\n<h2 class=\"h3\"><strong>8.\u00a0Condiciones de envio<\/strong><\/h2>\n<p>Nuestros productos se venden y se entregan de f\u00e1brica, Poggibonsi, Italia.<br \/>\nLa mercanc\u00eda se convierte en propiedad de nuestro cliente en el momento que se ejecuta correctamente el cargo en la tarjeta de cr\u00e9dito.<br \/>\nLos precios indicados en nuestras p\u00e1ginas incluyen el env\u00edo a los pa\u00edses miembros de la Uni\u00f3n Europea, con excepci\u00f3n del Reino Unido, Irlanda y las Islas Mediterr\u00e1neas para los que tenemos que cobrar una peque\u00f1a tarifa adicional.<br \/>\nEn el precio del producto esta incluido el env\u00edo hasta la puerta de entrada o puerta de entrada de residencia. Si necesita m\u00e1s ayuda con cajas m\u00e1s grandes, por favor p\u00f3ngase en contacto con nosotros, para que podamos hacer los arreglos.<\/p>\n","protected":false},"excerpt":{"rendered":"<p>1.\u00a0Garantia Si transcurrido un tiempo apareciera cualquier defecto de fabricaci\u00f3n o material, steelform.com ofrece, para cada pieza del mobiliario adquirido en nuestro sitio web, una garant\u00eda internacional limitada que cubre defectos de fabricaci\u00f3n y material bajo uso normal durante un per\u00edodo de diez a\u00f1os. Durante el periodo de garant\u00eda, nos encargaremos de proveerles de las [&#8230;]\n","protected":false},"author":1,"featured_media":0,"parent":0,"menu_order":0,"comment_status":"closed","ping_status":"closed","template":"","meta":{"qubely_global_settings":"","qubely_interactions":"","footnotes":""},"class_list":["post-21615","page","type-page","status-publish","hentry"],"yoast_head":"<!-- This site is optimized with the Yoast SEO plugin v23.4 - https:\/\/yoast.com\/wordpress\/plugins\/seo\/ -->\n<title>T\u00e9rminos y Condiciones de Venta - steelform | the best reproductions of modern classic designer furniture<\/title>\n<meta name=\"robots\" content=\"index, follow, max-snippet:-1, max-image-preview:large, max-video-preview:-1\" \/>\n<link rel=\"canonical\" href=\"https:\/\/steelform.com\/es\/terms-conditions-of-sale\/\" \/>\n<meta property=\"og:locale\" content=\"es_ES\" \/>\n<meta property=\"og:type\" content=\"article\" \/>\n<meta property=\"og:title\" content=\"T\u00e9rminos y Condiciones de Venta - steelform | the best reproductions of modern classic designer furniture\" \/>\n<meta property=\"og:description\" content=\"1.\u00a0Garantia Si transcurrido un tiempo apareciera cualquier defecto de fabricaci\u00f3n o material, steelform.com ofrece, para cada pieza del mobiliario adquirido en nuestro sitio web, una garant\u00eda internacional limitada que cubre defectos de fabricaci\u00f3n y material bajo uso normal durante un per\u00edodo de diez a\u00f1os. Durante el periodo de garant\u00eda, nos encargaremos de proveerles de las [...]\" \/>\n<meta property=\"og:url\" content=\"https:\/\/steelform.com\/es\/terms-conditions-of-sale\/\" \/>\n<meta property=\"og:site_name\" content=\"steelform | the best reproductions of modern classic designer furniture\" \/>\n<meta property=\"article:modified_time\" content=\"2017-04-06T16:23:05+00:00\" \/>\n<meta property=\"og:image\" content=\"https:\/\/steelform.com\/wp-content\/uploads\/2017\/04\/lounge-ottoman-brown.jpg\" \/>\n\t<meta property=\"og:image:width\" content=\"1500\" \/>\n\t<meta property=\"og:image:height\" content=\"1500\" \/>\n\t<meta property=\"og:image:type\" content=\"image\/jpeg\" \/>\n<meta name=\"twitter:card\" content=\"summary_large_image\" \/>\n<meta name=\"twitter:label1\" content=\"Tiempo de lectura\" \/>\n\t<meta name=\"twitter:data1\" content=\"3 minutos\" \/>\n<script type=\"application\/ld+json\" class=\"yoast-schema-graph\">{\"@context\":\"https:\/\/schema.org\",\"@graph\":[{\"@type\":\"WebPage\",\"@id\":\"https:\/\/steelform.com\/es\/terms-conditions-of-sale\/\",\"url\":\"https:\/\/steelform.com\/es\/terms-conditions-of-sale\/\",\"name\":\"T\u00e9rminos y Condiciones de Venta - steelform | the best reproductions of modern classic designer furniture\",\"isPartOf\":{\"@id\":\"https:\/\/steelform.com\/fr\/#website\"},\"datePublished\":\"2017-04-06T16:12:54+00:00\",\"dateModified\":\"2017-04-06T16:23:05+00:00\",\"breadcrumb\":{\"@id\":\"https:\/\/steelform.com\/es\/terms-conditions-of-sale\/#breadcrumb\"},\"inLanguage\":\"es\",\"potentialAction\":[{\"@type\":\"ReadAction\",\"target\":[\"https:\/\/steelform.com\/es\/terms-conditions-of-sale\/\"]}]},{\"@type\":\"BreadcrumbList\",\"@id\":\"https:\/\/steelform.com\/es\/terms-conditions-of-sale\/#breadcrumb\",\"itemListElement\":[{\"@type\":\"ListItem\",\"position\":1,\"name\":\"Home\",\"item\":\"https:\/\/steelform.com\/es\/\"},{\"@type\":\"ListItem\",\"position\":2,\"name\":\"T\u00e9rminos y Condiciones de Venta\"}]},{\"@type\":\"WebSite\",\"@id\":\"https:\/\/steelform.com\/fr\/#website\",\"url\":\"https:\/\/steelform.com\/fr\/\",\"name\":\"steelform | the best reproductions of modern classic designer furniture\",\"description\":\"true to original premium quality reproduction from Italy.\",\"publisher\":{\"@id\":\"https:\/\/steelform.com\/fr\/#organization\"},\"potentialAction\":[{\"@type\":\"SearchAction\",\"target\":{\"@type\":\"EntryPoint\",\"urlTemplate\":\"https:\/\/steelform.com\/fr\/?s={search_term_string}\"},\"query-input\":{\"@type\":\"PropertyValueSpecification\",\"valueRequired\":true,\"valueName\":\"search_term_string\"}}],\"inLanguage\":\"es\"},{\"@type\":\"Organization\",\"@id\":\"https:\/\/steelform.com\/fr\/#organization\",\"name\":\"steelform.com\",\"url\":\"https:\/\/steelform.com\/fr\/\",\"logo\":{\"@type\":\"ImageObject\",\"inLanguage\":\"es\",\"@id\":\"https:\/\/steelform.com\/fr\/#\/schema\/logo\/image\/\",\"url\":\"https:\/\/steelform.com\/wp-content\/uploads\/revslider\/corbusier-lc21-de\/steelform-logo-large-1.jpg\",\"contentUrl\":\"https:\/\/steelform.com\/wp-content\/uploads\/revslider\/corbusier-lc21-de\/steelform-logo-large-1.jpg\",\"width\":588,\"height\":588,\"caption\":\"steelform.com\"},\"image\":{\"@id\":\"https:\/\/steelform.com\/fr\/#\/schema\/logo\/image\/\"}}]}<\/script>\n<!-- \/ Yoast SEO plugin. -->","yoast_head_json":{"title":"T\u00e9rminos y Condiciones de Venta - steelform | the best reproductions of modern classic designer furniture","robots":{"index":"index","follow":"follow","max-snippet":"max-snippet:-1","max-image-preview":"max-image-preview:large","max-video-preview":"max-video-preview:-1"},"canonical":"https:\/\/steelform.com\/es\/terms-conditions-of-sale\/","og_locale":"es_ES","og_type":"article","og_title":"T\u00e9rminos y Condiciones de Venta - steelform | the best reproductions of modern classic designer furniture","og_description":"1.\u00a0Garantia Si transcurrido un tiempo apareciera cualquier defecto de fabricaci\u00f3n o material, steelform.com ofrece, para cada pieza del mobiliario adquirido en nuestro sitio web, una garant\u00eda internacional limitada que cubre defectos de fabricaci\u00f3n y material bajo uso normal durante un per\u00edodo de diez a\u00f1os. Durante el periodo de garant\u00eda, nos encargaremos de proveerles de las [...]","og_url":"https:\/\/steelform.com\/es\/terms-conditions-of-sale\/","og_site_name":"steelform | the best reproductions of modern classic designer furniture","article_modified_time":"2017-04-06T16:23:05+00:00","og_image":[{"width":1500,"height":1500,"url":"https:\/\/steelform.com\/wp-content\/uploads\/2017\/04\/lounge-ottoman-brown.jpg","type":"image\/jpeg"}],"twitter_card":"summary_large_image","twitter_misc":{"Tiempo de lectura":"3 minutos"},"schema":{"@context":"https:\/\/schema.org","@graph":[{"@type":"WebPage","@id":"https:\/\/steelform.com\/es\/terms-conditions-of-sale\/","url":"https:\/\/steelform.com\/es\/terms-conditions-of-sale\/","name":"T\u00e9rminos y Condiciones de Venta - steelform | the best reproductions of modern classic designer furniture","isPartOf":{"@id":"https:\/\/steelform.com\/fr\/#website"},"datePublished":"2017-04-06T16:12:54+00:00","dateModified":"2017-04-06T16:23:05+00:00","breadcrumb":{"@id":"https:\/\/steelform.com\/es\/terms-conditions-of-sale\/#breadcrumb"},"inLanguage":"es","potentialAction":[{"@type":"ReadAction","target":["https:\/\/steelform.com\/es\/terms-conditions-of-sale\/"]}]},{"@type":"BreadcrumbList","@id":"https:\/\/steelform.com\/es\/terms-conditions-of-sale\/#breadcrumb","itemListElement":[{"@type":"ListItem","position":1,"name":"Home","item":"https:\/\/steelform.com\/es\/"},{"@type":"ListItem","position":2,"name":"T\u00e9rminos y Condiciones de Venta"}]},{"@type":"WebSite","@id":"https:\/\/steelform.com\/fr\/#website","url":"https:\/\/steelform.com\/fr\/","name":"steelform | the best reproductions of modern classic designer furniture","description":"true to original premium quality reproduction from Italy.","publisher":{"@id":"https:\/\/steelform.com\/fr\/#organization"},"potentialAction":[{"@type":"SearchAction","target":{"@type":"EntryPoint","urlTemplate":"https:\/\/steelform.com\/fr\/?s={search_term_string}"},"query-input":{"@type":"PropertyValueSpecification","valueRequired":true,"valueName":"search_term_string"}}],"inLanguage":"es"},{"@type":"Organization","@id":"https:\/\/steelform.com\/fr\/#organization","name":"steelform.com","url":"https:\/\/steelform.com\/fr\/","logo":{"@type":"ImageObject","inLanguage":"es","@id":"https:\/\/steelform.com\/fr\/#\/schema\/logo\/image\/","url":"https:\/\/steelform.com\/wp-content\/uploads\/revslider\/corbusier-lc21-de\/steelform-logo-large-1.jpg","contentUrl":"https:\/\/steelform.com\/wp-content\/uploads\/revslider\/corbusier-lc21-de\/steelform-logo-large-1.jpg","width":588,"height":588,"caption":"steelform.com"},"image":{"@id":"https:\/\/steelform.com\/fr\/#\/schema\/logo\/image\/"}}]}},"_links":{"self":[{"href":"https:\/\/steelform.com\/es\/wp-json\/wp\/v2\/pages\/21615"}],"collection":[{"href":"https:\/\/steelform.com\/es\/wp-json\/wp\/v2\/pages"}],"about":[{"href":"https:\/\/steelform.com\/es\/wp-json\/wp\/v2\/types\/page"}],"author":[{"embeddable":true,"href":"https:\/\/steelform.com\/es\/wp-json\/wp\/v2\/users\/1"}],"replies":[{"embeddable":true,"href":"https:\/\/steelform.com\/es\/wp-json\/wp\/v2\/comments?post=21615"}],"version-history":[{"count":6,"href":"https:\/\/steelform.com\/es\/wp-json\/wp\/v2\/pages\/21615\/revisions"}],"predecessor-version":[{"id":21621,"href":"https:\/\/steelform.com\/es\/wp-json\/wp\/v2\/pages\/21615\/revisions\/21621"}],"wp:attachment":[{"href":"https:\/\/steelform.com\/es\/wp-json\/wp\/v2\/media?parent=21615"}],"curies":[{"name":"wp","href":"https:\/\/api.w.org\/{rel}","templated":true}]}}