{"id":21571,"date":"2017-04-05T19:05:32","date_gmt":"2017-04-05T17:05:32","guid":{"rendered":"http:\/\/www.simplysteelform.com\/?page_id=21571\/"},"modified":"2018-05-07T10:01:48","modified_gmt":"2018-05-07T08:01:48","slug":"mentions-legales","status":"publish","type":"page","link":"https:\/\/steelform.com\/fr\/mentions-legales\/","title":{"rendered":"Mentions l\u00e9gales"},"content":{"rendered":"<p><strong>Adresse <\/strong>:<\/p>\n<p>Bushido Furniture Ltd.<br \/>\nVia Valcanoro<br \/>\n50021 Barberino Val d&rsquo;Elsa (FI)<br \/>\nITALIA<br \/>\n<strong>T\u00e9l\u00e9phone :<\/strong><\/p>\n<p>+39 0577 1460007<\/p>\n<p>(Nous ne sommes pas toujours disponibles \u00e0 ce num\u00e9ro de t\u00e9l\u00e9phone, veuillez utiliser notre formulaire de contact e-mail pour toute demande)<\/p>\n<p><strong>Responsable :<\/strong><\/p>\n<p>Philipp Reuter<\/p>\n<h3>Protection des donn\u00e9es<\/h3>\n<p><strong>Utilisation<\/strong><br \/>\nNous utilisons vos donn\u00e9es personnelles pour traiter votre commande. Toutes les donn\u00e9es sur les clients que nous utilisons sont stock\u00e9es et trait\u00e9es conform\u00e9ment \u00e0 la directive sur la protection des donn\u00e9es 95\/46\/CE du Parlement europ\u00e9en du 24\/10\/1995.<\/p>\n<p><strong>Informations<\/strong><br \/>\nVous avez le droit de corriger, supprimer ou de bloquer vos donn\u00e9es stock\u00e9es. Veuillez contacter notre service \u00e0 la client\u00e8le ou bien envoyez votre demande par courrier ou pas e-mail. La p\u00e9riode de conservation d&rsquo;imp\u00f4t pouvant aller jusqu&rsquo;\u00e0 10 ans, il est possible qu&rsquo;une demande d&rsquo;annulation ne soit pas applicable. Selon la directive 200\/31\/EC sur le commerce \u00e9lectronique du Parlement europ\u00e9en du 08\/06\/2000, les donn\u00e9es peuvent \u00eatre stock\u00e9es.<\/p>\n<p><strong>Divulgation \u00e0 des tiers<\/strong><br \/>\nNous nous engageons \u00e0 ne partager en aucun cas, vos donn\u00e9es personnelles \u00e0 des tiers, y compris votre adresse postale et votre adresse e-mail. A l\u2019exception faite, de nos partenaires de service, tels que le personnel responsable de la compagnie de transport et le personnel charg\u00e9 de traiter les paiements. Dans ce cas, le volume des donn\u00e9es transmises est r\u00e9duit aux seules donn\u00e9es n\u00e9cessaires qui aident au bon traitement de vos commandes.<\/p>\n<p><strong>S\u00e9curit\u00e9<\/strong><br \/>\nVos informations personnelles sont crypt\u00e9es avec un cryptage 128 bits SSL sur Internet. Nous utilisons des mesures de s\u00e9curit\u00e9 techniques et organisationnelles pour prot\u00e9ger vos donn\u00e9es contre toute manipulation accidentelle ou intentionnelle, perte, destruction ou contre l&rsquo;acc\u00e8s par des personnes non autoris\u00e9es.<\/p>\n<p><strong>Cookies<\/strong><br \/>\nDans cette boutique, l\u00b4information des cookies sur le contenu de votre panier sera stock\u00e9e et peut \u00eatre consult\u00e9e lors de votre prochaine visite. Les cookies ont une date d&rsquo;expiration de six mois. Vous pouvez \u00e9galement programmer votre navigateur pour accepter et bloquer les cookies pour ce site.<\/p>\n<p><strong>Google Analytics<\/strong><\/p>\n<p>Ce site utilise GOOGLE Analytics afin d&rsquo;obtenir\u00a0 des informations statistiques sur son usage.<\/p>\n","protected":false},"excerpt":{"rendered":"<p>Adresse : Bushido Furniture Ltd. Via Valcanoro 50021 Barberino Val d&rsquo;Elsa (FI) ITALIA T\u00e9l\u00e9phone : +39 0577 1460007 (Nous ne sommes pas toujours disponibles \u00e0 ce num\u00e9ro de t\u00e9l\u00e9phone, veuillez utiliser notre formulaire de contact e-mail pour toute demande) Responsable : Philipp Reuter Protection des donn\u00e9es Utilisation Nous utilisons vos donn\u00e9es personnelles pour traiter votre [&#8230;]\n","protected":false},"author":1,"featured_media":0,"parent":0,"menu_order":0,"comment_status":"closed","ping_status":"closed","template":"","meta":{"qubely_global_settings":"","qubely_interactions":"","footnotes":""},"class_list":["post-21571","page","type-page","status-publish","hentry"],"yoast_head":"<!-- This site is optimized with the Yoast SEO plugin v23.4 - https:\/\/yoast.com\/wordpress\/plugins\/seo\/ -->\n<title>Mentions l\u00e9gales - steelform | the best reproductions of modern classic designer furniture<\/title>\n<meta name=\"robots\" content=\"index, follow, max-snippet:-1, max-image-preview:large, max-video-preview:-1\" \/>\n<link rel=\"canonical\" href=\"https:\/\/steelform.com\/fr\/mentions-legales\/\" \/>\n<meta property=\"og:locale\" content=\"fr_FR\" \/>\n<meta property=\"og:type\" content=\"article\" \/>\n<meta property=\"og:title\" content=\"Mentions l\u00e9gales - steelform | the best reproductions of modern classic designer furniture\" \/>\n<meta property=\"og:description\" content=\"Adresse : Bushido Furniture Ltd. Via Valcanoro 50021 Barberino Val d&rsquo;Elsa (FI) ITALIA T\u00e9l\u00e9phone : +39 0577 1460007 (Nous ne sommes pas toujours disponibles \u00e0 ce num\u00e9ro de t\u00e9l\u00e9phone, veuillez utiliser notre formulaire de contact e-mail pour toute demande) Responsable : Philipp Reuter Protection des donn\u00e9es Utilisation Nous utilisons vos donn\u00e9es personnelles pour traiter votre [...]\" \/>\n<meta property=\"og:url\" content=\"https:\/\/steelform.com\/fr\/mentions-legales\/\" \/>\n<meta property=\"og:site_name\" content=\"steelform | the best reproductions of modern classic designer furniture\" \/>\n<meta property=\"article:modified_time\" content=\"2018-05-07T08:01:48+00:00\" \/>\n<meta property=\"og:image\" content=\"https:\/\/steelform.com\/wp-content\/uploads\/2017\/04\/lounge-ottoman-brown.jpg\" \/>\n\t<meta property=\"og:image:width\" content=\"1500\" \/>\n\t<meta property=\"og:image:height\" content=\"1500\" \/>\n\t<meta property=\"og:image:type\" content=\"image\/jpeg\" \/>\n<meta name=\"twitter:card\" content=\"summary_large_image\" \/>\n<meta name=\"twitter:label1\" content=\"Dur\u00e9e de lecture estim\u00e9e\" \/>\n\t<meta name=\"twitter:data1\" content=\"2 minutes\" \/>\n<script type=\"application\/ld+json\" class=\"yoast-schema-graph\">{\"@context\":\"https:\/\/schema.org\",\"@graph\":[{\"@type\":\"WebPage\",\"@id\":\"https:\/\/steelform.com\/fr\/mentions-legales\/\",\"url\":\"https:\/\/steelform.com\/fr\/mentions-legales\/\",\"name\":\"Mentions l\u00e9gales - steelform | the best reproductions of modern classic designer furniture\",\"isPartOf\":{\"@id\":\"https:\/\/steelform.com\/fr\/#website\"},\"datePublished\":\"2017-04-05T17:05:32+00:00\",\"dateModified\":\"2018-05-07T08:01:48+00:00\",\"breadcrumb\":{\"@id\":\"https:\/\/steelform.com\/fr\/mentions-legales\/#breadcrumb\"},\"inLanguage\":\"fr-FR\",\"potentialAction\":[{\"@type\":\"ReadAction\",\"target\":[\"https:\/\/steelform.com\/fr\/mentions-legales\/\"]}]},{\"@type\":\"BreadcrumbList\",\"@id\":\"https:\/\/steelform.com\/fr\/mentions-legales\/#breadcrumb\",\"itemListElement\":[{\"@type\":\"ListItem\",\"position\":1,\"name\":\"Home\",\"item\":\"https:\/\/steelform.com\/fr\/\"},{\"@type\":\"ListItem\",\"position\":2,\"name\":\"Mentions l\u00e9gales\"}]},{\"@type\":\"WebSite\",\"@id\":\"https:\/\/steelform.com\/fr\/#website\",\"url\":\"https:\/\/steelform.com\/fr\/\",\"name\":\"steelform | the best reproductions of modern classic designer furniture\",\"description\":\"true to original premium quality reproduction from Italy.\",\"publisher\":{\"@id\":\"https:\/\/steelform.com\/fr\/#organization\"},\"potentialAction\":[{\"@type\":\"SearchAction\",\"target\":{\"@type\":\"EntryPoint\",\"urlTemplate\":\"https:\/\/steelform.com\/fr\/?s={search_term_string}\"},\"query-input\":{\"@type\":\"PropertyValueSpecification\",\"valueRequired\":true,\"valueName\":\"search_term_string\"}}],\"inLanguage\":\"fr-FR\"},{\"@type\":\"Organization\",\"@id\":\"https:\/\/steelform.com\/fr\/#organization\",\"name\":\"steelform.com\",\"url\":\"https:\/\/steelform.com\/fr\/\",\"logo\":{\"@type\":\"ImageObject\",\"inLanguage\":\"fr-FR\",\"@id\":\"https:\/\/steelform.com\/fr\/#\/schema\/logo\/image\/\",\"url\":\"https:\/\/steelform.com\/wp-content\/uploads\/revslider\/corbusier-lc21-de\/steelform-logo-large-1.jpg\",\"contentUrl\":\"https:\/\/steelform.com\/wp-content\/uploads\/revslider\/corbusier-lc21-de\/steelform-logo-large-1.jpg\",\"width\":588,\"height\":588,\"caption\":\"steelform.com\"},\"image\":{\"@id\":\"https:\/\/steelform.com\/fr\/#\/schema\/logo\/image\/\"}}]}<\/script>\n<!-- \/ Yoast SEO plugin. -->","yoast_head_json":{"title":"Mentions l\u00e9gales - steelform | the best reproductions of modern classic designer furniture","robots":{"index":"index","follow":"follow","max-snippet":"max-snippet:-1","max-image-preview":"max-image-preview:large","max-video-preview":"max-video-preview:-1"},"canonical":"https:\/\/steelform.com\/fr\/mentions-legales\/","og_locale":"fr_FR","og_type":"article","og_title":"Mentions l\u00e9gales - steelform | the best reproductions of modern classic designer furniture","og_description":"Adresse : Bushido Furniture Ltd. Via Valcanoro 50021 Barberino Val d&rsquo;Elsa (FI) ITALIA T\u00e9l\u00e9phone : +39 0577 1460007 (Nous ne sommes pas toujours disponibles \u00e0 ce num\u00e9ro de t\u00e9l\u00e9phone, veuillez utiliser notre formulaire de contact e-mail pour toute demande) Responsable : Philipp Reuter Protection des donn\u00e9es Utilisation Nous utilisons vos donn\u00e9es personnelles pour traiter votre [...]","og_url":"https:\/\/steelform.com\/fr\/mentions-legales\/","og_site_name":"steelform | the best reproductions of modern classic designer furniture","article_modified_time":"2018-05-07T08:01:48+00:00","og_image":[{"width":1500,"height":1500,"url":"https:\/\/steelform.com\/wp-content\/uploads\/2017\/04\/lounge-ottoman-brown.jpg","type":"image\/jpeg"}],"twitter_card":"summary_large_image","twitter_misc":{"Dur\u00e9e de lecture estim\u00e9e":"2 minutes"},"schema":{"@context":"https:\/\/schema.org","@graph":[{"@type":"WebPage","@id":"https:\/\/steelform.com\/fr\/mentions-legales\/","url":"https:\/\/steelform.com\/fr\/mentions-legales\/","name":"Mentions l\u00e9gales - steelform | the best reproductions of modern classic designer furniture","isPartOf":{"@id":"https:\/\/steelform.com\/fr\/#website"},"datePublished":"2017-04-05T17:05:32+00:00","dateModified":"2018-05-07T08:01:48+00:00","breadcrumb":{"@id":"https:\/\/steelform.com\/fr\/mentions-legales\/#breadcrumb"},"inLanguage":"fr-FR","potentialAction":[{"@type":"ReadAction","target":["https:\/\/steelform.com\/fr\/mentions-legales\/"]}]},{"@type":"BreadcrumbList","@id":"https:\/\/steelform.com\/fr\/mentions-legales\/#breadcrumb","itemListElement":[{"@type":"ListItem","position":1,"name":"Home","item":"https:\/\/steelform.com\/fr\/"},{"@type":"ListItem","position":2,"name":"Mentions l\u00e9gales"}]},{"@type":"WebSite","@id":"https:\/\/steelform.com\/fr\/#website","url":"https:\/\/steelform.com\/fr\/","name":"steelform | the best reproductions of modern classic designer furniture","description":"true to original premium quality reproduction from Italy.","publisher":{"@id":"https:\/\/steelform.com\/fr\/#organization"},"potentialAction":[{"@type":"SearchAction","target":{"@type":"EntryPoint","urlTemplate":"https:\/\/steelform.com\/fr\/?s={search_term_string}"},"query-input":{"@type":"PropertyValueSpecification","valueRequired":true,"valueName":"search_term_string"}}],"inLanguage":"fr-FR"},{"@type":"Organization","@id":"https:\/\/steelform.com\/fr\/#organization","name":"steelform.com","url":"https:\/\/steelform.com\/fr\/","logo":{"@type":"ImageObject","inLanguage":"fr-FR","@id":"https:\/\/steelform.com\/fr\/#\/schema\/logo\/image\/","url":"https:\/\/steelform.com\/wp-content\/uploads\/revslider\/corbusier-lc21-de\/steelform-logo-large-1.jpg","contentUrl":"https:\/\/steelform.com\/wp-content\/uploads\/revslider\/corbusier-lc21-de\/steelform-logo-large-1.jpg","width":588,"height":588,"caption":"steelform.com"},"image":{"@id":"https:\/\/steelform.com\/fr\/#\/schema\/logo\/image\/"}}]}},"_links":{"self":[{"href":"https:\/\/steelform.com\/fr\/wp-json\/wp\/v2\/pages\/21571"}],"collection":[{"href":"https:\/\/steelform.com\/fr\/wp-json\/wp\/v2\/pages"}],"about":[{"href":"https:\/\/steelform.com\/fr\/wp-json\/wp\/v2\/types\/page"}],"author":[{"embeddable":true,"href":"https:\/\/steelform.com\/fr\/wp-json\/wp\/v2\/users\/1"}],"replies":[{"embeddable":true,"href":"https:\/\/steelform.com\/fr\/wp-json\/wp\/v2\/comments?post=21571"}],"version-history":[{"count":6,"href":"https:\/\/steelform.com\/fr\/wp-json\/wp\/v2\/pages\/21571\/revisions"}],"predecessor-version":[{"id":24460,"href":"https:\/\/steelform.com\/fr\/wp-json\/wp\/v2\/pages\/21571\/revisions\/24460"}],"wp:attachment":[{"href":"https:\/\/steelform.com\/fr\/wp-json\/wp\/v2\/media?parent=21571"}],"curies":[{"name":"wp","href":"https:\/\/api.w.org\/{rel}","templated":true}]}}