{"id":21611,"date":"2017-04-06T18:11:53","date_gmt":"2017-04-06T16:11:53","guid":{"rendered":"http:\/\/www.simplysteelform.com\/?page_id=21611\/"},"modified":"2017-05-07T11:59:57","modified_gmt":"2017-05-07T09:59:57","slug":"terms-conditions-of-sale","status":"publish","type":"page","link":"https:\/\/steelform.com\/fr\/terms-conditions-of-sale\/","title":{"rendered":"Conditions de vente"},"content":{"rendered":"  <div id=\"page-header-239896621\" class=\"page-header-wrapper\">\n  <div class=\"page-title light simple-title\">\n\n    \n    <div class=\"page-title-inner container align-center flex-row medium-flex-wrap\" >\n              <div class=\"title-wrapper flex-col text-left medium-text-center\">\n          <h1 class=\"entry-title mb-0\">\n            Conditions de vente          <\/h1>\n        <\/div>\n                    <div class=\"title-content flex-col flex-right text-right medium-text-center\">\n        <div class=\"title-breadcrumbs pb-half pt-half\"><nav class=\"woocommerce-breadcrumb breadcrumbs uppercase\">Accueil<\/nav><\/div>      <\/div>\n    <\/div>\n\n       <\/div>\n    <\/div>\n  \n\t<div id=\"gap-1975892041\" class=\"gap-element clearfix\" style=\"display:block; height:auto;\">\n\t\t\n<style>\n#gap-1975892041 {\n  padding-top: 30px;\n}\n<\/style>\n\t<\/div>\n\t\n<h2 class=\"h3\"><strong>1.\u00a0Garantie<\/strong><\/h2>\n<p>Nous offrons une garantie de 10 ans, qui couvrira tout d\u00e9faut de fabrication ou de mat\u00e9riaux.<\/p>\n<p>Durant cette p\u00e9riode de 10 ans, nous vous remplacerons gratuitement la\/les partie\/s d\u00e9fectueuse\/s ou le meuble entier selon le cas.<\/p>\n<h2 class=\"h3\"><strong>2.\u00a0Conditions de retour<\/strong><\/h2>\n<p align=\"justify\">Si vous n\u00b4\u00eates pas satisfait de votre achat, quelque soit la raison, veuillez nous pr\u00e9venir par \u00e9crit (courriel) durant les 15 jours suivant la date de livraison.<\/p>\n<p align=\"justify\">Nous vous pr\u00e9ciserons l\u00b4adresse de retour de la marchandise. Vous serez rembours\u00e9 du montant total de la marchandise. Les frais de renvoi ne vous seront pas rembours\u00e9s.<\/p>\n<p align=\"justify\">NOTE: Nous ne remboursons que les marchandises en parfait \u00e9tat et renvoy\u00e9es dans leur emballage original (ou de qualit\u00e9 \u00e9quivalente).<\/p>\n<h2 class=\"h3\"><strong>3.\u00a0Modalit\u00e9s de paiement<\/strong><\/h2>\n<ul class=\"ul\">\n<li>Nous acceptons VISA et Mastercard, et traitons votre commande d\u00e8s r\u00e9ception de votre information de carte bancaire.<\/li>\n<li>N&rsquo;importe quel ordre peut \u00eatre pay\u00e9 par virement bancaire avant l&rsquo;exp\u00e9dition.<\/li>\n<li>Les commandes avec une valeur sup\u00e9rieure \u00e0 10.000 euros ne seront trait\u00e9es lors de la r\u00e9ception d&rsquo;un acompte de 50%.<\/li>\n<\/ul>\n<p>Pour toute question n&rsquo;h\u00e9sitez pas contacter\u00a0\u00e0 notre service client\u00e8le.<\/p>\n<h2 class=\"h3\"><strong>4.\u00a0Assurance transport<\/strong><\/h2>\n<p>Toutes nos marchandises sont enti\u00e8rement assur\u00e9es contre dommages de transport, vol ou perte durant le transit.<\/p>\n<h2 class=\"h3\"><strong>5.\u00a0Dommages de transport<\/strong><\/h2>\n<div>Si vous recevez un colis endommag\u00e9 (m\u00eame si vous n\u00b4avez pas eu le temps d\u00b4ouvrir le colis devant le livreur pour v\u00e9rifier l\u00b4\u00e9tat de la marchandise),\u00a0<strong>indiquiez-le sur le r\u00e9c\u00e9piss\u00e9 de livraison avant de le signer !<\/strong>\u00a0En cas de dommage une fois ouvert le colis, renvoyez votre copie du r\u00e9c\u00e9piss\u00e9 au service-client\u00e8le de Steelform.<\/div>\n<div><\/div>\n<div>Vous devrez informer\u00a0Steelform\u00a0des dommages de transport sous un maximum de 48 heures. Une fois expir\u00e9 ce d\u00e9lai de 48 heures, nous ne pourrons pas accepter de r\u00e9clamation de dommages de transport.<\/div>\n<p align=\"justify\">Nous organiserons biens\u00fbr un nouvel envoi dans les meilleurs d\u00e9lais. Toutes nos marchandises sont assur\u00e9es contre endommagement, vol ou perte durant le transport.<\/p>\n<h2 class=\"h3\"><strong>6.\u00a0D\u00e9douanement et taxes<\/strong><\/h2>\n<p>En Europe il n&rsquo;y existent pas!<\/p>\n<p>En outre les frais de douanes et taxes d\u00b4importation ne sont pas inclues dans nos prix, vous devrez les payer au transporteur dans votre pays.<\/p>\n<h2 class=\"h3\"><strong>7.\u00a0Frais d&rsquo;envoi<\/strong><\/h2>\n<p>La\u00a0bonne nouvelles d&rsquo;abord: La livraison est gratuite en Europe continentale.<\/p>\n<p>Non continental sont: le Royaume-Uni, l&rsquo;Irlande et l&rsquo;Islande Mediterranenean pour laquelle nous devons payer un petit suppl\u00e9ment.<\/p>\n<h2 class=\"h3\"><strong>8. Conditions d&rsquo;envoi<\/strong><\/h2>\n<p>Nos produits sont vendus et livr\u00e9s EXW (Ex Works) Poggibonsi, Italie. La marchandise devient propri\u00e9t\u00e9 du client au moment que la carte bancaire est d\u00e9bit\u00e9e avec succ\u00e8s. Les prix annonc\u00e9s sur notre site incluent les frais d\u00b4envoi et livraison aux pays membres de l\u00b4Union Europ\u00e9enne \u00e0 l\u00b4exception du Royaume-Uni, Irlande, et \u00eeles m\u00e9diterran\u00e9ennes, pour lesquels un petit suppl\u00e9ment de transport sera appliqu\u00e9.<\/p>\n<p>La livraison se fait au rez-de-chauss\u00e9e et \u00e0 l\u00b4ext\u00e9rieur de l\u00b4immeuble \/ maison. Pr\u00e9voyez donc de l\u00b4aide dans le cas de marchandises lourdes.<\/p>\n","protected":false},"excerpt":{"rendered":"<p>1.\u00a0Garantie Nous offrons une garantie de 10 ans, qui couvrira tout d\u00e9faut de fabrication ou de mat\u00e9riaux. Durant cette p\u00e9riode de 10 ans, nous vous remplacerons gratuitement la\/les partie\/s d\u00e9fectueuse\/s ou le meuble entier selon le cas. 2.\u00a0Conditions de retour Si vous n\u00b4\u00eates pas satisfait de votre achat, quelque soit la raison, veuillez nous pr\u00e9venir [&#8230;]\n","protected":false},"author":1,"featured_media":0,"parent":0,"menu_order":0,"comment_status":"closed","ping_status":"closed","template":"","meta":{"qubely_global_settings":"","qubely_interactions":"","footnotes":""},"class_list":["post-21611","page","type-page","status-publish","hentry"],"yoast_head":"<!-- This site is optimized with the Yoast SEO plugin v23.4 - https:\/\/yoast.com\/wordpress\/plugins\/seo\/ -->\n<title>Conditions de vente - steelform | the best reproductions of modern classic designer furniture<\/title>\n<meta name=\"robots\" content=\"index, follow, max-snippet:-1, max-image-preview:large, max-video-preview:-1\" \/>\n<link rel=\"canonical\" href=\"https:\/\/steelform.com\/fr\/terms-conditions-of-sale\/\" \/>\n<meta property=\"og:locale\" content=\"fr_FR\" \/>\n<meta property=\"og:type\" content=\"article\" \/>\n<meta property=\"og:title\" content=\"Conditions de vente - steelform | the best reproductions of modern classic designer furniture\" \/>\n<meta property=\"og:description\" content=\"1.\u00a0Garantie Nous offrons une garantie de 10 ans, qui couvrira tout d\u00e9faut de fabrication ou de mat\u00e9riaux. Durant cette p\u00e9riode de 10 ans, nous vous remplacerons gratuitement la\/les partie\/s d\u00e9fectueuse\/s ou le meuble entier selon le cas. 2.\u00a0Conditions de retour Si vous n\u00b4\u00eates pas satisfait de votre achat, quelque soit la raison, veuillez nous pr\u00e9venir [...]\" \/>\n<meta property=\"og:url\" content=\"https:\/\/steelform.com\/fr\/terms-conditions-of-sale\/\" \/>\n<meta property=\"og:site_name\" content=\"steelform | the best reproductions of modern classic designer furniture\" \/>\n<meta property=\"article:modified_time\" content=\"2017-05-07T09:59:57+00:00\" \/>\n<meta property=\"og:image\" content=\"https:\/\/steelform.com\/wp-content\/uploads\/2017\/04\/lounge-ottoman-brown.jpg\" \/>\n\t<meta property=\"og:image:width\" content=\"1500\" \/>\n\t<meta property=\"og:image:height\" content=\"1500\" \/>\n\t<meta property=\"og:image:type\" content=\"image\/jpeg\" \/>\n<meta name=\"twitter:card\" content=\"summary_large_image\" \/>\n<meta name=\"twitter:label1\" content=\"Dur\u00e9e de lecture estim\u00e9e\" \/>\n\t<meta name=\"twitter:data1\" content=\"3 minutes\" \/>\n<script type=\"application\/ld+json\" class=\"yoast-schema-graph\">{\"@context\":\"https:\/\/schema.org\",\"@graph\":[{\"@type\":\"WebPage\",\"@id\":\"https:\/\/steelform.com\/fr\/terms-conditions-of-sale\/\",\"url\":\"https:\/\/steelform.com\/fr\/terms-conditions-of-sale\/\",\"name\":\"Conditions de vente - steelform | the best reproductions of modern classic designer furniture\",\"isPartOf\":{\"@id\":\"https:\/\/steelform.com\/fr\/#website\"},\"datePublished\":\"2017-04-06T16:11:53+00:00\",\"dateModified\":\"2017-05-07T09:59:57+00:00\",\"breadcrumb\":{\"@id\":\"https:\/\/steelform.com\/fr\/terms-conditions-of-sale\/#breadcrumb\"},\"inLanguage\":\"fr-FR\",\"potentialAction\":[{\"@type\":\"ReadAction\",\"target\":[\"https:\/\/steelform.com\/fr\/terms-conditions-of-sale\/\"]}]},{\"@type\":\"BreadcrumbList\",\"@id\":\"https:\/\/steelform.com\/fr\/terms-conditions-of-sale\/#breadcrumb\",\"itemListElement\":[{\"@type\":\"ListItem\",\"position\":1,\"name\":\"Home\",\"item\":\"https:\/\/steelform.com\/fr\/\"},{\"@type\":\"ListItem\",\"position\":2,\"name\":\"Conditions de vente\"}]},{\"@type\":\"WebSite\",\"@id\":\"https:\/\/steelform.com\/fr\/#website\",\"url\":\"https:\/\/steelform.com\/fr\/\",\"name\":\"steelform | the best reproductions of modern classic designer furniture\",\"description\":\"true to original premium quality reproduction from Italy.\",\"publisher\":{\"@id\":\"https:\/\/steelform.com\/fr\/#organization\"},\"potentialAction\":[{\"@type\":\"SearchAction\",\"target\":{\"@type\":\"EntryPoint\",\"urlTemplate\":\"https:\/\/steelform.com\/fr\/?s={search_term_string}\"},\"query-input\":{\"@type\":\"PropertyValueSpecification\",\"valueRequired\":true,\"valueName\":\"search_term_string\"}}],\"inLanguage\":\"fr-FR\"},{\"@type\":\"Organization\",\"@id\":\"https:\/\/steelform.com\/fr\/#organization\",\"name\":\"steelform.com\",\"url\":\"https:\/\/steelform.com\/fr\/\",\"logo\":{\"@type\":\"ImageObject\",\"inLanguage\":\"fr-FR\",\"@id\":\"https:\/\/steelform.com\/fr\/#\/schema\/logo\/image\/\",\"url\":\"https:\/\/steelform.com\/wp-content\/uploads\/revslider\/corbusier-lc21-de\/steelform-logo-large-1.jpg\",\"contentUrl\":\"https:\/\/steelform.com\/wp-content\/uploads\/revslider\/corbusier-lc21-de\/steelform-logo-large-1.jpg\",\"width\":588,\"height\":588,\"caption\":\"steelform.com\"},\"image\":{\"@id\":\"https:\/\/steelform.com\/fr\/#\/schema\/logo\/image\/\"}}]}<\/script>\n<!-- \/ Yoast SEO plugin. -->","yoast_head_json":{"title":"Conditions de vente - steelform | the best reproductions of modern classic designer furniture","robots":{"index":"index","follow":"follow","max-snippet":"max-snippet:-1","max-image-preview":"max-image-preview:large","max-video-preview":"max-video-preview:-1"},"canonical":"https:\/\/steelform.com\/fr\/terms-conditions-of-sale\/","og_locale":"fr_FR","og_type":"article","og_title":"Conditions de vente - steelform | the best reproductions of modern classic designer furniture","og_description":"1.\u00a0Garantie Nous offrons une garantie de 10 ans, qui couvrira tout d\u00e9faut de fabrication ou de mat\u00e9riaux. Durant cette p\u00e9riode de 10 ans, nous vous remplacerons gratuitement la\/les partie\/s d\u00e9fectueuse\/s ou le meuble entier selon le cas. 2.\u00a0Conditions de retour Si vous n\u00b4\u00eates pas satisfait de votre achat, quelque soit la raison, veuillez nous pr\u00e9venir [...]","og_url":"https:\/\/steelform.com\/fr\/terms-conditions-of-sale\/","og_site_name":"steelform | the best reproductions of modern classic designer furniture","article_modified_time":"2017-05-07T09:59:57+00:00","og_image":[{"width":1500,"height":1500,"url":"https:\/\/steelform.com\/wp-content\/uploads\/2017\/04\/lounge-ottoman-brown.jpg","type":"image\/jpeg"}],"twitter_card":"summary_large_image","twitter_misc":{"Dur\u00e9e de lecture estim\u00e9e":"3 minutes"},"schema":{"@context":"https:\/\/schema.org","@graph":[{"@type":"WebPage","@id":"https:\/\/steelform.com\/fr\/terms-conditions-of-sale\/","url":"https:\/\/steelform.com\/fr\/terms-conditions-of-sale\/","name":"Conditions de vente - steelform | the best reproductions of modern classic designer furniture","isPartOf":{"@id":"https:\/\/steelform.com\/fr\/#website"},"datePublished":"2017-04-06T16:11:53+00:00","dateModified":"2017-05-07T09:59:57+00:00","breadcrumb":{"@id":"https:\/\/steelform.com\/fr\/terms-conditions-of-sale\/#breadcrumb"},"inLanguage":"fr-FR","potentialAction":[{"@type":"ReadAction","target":["https:\/\/steelform.com\/fr\/terms-conditions-of-sale\/"]}]},{"@type":"BreadcrumbList","@id":"https:\/\/steelform.com\/fr\/terms-conditions-of-sale\/#breadcrumb","itemListElement":[{"@type":"ListItem","position":1,"name":"Home","item":"https:\/\/steelform.com\/fr\/"},{"@type":"ListItem","position":2,"name":"Conditions de vente"}]},{"@type":"WebSite","@id":"https:\/\/steelform.com\/fr\/#website","url":"https:\/\/steelform.com\/fr\/","name":"steelform | the best reproductions of modern classic designer furniture","description":"true to original premium quality reproduction from Italy.","publisher":{"@id":"https:\/\/steelform.com\/fr\/#organization"},"potentialAction":[{"@type":"SearchAction","target":{"@type":"EntryPoint","urlTemplate":"https:\/\/steelform.com\/fr\/?s={search_term_string}"},"query-input":{"@type":"PropertyValueSpecification","valueRequired":true,"valueName":"search_term_string"}}],"inLanguage":"fr-FR"},{"@type":"Organization","@id":"https:\/\/steelform.com\/fr\/#organization","name":"steelform.com","url":"https:\/\/steelform.com\/fr\/","logo":{"@type":"ImageObject","inLanguage":"fr-FR","@id":"https:\/\/steelform.com\/fr\/#\/schema\/logo\/image\/","url":"https:\/\/steelform.com\/wp-content\/uploads\/revslider\/corbusier-lc21-de\/steelform-logo-large-1.jpg","contentUrl":"https:\/\/steelform.com\/wp-content\/uploads\/revslider\/corbusier-lc21-de\/steelform-logo-large-1.jpg","width":588,"height":588,"caption":"steelform.com"},"image":{"@id":"https:\/\/steelform.com\/fr\/#\/schema\/logo\/image\/"}}]}},"_links":{"self":[{"href":"https:\/\/steelform.com\/fr\/wp-json\/wp\/v2\/pages\/21611"}],"collection":[{"href":"https:\/\/steelform.com\/fr\/wp-json\/wp\/v2\/pages"}],"about":[{"href":"https:\/\/steelform.com\/fr\/wp-json\/wp\/v2\/types\/page"}],"author":[{"embeddable":true,"href":"https:\/\/steelform.com\/fr\/wp-json\/wp\/v2\/users\/1"}],"replies":[{"embeddable":true,"href":"https:\/\/steelform.com\/fr\/wp-json\/wp\/v2\/comments?post=21611"}],"version-history":[{"count":4,"href":"https:\/\/steelform.com\/fr\/wp-json\/wp\/v2\/pages\/21611\/revisions"}],"predecessor-version":[{"id":22641,"href":"https:\/\/steelform.com\/fr\/wp-json\/wp\/v2\/pages\/21611\/revisions\/22641"}],"wp:attachment":[{"href":"https:\/\/steelform.com\/fr\/wp-json\/wp\/v2\/media?parent=21611"}],"curies":[{"name":"wp","href":"https:\/\/api.w.org\/{rel}","templated":true}]}}