{"id":21955,"date":"2017-04-11T10:43:13","date_gmt":"2017-04-11T08:43:13","guid":{"rendered":"http:\/\/www.simplysteelform.com\/?page_id=21955\/"},"modified":"2018-02-12T12:36:25","modified_gmt":"2018-02-12T11:36:25","slug":"contact","status":"publish","type":"page","link":"https:\/\/steelform.com\/fr\/contact\/","title":{"rendered":"Contact"},"content":{"rendered":"\t<div class=\"box has-hover   has-hover box-shadow-2 box-overlay dark box-text-middle\" >\n\n\t\t<div class=\"box-image\" >\n\t\t\t\t\t\t<div class=\"\" >\n\t\t\t\t<img loading=\"lazy\" decoding=\"async\" width=\"2000\" height=\"800\" src=\"https:\/\/steelform.com\/wp-content\/uploads\/2017\/03\/handmade.jpg\" class=\"attachment- size-\" alt=\"We are helpful\" srcset=\"https:\/\/steelform.com\/wp-content\/uploads\/2017\/03\/handmade.jpg 2000w, https:\/\/steelform.com\/wp-content\/uploads\/2017\/03\/handmade-1500x600.jpg 1500w, https:\/\/steelform.com\/wp-content\/uploads\/2017\/03\/handmade-300x120.jpg 300w, https:\/\/steelform.com\/wp-content\/uploads\/2017\/03\/handmade-768x307.jpg 768w, https:\/\/steelform.com\/wp-content\/uploads\/2017\/03\/handmade-247x99.jpg 247w, https:\/\/steelform.com\/wp-content\/uploads\/2017\/03\/handmade-510x204.jpg 510w, https:\/\/steelform.com\/wp-content\/uploads\/2017\/03\/handmade-1024x410.jpg 1024w\" sizes=\"(max-width: 2000px) 100vw, 2000px\" \/>\t\t\t\t<div class=\"overlay\" style=\"background-color:1\"><\/div>\t\t\t\t\t\t\t<\/div>\n\t\t\t\t\t<\/div>\n\n\t\t<div class=\"box-text text-center\" >\n\t\t\t<div class=\"box-text-inner\">\n\t\t\t\t\n<h1><span style=\"color: #ed1c24;\">Comment est-ce qu&rsquo;on peut vous aider?<\/span><\/h1>\n\t\t\t<\/div>\n\t\t<\/div>\n\t<\/div>\n\t\n\t<div id=\"gap-635299942\" class=\"gap-element clearfix\" style=\"display:block; height:auto;\">\n\t\t\n<style>\n#gap-635299942 {\n  padding-top: 30px;\n}\n<\/style>\n\t<\/div>\n\t\n<div class=\"row\"  id=\"row-293975952\">\n\n\t<div id=\"col-333250723\" class=\"col medium-6 large-6\"  >\n\t\t<div class=\"col-inner\"  >\n\t\t\t\n\t\t\t\n<div class=\"container section-title-container\" ><h3 class=\"section-title section-title-bold-center\"><b><\/b><span class=\"section-title-main\" >R\u00e9ponses fr\u00e9quentes<\/span><b><\/b><\/h3><\/div>\n<p>These are the most frequent questions:<\/p>\n<div class=\"accordion\" rel=\"\">\n<div class=\"accordion-item\"><a href=\"#\" class=\"accordion-title plain\"><button class=\"toggle\"><i class=\"icon-angle-down\"><\/i><\/button><span>What are the delivery charges for orders from the Online Shop?<\/span><\/a><div class=\"accordion-inner\">\n<p>&nbsp;<\/p>\n<p><strong>Shipping is free!<\/strong><\/p>\n<\/div><\/div>\n<div class=\"accordion-item\"><a href=\"#\" class=\"accordion-title plain\"><button class=\"toggle\"><i class=\"icon-angle-down\"><\/i><\/button><span>Which payment methods are accepted in the Online Shop?<\/span><\/a><div class=\"accordion-inner\">\n<p>The safest and most easiest way is to use your credit card. We will however accept wire transfers if you don&rsquo;t have a credit card of for higher amounts in corporate purchases.<\/p>\n<\/div><\/div>\n<div class=\"accordion-item\"><a href=\"#\" class=\"accordion-title plain\"><button class=\"toggle\"><i class=\"icon-angle-down\"><\/i><\/button><span>How long will delivery take?<\/span><\/a><div class=\"accordion-inner\">\n<p>Our furniture is handmade made to order, so we can not compete with the speed of Amazon &amp; Co. Generally speaking, our goods are ready to ship within 3 to 4 weeks from the date of order. Overseas shipping by air takes only 3 days!<\/p>\n<\/div><\/div>\n<div class=\"accordion-item\"><a href=\"#\" class=\"accordion-title plain\"><button class=\"toggle\"><i class=\"icon-angle-down\"><\/i><\/button><span>How secure is shopping in the Online Shop? Is my data protected?<\/span><\/a><div class=\"accordion-inner\">\n<p>The\u00a0whole connection to steelform.com is SSL encrypted.<\/p>\n<p>Credit card is information is transmitted in two separate batches and we do not store these data.<\/p>\n<p>We will also NEVER disclose any customer information\u00a0to third parties, except for shipping &amp; customs purposes.<\/p>\n<\/div><\/div>\n<div class=\"accordion-item\"><a href=\"#\" class=\"accordion-title plain\"><button class=\"toggle\"><i class=\"icon-angle-down\"><\/i><\/button><span>What exactly happens after ordering?<\/span><\/a><div class=\"accordion-inner\">\n<p>Once payment has cleared we will start making your furniture. Since our goods are handmade to order we do not keep any stock.<\/p>\n<\/div><\/div>\n<div class=\"accordion-item\"><a href=\"#\" class=\"accordion-title plain\"><button class=\"toggle\"><i class=\"icon-angle-down\"><\/i><\/button><span>Do I receive an invoice for my order?<\/span><\/a><div class=\"accordion-inner\">\n<p>You will of course, since this document is crucial for shipping and customs clearance.<\/p>\n<\/div><\/div>\n<\/div>\n\t\t<\/div>\n\t\t\t<\/div>\n\n\t\n\n\t<div id=\"col-999304593\" class=\"col medium-6 large-6\"  >\n\t\t<div class=\"col-inner\"  >\n\t\t\t\n\t\t\t\n<div class=\"container section-title-container\" ><h3 class=\"section-title section-title-bold-center\"><b><\/b><span class=\"section-title-main\" >Ecrivez-nous<\/span><b><\/b><\/h3><\/div>\n\n<div class=\"wpcf7 no-js\" id=\"wpcf7-f22132-o1\" lang=\"de-DE\" dir=\"ltr\">\n<div class=\"screen-reader-response\"><p role=\"status\" aria-live=\"polite\" aria-atomic=\"true\"><\/p> <ul><\/ul><\/div>\n<form action=\"\/fr\/wp-json\/wp\/v2\/pages\/21955#wpcf7-f22132-o1\" method=\"post\" class=\"wpcf7-form init\" aria-label=\"Kontaktformular\" novalidate=\"novalidate\" data-status=\"init\">\n<div style=\"display: none;\">\n<input type=\"hidden\" name=\"_wpcf7\" value=\"22132\" \/>\n<input type=\"hidden\" name=\"_wpcf7_version\" value=\"5.9.8\" \/>\n<input type=\"hidden\" name=\"_wpcf7_locale\" value=\"de_DE\" \/>\n<input type=\"hidden\" name=\"_wpcf7_unit_tag\" value=\"wpcf7-f22132-o1\" \/>\n<input type=\"hidden\" name=\"_wpcf7_container_post\" value=\"0\" \/>\n<input type=\"hidden\" name=\"_wpcf7_posted_data_hash\" value=\"\" \/>\n<\/div>\n<p><label> Nom (champ obligatoire)<br \/>\n<span class=\"wpcf7-form-control-wrap\" data-name=\"your-name\"><input size=\"40\" maxlength=\"400\" class=\"wpcf7-form-control wpcf7-text wpcf7-validates-as-required\" aria-required=\"true\" aria-invalid=\"false\" value=\"\" type=\"text\" name=\"your-name\" \/><\/span> <\/label>\n<\/p>\n<p><label> Email (champ obligatoire)<br \/>\n<span class=\"wpcf7-form-control-wrap\" data-name=\"your-email\"><input size=\"40\" maxlength=\"400\" class=\"wpcf7-form-control wpcf7-email wpcf7-validates-as-required wpcf7-text wpcf7-validates-as-email\" aria-required=\"true\" aria-invalid=\"false\" value=\"\" type=\"email\" name=\"your-email\" \/><\/span> <\/label>\n<\/p>\n<p><label> Sujet<br \/>\n<span class=\"wpcf7-form-control-wrap\" data-name=\"your-subject\"><input size=\"40\" maxlength=\"400\" class=\"wpcf7-form-control wpcf7-text\" aria-invalid=\"false\" value=\"\" type=\"text\" name=\"your-subject\" \/><\/span> <\/label>\n<\/p>\n<p><label> Votre message:<br \/>\n<span class=\"wpcf7-form-control-wrap\" data-name=\"your-message\"><textarea cols=\"40\" rows=\"10\" maxlength=\"2000\" class=\"wpcf7-form-control wpcf7-textarea\" aria-invalid=\"false\" name=\"your-message\"><\/textarea><\/span> <\/label>\n<\/p>\n<p><input class=\"wpcf7-form-control wpcf7-submit has-spinner\" type=\"submit\" value=\"Envoyer\" \/>\n<\/p>\n<p><span class=\"wpcf7-form-control-wrap\" data-name=\"quiz-376\"><label><span class=\"wpcf7-quiz-label\">5 + 5 = ?<\/span> <input size=\"40\" class=\"wpcf7-form-control wpcf7-quiz\" autocomplete=\"off\" aria-required=\"true\" aria-invalid=\"false\" type=\"text\" name=\"quiz-376\" \/><\/label><input type=\"hidden\" name=\"_wpcf7_quiz_answer_quiz-376\" value=\"b023fb01eef92eb0562558fc6b99da11\" \/><\/span>\n<\/p><div class=\"wpcf7-response-output\" aria-hidden=\"true\"><\/div>\n<\/form>\n<\/div>\n\n<div class=\"container section-title-container\" ><h3 class=\"section-title section-title-bold-center\"><b><\/b><span class=\"section-title-main\" >Appelez-nous<\/span><b><\/b><\/h3><\/div>\n<p>Hotline:<\/p>\n<p>Veuillez nous envoyer un courrier \u00e9lectronique avec votre num\u00e9ro de t\u00e9l\u00e9phone et nous serons ravis de vous rappeler.<\/p>\n\t\t<\/div>\n\t\t\t<\/div>\n\n\t\n<\/div>\n","protected":false},"excerpt":{"rendered":"","protected":false},"author":1,"featured_media":0,"parent":0,"menu_order":0,"comment_status":"closed","ping_status":"closed","template":"","meta":{"qubely_global_settings":"","qubely_interactions":"","footnotes":""},"class_list":["post-21955","page","type-page","status-publish","hentry"],"yoast_head":"<!-- This site is optimized with the Yoast SEO plugin v23.4 - https:\/\/yoast.com\/wordpress\/plugins\/seo\/ -->\n<title>Contact - steelform | the best reproductions of modern classic designer furniture<\/title>\n<meta name=\"robots\" content=\"index, follow, max-snippet:-1, max-image-preview:large, max-video-preview:-1\" \/>\n<link rel=\"canonical\" href=\"https:\/\/steelform.com\/fr\/contact\/\" \/>\n<meta property=\"og:locale\" content=\"fr_FR\" \/>\n<meta property=\"og:type\" content=\"article\" \/>\n<meta property=\"og:title\" content=\"Contact - steelform | the best reproductions of modern classic designer furniture\" \/>\n<meta property=\"og:url\" content=\"https:\/\/steelform.com\/fr\/contact\/\" \/>\n<meta property=\"og:site_name\" content=\"steelform | the best reproductions of modern classic designer furniture\" \/>\n<meta property=\"article:modified_time\" content=\"2018-02-12T11:36:25+00:00\" \/>\n<meta property=\"og:image\" content=\"https:\/\/steelform.com\/wp-content\/uploads\/2017\/04\/lounge-ottoman-brown.jpg\" \/>\n\t<meta property=\"og:image:width\" content=\"1500\" \/>\n\t<meta property=\"og:image:height\" content=\"1500\" \/>\n\t<meta property=\"og:image:type\" content=\"image\/jpeg\" \/>\n<meta name=\"twitter:card\" content=\"summary_large_image\" \/>\n<meta name=\"twitter:label1\" content=\"Dur\u00e9e de lecture estim\u00e9e\" \/>\n\t<meta name=\"twitter:data1\" content=\"2 minutes\" \/>\n<script type=\"application\/ld+json\" class=\"yoast-schema-graph\">{\"@context\":\"https:\/\/schema.org\",\"@graph\":[{\"@type\":\"WebPage\",\"@id\":\"https:\/\/steelform.com\/fr\/contact\/\",\"url\":\"https:\/\/steelform.com\/fr\/contact\/\",\"name\":\"Contact - steelform | the best reproductions of modern classic designer furniture\",\"isPartOf\":{\"@id\":\"https:\/\/steelform.com\/fr\/#website\"},\"datePublished\":\"2017-04-11T08:43:13+00:00\",\"dateModified\":\"2018-02-12T11:36:25+00:00\",\"breadcrumb\":{\"@id\":\"https:\/\/steelform.com\/fr\/contact\/#breadcrumb\"},\"inLanguage\":\"fr-FR\",\"potentialAction\":[{\"@type\":\"ReadAction\",\"target\":[\"https:\/\/steelform.com\/fr\/contact\/\"]}]},{\"@type\":\"BreadcrumbList\",\"@id\":\"https:\/\/steelform.com\/fr\/contact\/#breadcrumb\",\"itemListElement\":[{\"@type\":\"ListItem\",\"position\":1,\"name\":\"Home\",\"item\":\"https:\/\/steelform.com\/fr\/\"},{\"@type\":\"ListItem\",\"position\":2,\"name\":\"Contact\"}]},{\"@type\":\"WebSite\",\"@id\":\"https:\/\/steelform.com\/fr\/#website\",\"url\":\"https:\/\/steelform.com\/fr\/\",\"name\":\"steelform | the best reproductions of modern classic designer furniture\",\"description\":\"true to original premium quality reproduction from Italy.\",\"publisher\":{\"@id\":\"https:\/\/steelform.com\/fr\/#organization\"},\"potentialAction\":[{\"@type\":\"SearchAction\",\"target\":{\"@type\":\"EntryPoint\",\"urlTemplate\":\"https:\/\/steelform.com\/fr\/?s={search_term_string}\"},\"query-input\":{\"@type\":\"PropertyValueSpecification\",\"valueRequired\":true,\"valueName\":\"search_term_string\"}}],\"inLanguage\":\"fr-FR\"},{\"@type\":\"Organization\",\"@id\":\"https:\/\/steelform.com\/fr\/#organization\",\"name\":\"steelform.com\",\"url\":\"https:\/\/steelform.com\/fr\/\",\"logo\":{\"@type\":\"ImageObject\",\"inLanguage\":\"fr-FR\",\"@id\":\"https:\/\/steelform.com\/fr\/#\/schema\/logo\/image\/\",\"url\":\"https:\/\/steelform.com\/wp-content\/uploads\/revslider\/corbusier-lc21-de\/steelform-logo-large-1.jpg\",\"contentUrl\":\"https:\/\/steelform.com\/wp-content\/uploads\/revslider\/corbusier-lc21-de\/steelform-logo-large-1.jpg\",\"width\":588,\"height\":588,\"caption\":\"steelform.com\"},\"image\":{\"@id\":\"https:\/\/steelform.com\/fr\/#\/schema\/logo\/image\/\"}}]}<\/script>\n<!-- \/ Yoast SEO plugin. -->","yoast_head_json":{"title":"Contact - steelform | the best reproductions of modern classic designer furniture","robots":{"index":"index","follow":"follow","max-snippet":"max-snippet:-1","max-image-preview":"max-image-preview:large","max-video-preview":"max-video-preview:-1"},"canonical":"https:\/\/steelform.com\/fr\/contact\/","og_locale":"fr_FR","og_type":"article","og_title":"Contact - steelform | the best reproductions of modern classic designer furniture","og_url":"https:\/\/steelform.com\/fr\/contact\/","og_site_name":"steelform | the best reproductions of modern classic designer furniture","article_modified_time":"2018-02-12T11:36:25+00:00","og_image":[{"width":1500,"height":1500,"url":"https:\/\/steelform.com\/wp-content\/uploads\/2017\/04\/lounge-ottoman-brown.jpg","type":"image\/jpeg"}],"twitter_card":"summary_large_image","twitter_misc":{"Dur\u00e9e de lecture estim\u00e9e":"2 minutes"},"schema":{"@context":"https:\/\/schema.org","@graph":[{"@type":"WebPage","@id":"https:\/\/steelform.com\/fr\/contact\/","url":"https:\/\/steelform.com\/fr\/contact\/","name":"Contact - steelform | the best reproductions of modern classic designer furniture","isPartOf":{"@id":"https:\/\/steelform.com\/fr\/#website"},"datePublished":"2017-04-11T08:43:13+00:00","dateModified":"2018-02-12T11:36:25+00:00","breadcrumb":{"@id":"https:\/\/steelform.com\/fr\/contact\/#breadcrumb"},"inLanguage":"fr-FR","potentialAction":[{"@type":"ReadAction","target":["https:\/\/steelform.com\/fr\/contact\/"]}]},{"@type":"BreadcrumbList","@id":"https:\/\/steelform.com\/fr\/contact\/#breadcrumb","itemListElement":[{"@type":"ListItem","position":1,"name":"Home","item":"https:\/\/steelform.com\/fr\/"},{"@type":"ListItem","position":2,"name":"Contact"}]},{"@type":"WebSite","@id":"https:\/\/steelform.com\/fr\/#website","url":"https:\/\/steelform.com\/fr\/","name":"steelform | the best reproductions of modern classic designer furniture","description":"true to original premium quality reproduction from Italy.","publisher":{"@id":"https:\/\/steelform.com\/fr\/#organization"},"potentialAction":[{"@type":"SearchAction","target":{"@type":"EntryPoint","urlTemplate":"https:\/\/steelform.com\/fr\/?s={search_term_string}"},"query-input":{"@type":"PropertyValueSpecification","valueRequired":true,"valueName":"search_term_string"}}],"inLanguage":"fr-FR"},{"@type":"Organization","@id":"https:\/\/steelform.com\/fr\/#organization","name":"steelform.com","url":"https:\/\/steelform.com\/fr\/","logo":{"@type":"ImageObject","inLanguage":"fr-FR","@id":"https:\/\/steelform.com\/fr\/#\/schema\/logo\/image\/","url":"https:\/\/steelform.com\/wp-content\/uploads\/revslider\/corbusier-lc21-de\/steelform-logo-large-1.jpg","contentUrl":"https:\/\/steelform.com\/wp-content\/uploads\/revslider\/corbusier-lc21-de\/steelform-logo-large-1.jpg","width":588,"height":588,"caption":"steelform.com"},"image":{"@id":"https:\/\/steelform.com\/fr\/#\/schema\/logo\/image\/"}}]}},"_links":{"self":[{"href":"https:\/\/steelform.com\/fr\/wp-json\/wp\/v2\/pages\/21955"}],"collection":[{"href":"https:\/\/steelform.com\/fr\/wp-json\/wp\/v2\/pages"}],"about":[{"href":"https:\/\/steelform.com\/fr\/wp-json\/wp\/v2\/types\/page"}],"author":[{"embeddable":true,"href":"https:\/\/steelform.com\/fr\/wp-json\/wp\/v2\/users\/1"}],"replies":[{"embeddable":true,"href":"https:\/\/steelform.com\/fr\/wp-json\/wp\/v2\/comments?post=21955"}],"version-history":[{"count":6,"href":"https:\/\/steelform.com\/fr\/wp-json\/wp\/v2\/pages\/21955\/revisions"}],"predecessor-version":[{"id":24276,"href":"https:\/\/steelform.com\/fr\/wp-json\/wp\/v2\/pages\/21955\/revisions\/24276"}],"wp:attachment":[{"href":"https:\/\/steelform.com\/fr\/wp-json\/wp\/v2\/media?parent=21955"}],"curies":[{"name":"wp","href":"https:\/\/api.w.org\/{rel}","templated":true}]}}