{"id":23095,"date":"2017-05-16T10:07:01","date_gmt":"2017-05-16T09:08:50","guid":{"rendered":"https:\/\/steelform.com\/?post_type=product&#038;p=23095\/"},"modified":"2017-05-16T11:12:35","modified_gmt":"2017-05-16T09:12:35","slug":"lampe-bauhaus","status":"publish","type":"product","link":"https:\/\/steelform.com\/fr\/produkt\/lampe-bauhaus\/","title":{"rendered":"Lampe Bauhaus"},"content":{"rendered":"<h1>La Lampe\u00a0Bauhaus est un accessoire bien d\u00e9sirable<\/h1>\n<p class=\"p1\"><span class=\"s1\">La lampe Bauhaus est une ic\u00f4ne du design du XX\u00e8 si\u00e8cle. Un \u00e9l\u00e9gant exemple de l\u00b4expression \u00ab\u00a0la forme suit la fonction\u00a0\u00bb.<\/span><\/p>\n\t<div id=\"gap-2075218824\" class=\"gap-element clearfix\" style=\"display:block; height:auto;\">\n\t\t\n<style>\n#gap-2075218824 {\n  padding-top: 50px;\n}\n<\/style>\n\t<\/div>\n\t\n\t<div class=\"img has-hover x md-x lg-x y md-y lg-y\" id=\"image_2073218997\">\n\t\t\t\t\t\t\t\t<div class=\"img-inner dark\" >\n\t\t\t<img loading=\"lazy\" decoding=\"async\" width=\"1020\" height=\"408\" src=\"https:\/\/steelform.com\/wp-content\/uploads\/2017\/05\/wagenfeld-lamp-EYECATCHER-1500x600.jpg\" class=\"attachment-large size-large\" alt=\"Bauhaus Lamp\" srcset=\"https:\/\/steelform.com\/wp-content\/uploads\/2017\/05\/wagenfeld-lamp-EYECATCHER-1500x600.jpg 1500w, https:\/\/steelform.com\/wp-content\/uploads\/2017\/05\/wagenfeld-lamp-EYECATCHER-247x99.jpg 247w, https:\/\/steelform.com\/wp-content\/uploads\/2017\/05\/wagenfeld-lamp-EYECATCHER-510x204.jpg 510w, https:\/\/steelform.com\/wp-content\/uploads\/2017\/05\/wagenfeld-lamp-EYECATCHER-300x120.jpg 300w, https:\/\/steelform.com\/wp-content\/uploads\/2017\/05\/wagenfeld-lamp-EYECATCHER-768x307.jpg 768w, https:\/\/steelform.com\/wp-content\/uploads\/2017\/05\/wagenfeld-lamp-EYECATCHER.jpg 2000w\" sizes=\"(max-width: 1020px) 100vw, 1020px\" \/>\t\t\t\t\t\t\n\t\t\t\t\t<\/div>\n\t\t\t\t\t\t\t\t\n<style>\n#image_2073218997 {\n  width: 100%;\n}\n<\/style>\n\t<\/div>\n\t\n\t<div id=\"gap-1378818991\" class=\"gap-element clearfix\" style=\"display:block; height:auto;\">\n\t\t\n<style>\n#gap-1378818991 {\n  padding-top: 50px;\n}\n<\/style>\n\t<\/div>\n\t\n<h1>On vous\u00a0donne une Lampe Bauhaus\u00a0de cadeau!<\/h1>\n<p class=\"p1\">Pour un temps limit\u00e9 on ajoutera une Lampe gratuite \u00e0 chaque commande d&rsquo;une valeur de plus de 1.200\u20ac<\/p>\n\t<div id=\"gap-1525708074\" class=\"gap-element clearfix\" style=\"display:block; height:auto;\">\n\t\t\n<style>\n#gap-1525708074 {\n  padding-top: 50px;\n}\n<\/style>\n\t<\/div>\n\t\n\t<div class=\"img has-hover x md-x lg-x y md-y lg-y\" id=\"image_1391923806\">\n\t\t\t\t\t\t\t\t<div class=\"img-inner dark\" >\n\t\t\t<img loading=\"lazy\" decoding=\"async\" width=\"1020\" height=\"408\" src=\"https:\/\/steelform.com\/wp-content\/uploads\/2017\/05\/wagenfeld-lamp-AMBIENTE-1500x600.jpg\" class=\"attachment-large size-large\" alt=\"Bauhaus Lamp Ambiente\" srcset=\"https:\/\/steelform.com\/wp-content\/uploads\/2017\/05\/wagenfeld-lamp-AMBIENTE-1500x600.jpg 1500w, https:\/\/steelform.com\/wp-content\/uploads\/2017\/05\/wagenfeld-lamp-AMBIENTE-247x99.jpg 247w, https:\/\/steelform.com\/wp-content\/uploads\/2017\/05\/wagenfeld-lamp-AMBIENTE-510x204.jpg 510w, https:\/\/steelform.com\/wp-content\/uploads\/2017\/05\/wagenfeld-lamp-AMBIENTE-300x120.jpg 300w, https:\/\/steelform.com\/wp-content\/uploads\/2017\/05\/wagenfeld-lamp-AMBIENTE-768x307.jpg 768w, https:\/\/steelform.com\/wp-content\/uploads\/2017\/05\/wagenfeld-lamp-AMBIENTE.jpg 2000w\" sizes=\"(max-width: 1020px) 100vw, 1020px\" \/>\t\t\t\t\t\t\n\t\t\t\t\t<\/div>\n\t\t\t\t\t\t\t\t\n<style>\n#image_1391923806 {\n  width: 100%;\n}\n<\/style>\n\t<\/div>\n\t\n","protected":false},"excerpt":{"rendered":"<p class=\"p1\"><span class=\"s1\">Hauteur: 38\u00a0cm Diam\u00e8tre de l&rsquo;abat-jour: 26 cm<\/span><\/p>\n<p class=\"p1\"><span class=\"s1\">Ampoules: 1 x 40W E27<\/span><\/p>\n","protected":false},"featured_media":23078,"template":"","meta":{"qubely_global_settings":"","qubely_interactions":""},"product_cat":[483],"product_tag":[],"class_list":{"0":"post-23095","1":"product","2":"type-product","3":"status-publish","4":"has-post-thumbnail","6":"product_cat-unkategorisiert","8":"first","9":"instock","10":"shipping-taxable","11":"purchasable","12":"product-type-simple"},"yoast_head":"<!-- This site is optimized with the Yoast SEO plugin v23.4 - https:\/\/yoast.com\/wordpress\/plugins\/seo\/ -->\n<title>Lampe Bauhaus - steelform | the best reproductions of modern classic designer furniture<\/title>\n<meta name=\"description\" content=\"R\u00e9\u00e9dition authentique de la Lampe Bauhaus cr\u00e9e par Wilhelm Wagenfeld. Produite en Italie.\" \/>\n<meta name=\"robots\" content=\"index, follow, max-snippet:-1, max-image-preview:large, max-video-preview:-1\" \/>\n<link rel=\"canonical\" href=\"https:\/\/steelform.com\/fr\/produkt\/lampe-bauhaus\/\" \/>\n<meta property=\"og:locale\" content=\"fr_FR\" \/>\n<meta property=\"og:type\" content=\"article\" \/>\n<meta property=\"og:title\" content=\"Lampe Bauhaus - steelform | the best reproductions of modern classic designer furniture\" \/>\n<meta property=\"og:description\" content=\"R\u00e9\u00e9dition authentique de la Lampe Bauhaus cr\u00e9e par Wilhelm Wagenfeld. Produite en Italie.\" \/>\n<meta property=\"og:url\" content=\"https:\/\/steelform.com\/fr\/produkt\/lampe-bauhaus\/\" \/>\n<meta property=\"og:site_name\" content=\"steelform | the best reproductions of modern classic designer furniture\" \/>\n<meta property=\"article:modified_time\" content=\"2017-05-16T09:12:35+00:00\" \/>\n<meta property=\"og:image\" content=\"https:\/\/steelform.com\/wp-content\/uploads\/2017\/05\/wagenfeld-lamp-MAIN.jpg\" \/>\n\t<meta property=\"og:image:width\" content=\"1500\" \/>\n\t<meta property=\"og:image:height\" content=\"1500\" \/>\n\t<meta property=\"og:image:type\" content=\"image\/jpeg\" \/>\n<meta name=\"twitter:card\" content=\"summary_large_image\" \/>\n<script type=\"application\/ld+json\" class=\"yoast-schema-graph\">{\"@context\":\"https:\/\/schema.org\",\"@graph\":[{\"@type\":\"WebPage\",\"@id\":\"https:\/\/steelform.com\/fr\/produkt\/lampe-bauhaus\/\",\"url\":\"https:\/\/steelform.com\/fr\/produkt\/lampe-bauhaus\/\",\"name\":\"Lampe Bauhaus - steelform | the best reproductions of modern classic designer furniture\",\"isPartOf\":{\"@id\":\"https:\/\/steelform.com\/fr\/#website\"},\"primaryImageOfPage\":{\"@id\":\"https:\/\/steelform.com\/fr\/produkt\/lampe-bauhaus\/#primaryimage\"},\"image\":{\"@id\":\"https:\/\/steelform.com\/fr\/produkt\/lampe-bauhaus\/#primaryimage\"},\"thumbnailUrl\":\"https:\/\/steelform.com\/wp-content\/uploads\/2017\/05\/wagenfeld-lamp-MAIN.jpg\",\"datePublished\":\"2017-05-16T09:08:50+00:00\",\"dateModified\":\"2017-05-16T09:12:35+00:00\",\"description\":\"R\u00e9\u00e9dition authentique de la Lampe Bauhaus cr\u00e9e par Wilhelm Wagenfeld. Produite en Italie.\",\"breadcrumb\":{\"@id\":\"https:\/\/steelform.com\/fr\/produkt\/lampe-bauhaus\/#breadcrumb\"},\"inLanguage\":\"fr-FR\",\"potentialAction\":[{\"@type\":\"ReadAction\",\"target\":[\"https:\/\/steelform.com\/fr\/produkt\/lampe-bauhaus\/\"]}]},{\"@type\":\"ImageObject\",\"inLanguage\":\"fr-FR\",\"@id\":\"https:\/\/steelform.com\/fr\/produkt\/lampe-bauhaus\/#primaryimage\",\"url\":\"https:\/\/steelform.com\/wp-content\/uploads\/2017\/05\/wagenfeld-lamp-MAIN.jpg\",\"contentUrl\":\"https:\/\/steelform.com\/wp-content\/uploads\/2017\/05\/wagenfeld-lamp-MAIN.jpg\",\"width\":1500,\"height\":1500},{\"@type\":\"BreadcrumbList\",\"@id\":\"https:\/\/steelform.com\/fr\/produkt\/lampe-bauhaus\/#breadcrumb\",\"itemListElement\":[{\"@type\":\"ListItem\",\"position\":1,\"name\":\"Home\",\"item\":\"https:\/\/steelform.com\/fr\/\"},{\"@type\":\"ListItem\",\"position\":2,\"name\":\"Boutique\",\"item\":\"https:\/\/steelform.com\/fr\/boutique\/\"},{\"@type\":\"ListItem\",\"position\":3,\"name\":\"Lampe Bauhaus\"}]},{\"@type\":\"WebSite\",\"@id\":\"https:\/\/steelform.com\/fr\/#website\",\"url\":\"https:\/\/steelform.com\/fr\/\",\"name\":\"steelform | the best reproductions of modern classic designer furniture\",\"description\":\"true to original premium quality reproduction from Italy.\",\"publisher\":{\"@id\":\"https:\/\/steelform.com\/fr\/#organization\"},\"potentialAction\":[{\"@type\":\"SearchAction\",\"target\":{\"@type\":\"EntryPoint\",\"urlTemplate\":\"https:\/\/steelform.com\/fr\/?s={search_term_string}\"},\"query-input\":{\"@type\":\"PropertyValueSpecification\",\"valueRequired\":true,\"valueName\":\"search_term_string\"}}],\"inLanguage\":\"fr-FR\"},{\"@type\":\"Organization\",\"@id\":\"https:\/\/steelform.com\/fr\/#organization\",\"name\":\"steelform.com\",\"url\":\"https:\/\/steelform.com\/fr\/\",\"logo\":{\"@type\":\"ImageObject\",\"inLanguage\":\"fr-FR\",\"@id\":\"https:\/\/steelform.com\/fr\/#\/schema\/logo\/image\/\",\"url\":\"https:\/\/steelform.com\/wp-content\/uploads\/revslider\/corbusier-lc21-de\/steelform-logo-large-1.jpg\",\"contentUrl\":\"https:\/\/steelform.com\/wp-content\/uploads\/revslider\/corbusier-lc21-de\/steelform-logo-large-1.jpg\",\"width\":588,\"height\":588,\"caption\":\"steelform.com\"},\"image\":{\"@id\":\"https:\/\/steelform.com\/fr\/#\/schema\/logo\/image\/\"}}]}<\/script>\n<!-- \/ Yoast SEO plugin. -->","yoast_head_json":{"title":"Lampe Bauhaus - steelform | the best reproductions of modern classic designer furniture","description":"R\u00e9\u00e9dition authentique de la Lampe Bauhaus cr\u00e9e par Wilhelm Wagenfeld. Produite en Italie.","robots":{"index":"index","follow":"follow","max-snippet":"max-snippet:-1","max-image-preview":"max-image-preview:large","max-video-preview":"max-video-preview:-1"},"canonical":"https:\/\/steelform.com\/fr\/produkt\/lampe-bauhaus\/","og_locale":"fr_FR","og_type":"article","og_title":"Lampe Bauhaus - steelform | the best reproductions of modern classic designer furniture","og_description":"R\u00e9\u00e9dition authentique de la Lampe Bauhaus cr\u00e9e par Wilhelm Wagenfeld. Produite en Italie.","og_url":"https:\/\/steelform.com\/fr\/produkt\/lampe-bauhaus\/","og_site_name":"steelform | the best reproductions of modern classic designer furniture","article_modified_time":"2017-05-16T09:12:35+00:00","og_image":[{"width":1500,"height":1500,"url":"https:\/\/steelform.com\/wp-content\/uploads\/2017\/05\/wagenfeld-lamp-MAIN.jpg","type":"image\/jpeg"}],"twitter_card":"summary_large_image","schema":{"@context":"https:\/\/schema.org","@graph":[{"@type":"WebPage","@id":"https:\/\/steelform.com\/fr\/produkt\/lampe-bauhaus\/","url":"https:\/\/steelform.com\/fr\/produkt\/lampe-bauhaus\/","name":"Lampe Bauhaus - steelform | the best reproductions of modern classic designer furniture","isPartOf":{"@id":"https:\/\/steelform.com\/fr\/#website"},"primaryImageOfPage":{"@id":"https:\/\/steelform.com\/fr\/produkt\/lampe-bauhaus\/#primaryimage"},"image":{"@id":"https:\/\/steelform.com\/fr\/produkt\/lampe-bauhaus\/#primaryimage"},"thumbnailUrl":"https:\/\/steelform.com\/wp-content\/uploads\/2017\/05\/wagenfeld-lamp-MAIN.jpg","datePublished":"2017-05-16T09:08:50+00:00","dateModified":"2017-05-16T09:12:35+00:00","description":"R\u00e9\u00e9dition authentique de la Lampe Bauhaus cr\u00e9e par Wilhelm Wagenfeld. Produite en Italie.","breadcrumb":{"@id":"https:\/\/steelform.com\/fr\/produkt\/lampe-bauhaus\/#breadcrumb"},"inLanguage":"fr-FR","potentialAction":[{"@type":"ReadAction","target":["https:\/\/steelform.com\/fr\/produkt\/lampe-bauhaus\/"]}]},{"@type":"ImageObject","inLanguage":"fr-FR","@id":"https:\/\/steelform.com\/fr\/produkt\/lampe-bauhaus\/#primaryimage","url":"https:\/\/steelform.com\/wp-content\/uploads\/2017\/05\/wagenfeld-lamp-MAIN.jpg","contentUrl":"https:\/\/steelform.com\/wp-content\/uploads\/2017\/05\/wagenfeld-lamp-MAIN.jpg","width":1500,"height":1500},{"@type":"BreadcrumbList","@id":"https:\/\/steelform.com\/fr\/produkt\/lampe-bauhaus\/#breadcrumb","itemListElement":[{"@type":"ListItem","position":1,"name":"Home","item":"https:\/\/steelform.com\/fr\/"},{"@type":"ListItem","position":2,"name":"Boutique","item":"https:\/\/steelform.com\/fr\/boutique\/"},{"@type":"ListItem","position":3,"name":"Lampe Bauhaus"}]},{"@type":"WebSite","@id":"https:\/\/steelform.com\/fr\/#website","url":"https:\/\/steelform.com\/fr\/","name":"steelform | the best reproductions of modern classic designer furniture","description":"true to original premium quality reproduction from Italy.","publisher":{"@id":"https:\/\/steelform.com\/fr\/#organization"},"potentialAction":[{"@type":"SearchAction","target":{"@type":"EntryPoint","urlTemplate":"https:\/\/steelform.com\/fr\/?s={search_term_string}"},"query-input":{"@type":"PropertyValueSpecification","valueRequired":true,"valueName":"search_term_string"}}],"inLanguage":"fr-FR"},{"@type":"Organization","@id":"https:\/\/steelform.com\/fr\/#organization","name":"steelform.com","url":"https:\/\/steelform.com\/fr\/","logo":{"@type":"ImageObject","inLanguage":"fr-FR","@id":"https:\/\/steelform.com\/fr\/#\/schema\/logo\/image\/","url":"https:\/\/steelform.com\/wp-content\/uploads\/revslider\/corbusier-lc21-de\/steelform-logo-large-1.jpg","contentUrl":"https:\/\/steelform.com\/wp-content\/uploads\/revslider\/corbusier-lc21-de\/steelform-logo-large-1.jpg","width":588,"height":588,"caption":"steelform.com"},"image":{"@id":"https:\/\/steelform.com\/fr\/#\/schema\/logo\/image\/"}}]}},"_links":{"self":[{"href":"https:\/\/steelform.com\/fr\/wp-json\/wp\/v2\/product\/23095"}],"collection":[{"href":"https:\/\/steelform.com\/fr\/wp-json\/wp\/v2\/product"}],"about":[{"href":"https:\/\/steelform.com\/fr\/wp-json\/wp\/v2\/types\/product"}],"wp:featuredmedia":[{"embeddable":true,"href":"https:\/\/steelform.com\/fr\/wp-json\/wp\/v2\/media\/23078"}],"wp:attachment":[{"href":"https:\/\/steelform.com\/fr\/wp-json\/wp\/v2\/media?parent=23095"}],"wp:term":[{"taxonomy":"product_cat","embeddable":true,"href":"https:\/\/steelform.com\/fr\/wp-json\/wp\/v2\/product_cat?post=23095"},{"taxonomy":"product_tag","embeddable":true,"href":"https:\/\/steelform.com\/fr\/wp-json\/wp\/v2\/product_tag?post=23095"}],"curies":[{"name":"wp","href":"https:\/\/api.w.org\/{rel}","templated":true}]}}